{"id":33,"date":"2025-04-06T17:11:33","date_gmt":"2025-04-06T17:11:33","guid":{"rendered":"https:\/\/documents.ge\/it\/certificato-di-divorzio-georgia\/"},"modified":"2025-04-06T17:11:33","modified_gmt":"2025-04-06T17:11:33","slug":"certificato-di-divorzio-georgia","status":"publish","type":"page","link":"https:\/\/documents.ge\/it\/certificato-di-divorzio-georgia\/","title":{"rendered":"Certificato di divorzio &#8211; Georgia"},"content":{"rendered":"<p>&#8220;`html<\/p>\n<p><span style=\"color: var(--contrast); font-family: inherit; font-size: 35px; font-style: inherit; background-color: var(--base-3);\">Cos&#8217;\u00e8 un certificato di divorzio?<\/span><\/p>\n<article>\n<section>\n<p><strong>Il certificato di divorzio (o attestato di scioglimento del matrimonio)<\/strong> \u00e8 un documento ufficiale, rilasciato dagli uffici di registrazione civile in Georgia, che attesta lo scioglimento del matrimonio tra due persone. Nel certificato sono indicati i dati principali degli ex coniugi, la data e il luogo del divorzio, nonch\u00e9 il numero dell&#8217;atto di divorzio.<\/p>\n<\/section>\n<section>\n<h2>Processo per ottenere il certificato di divorzio<\/h2>\n<p>Per ottenere un certificato di divorzio in Georgia, \u00e8 necessario presentare una domanda all&#8217;ufficio di registrazione civile competente. La domanda deve essere accompagnata dai documenti necessari, come:<\/p>\n<ul>\n<li>Passaporti di entrambi i coniugi<\/li>\n<li>Certificato di matrimonio<\/li>\n<li>Sentenza di divorzio (se applicabile)<\/li>\n<\/ul>\n<p>Dopo l&#8217;elaborazione della domanda e la verifica dei documenti, l&#8217;ufficio di registrazione civile rilascer\u00e0 il certificato di divorzio.<\/p>\n<\/section>\n<section>\n<h2>Importanza del certificato di divorzio<\/h2>\n<p>Il certificato di divorzio \u00e8 necessario per confermare ufficialmente lo scioglimento del matrimonio e pu\u00f2 essere richiesto per varie procedure legali e amministrative, come il cambio di cognome, la successione ereditaria, un nuovo matrimonio, ecc.<\/p>\n<\/section>\n<\/article>\n<p>L&#8217;ottenimento di un certificato di divorzio o di un suo duplicato in Georgia richiede solitamente fino a due settimane. \u00c8 possibile richiedere una procedura accelerata in 1-2 giorni lavorativi con un tariffario maggiorato. La velocit\u00e0 di rilascio dipende dalle esigenze individuali del cliente.<\/p>\n<h3 class=\"wp-block-heading\"><strong>Testo del certificato di divorzio georgiano. Cosa \u00e8 scritto nel certificato di divorzio in Georgia<\/strong>. In lingua georgiana<\/h3>\n<article>\n<section>\n<table border=\"1\">\n<tbody>\n<tr>\n<td>\u10e1\u10d0\u10ee\u10d4\u10da\u10d8<\/td>\n<td>\u25a0\u25a0\u25a0\u25a0\u25a0<\/td>\n<\/tr>\n<tr>\n<td>\u10d2\u10d5\u10d0\u10e0\u10d8<\/td>\n<td>\u25a0\u25a0\u25a0\u25a0\u25a0\u25a0\u25a0\u25a0\u25a0\u25a0<\/td>\n<\/tr>\n<tr>\n<td>\u10de\u10d8\u10e0\u10d0\u10d3\u10d8 \u10dc\u10dd\u10db\u10d4\u10e0\u10d8<\/td>\n<td>\u25a0\u25a0\u25a0\u25a0\u25a0\u25a0\u25a0\u25a0\u25a0\u25a0<\/td>\n<\/tr>\n<tr>\n<td>\u10db\u10dd\u10e5\u10d0\u10da\u10d0\u10e5\u10d4\u10dd\u10d1\u10d0<\/td>\n<td>\u10e1\u10d0\u10e5\u10d0\u10e0\u10d7\u10d5\u10d4\u10da\u10dd<\/td>\n<\/tr>\n<tr>\n<td>\u10e1\u10d0\u10ee\u10d4\u10da\u10d8<\/td>\n<td>\u25a0\u25a0\u25a0\u25a0\u25a0<\/td>\n<\/tr>\n<tr>\n<td>\u10d2\u10d5\u10d0\u10e0\u10d8<\/td>\n<td>\u25a0\u25a0\u25a0\u25a0\u25a0\u25a0\u25a0\u25a0\u25a0\u25a0<\/td>\n<\/tr>\n<tr>\n<td>\u10de\u10d8\u10e0\u10d0\u10d3\u10d8 \u10dc\u10dd\u10db\u10d4\u10e0\u10d8<\/td>\n<td>\u25a0\u25a0\u25a0\u25a0\u25a0\u25a0\u25a0\u25a0\u25a0\u25a0<\/td>\n<\/tr>\n<tr>\n<td>\u10db\u10dd\u10e5\u10d0\u10da\u10d0\u10e5\u10d4\u10dd\u10d1\u10d0<\/td>\n<td>\u10e1\u10d0\u10e5\u10d0\u10e0\u10d7\u10d5\u10d4\u10da\u10dd<\/td>\n<\/tr>\n<tr>\n<td>\u10d3\u10d0\u10d1\u10d0\u10d3\u10d4\u10d1\u10d8\u10e1 \u10d7\u10d0\u10e0\u10d8\u10e6\u10d8<\/td>\n<td>14 \u10e1\u10d4\u10e5\u10e2\u10d4\u10db\u10d1\u10d4\u10e0\u10d8 1966 \u10ec\u10d4\u10da\u10d8<\/td>\n<\/tr>\n<tr>\n<td>\u10d3\u10d0\u10d1\u10d0\u10d3\u10d4\u10d1\u10d8\u10e1 \u10d7\u10d0\u10e0\u10d8\u10e6\u10d8<\/td>\n<td>17 \u10d0\u10de\u10e0\u10d8\u10da\u10d8 1961 \u10ec\u10d4\u10da\u10d8<\/td>\n<\/tr>\n<tr>\n<td>\u10d2\u10d0\u10dc\u10e5\u10dd\u10e0\u10ec\u10d8\u10dc\u10d4\u10d1\u10d8\u10e1 \u10e0\u10d4\u10d2\u10d8\u10e1\u10e2\u10e0\u10d0\u10ea\u10d8\u10d8\u10e1 \u10d7\u10d0\u10e0\u10d8\u10e6\u10d8<\/td>\n<td>7 \u10dc\u10dd\u10d4\u10db\u10d1\u10d4\u10e0\u10d8 2023 \u10ec\u10d4\u10da\u10d8<\/td>\n<\/tr>\n<tr>\n<td>\u10d0\u10e5\u10e2\u10d8\u10e1 \u10e9\u10d0\u10dc\u10d0\u10ec\u10d4\u10e0\u10d8<\/td>\n<td>7 \u10dc\u10dd\u10d4\u10db\u10d1\u10d4\u10e0\u10d8 2023 \u10ec\u10d4\u10da\u10d8<\/td>\n<\/tr>\n<tr>\n<td>\u10e5\u10dd\u10e0\u10ec\u10d8\u10dc\u10d4\u10d1\u10d8\u10e1 \u10e8\u10d4\u10ec\u10e7\u10d5\u10d4\u10e2\u10d8\u10e1 \u10d7\u10d0\u10e0\u10d8\u10e6\u10d8<\/td>\n<td>7 \u10dc\u10dd\u10d4\u10db\u10d1\u10d4\u10e0\u10d8 2023 \u10ec\u10d4\u10da\u10d8<\/td>\n<\/tr>\n<tr>\n<td>\u10db\u10dd\u10ec\u10db\u10dd\u10d1\u10d8\u10e1 N<\/td>\n<td>\u25a0\u25a0\u25a0\u25a0\u25a0\u25a0\u25a0\u25a0\u25a0\u25a0<\/td>\n<\/tr>\n<tr>\n<td>\u10db\u10dd\u10ec\u10db\u10dd\u10d1\u10d8\u10e1 \u10d2\u10d0\u10db\u10ea\u10d4\u10db\u10d8 \u10dd\u10e0\u10d2\u10d0\u10dc\u10dd<\/td>\n<td>\u10e1\u10e1\u10d2\u10e1 \u10d7\u10d1\u10d8\u10da\u10d8\u10e1\u10d8\u10e1 \u10e1\u10d0\u10db\u10dd\u10e5\u10d0\u10da\u10d0\u10e5\u10dd \u10e0\u10d4\u10d4\u10e1\u10e2\u10e0\u10d8\u10e1 \u10e1\u10d0\u10db\u10e1\u10d0\u10ee\u10e3\u10e0\u10d8<\/td>\n<\/tr>\n<tr>\n<td>\u10e3\u10e4\u10da\u10d4\u10d1\u10d0\u10db\u10dd\u10e1\u10d8\u10da\u10d8 \u10de\u10d8\u10e0\u10d8<\/td>\n<td>\u25a0\u25a0\u25a0\u25a0\u25a0\u25a0\u25a0\u25a0\u25a0\u25a0<\/td>\n<\/tr>\n<\/tbody>\n<\/table>\n<\/section>\n<\/article>\n<h3 class=\"wp-block-heading\"><strong>Certificato di divorzio dalla Georgia in russo. Traduzione del certificato in russo<\/strong><\/h3>\n<p><strong>Si noti che il certificato di divorzio in Georgia viene rilasciato solo in lingua georgiana. <\/strong><\/p>\n<h3 class=\"wp-block-heading\">Repubblica di Georgia<\/h3>\n<h3 class=\"wp-block-heading\">Certificato di divorzio<\/h3>\n<figure class=\"wp-block-table\">\n<table>\n<tbody>\n<tr>\n<td>Nome<\/td>\n<td>\u25a0\u25a0\u25a0\u25a0\u25a0<\/td>\n<\/tr>\n<tr>\n<td>Cognome<\/td>\n<td>\u25a0\u25a0\u25a0\u25a0\u25a0\u25a0\u25a0\u25a0\u25a0\u25a0<\/td>\n<\/tr>\n<tr>\n<td>Numero personale<\/td>\n<td>\u25a0\u25a0\u25a0\u25a0\u25a0\u25a0\u25a0\u25a0\u25a0\u25a0<\/td>\n<\/tr>\n<tr>\n<td>Cittadinanza<\/td>\n<td>Georgia<\/td>\n<\/tr>\n<tr>\n<td>Nome<\/td>\n<td>\u25a0\u25a0\u25a0\u25a0\u25a0<\/td>\n<\/tr>\n<tr>\n<td>Cognome<\/td>\n<td>\u25a0\u25a0\u25a0\u25a0\u25a0\u25a0\u25a0\u25a0\u25a0\u25a0<\/td>\n<\/tr>\n<tr>\n<td>Numero personale<\/td>\n<td>\u25a0\u25a0\u25a0\u25a0\u25a0\u25a0\u25a0\u25a0\u25a0\u25a0<\/td>\n<\/tr>\n<tr>\n<td>Cittadinanza<\/td>\n<td>Georgia<\/td>\n<\/tr>\n<tr>\n<td>Data di nascita<\/td>\n<td>14 settembre 1966<\/td>\n<\/tr>\n<tr>\n<td>Data di nascita<\/td>\n<td>17 aprile 1961<\/td>\n<\/tr>\n<tr>\n<td>Data di registrazione del divorzio<\/td>\n<td>7 novembre 2023<\/td>\n<\/tr>\n<tr>\n<td>Registrazione dell&#8217;atto<\/td>\n<td>7 novembre 2023<\/td>\n<\/tr>\n<tr>\n<td>Data di scioglimento del matrimonio<\/td>\n<td>7 novembre 2023<\/td>\n<\/tr>\n<tr>\n<td>Numero del certificato<\/td>\n<td>\u25a0\u25a0\u25a0\u25a0\u25a0\u25a0\u25a0\u25a0\u25a0\u25a0<\/td>\n<\/tr>\n<tr>\n<td>Autorit\u00e0 emittente<\/td>\n<td>Ufficio del registro civile di Tbilisi<\/td>\n<\/tr>\n<tr>\n<td>Persona autorizzata<\/td>\n<td>\u25a0\u25a0\u25a0\u25a0\u25a0\u25a0\u25a0\u25a0\u25a0\u25a0<\/td>\n<\/tr>\n<\/tbody>\n<\/table>\n<\/figure>\n<p><strong><span style=\"text-decoration: underline;\">Attenzione!<\/span> Nel certificato di matrimonio della Georgia, come nella maggior parte dei paesi del mondo, <span style=\"text-decoration: underline;\">NON VIENE INDICATO IL PATRONIMICO<\/span> dei coniugi. Il patronimico non \u00e8 presente nei certificati georgiani e non va richiesto.<\/strong><\/p>\n<div class=\"gb-container gb-container-41368809\">\n<p><strong><span style=\"text-decoration: underline;\">Attenzione!<\/span> Nel certificato di nascita georgiano, come nella maggior parte dei paesi del mondo, <span style=\"text-decoration: underline;\">NON VIENE INDICATA LA NAZIONALIT\u00c0<\/span> n\u00e9 dei genitori n\u00e9 del nato. <span style=\"text-decoration: underline;\">Se avete bisogno di un documento separato sulla nazionalit\u00e0, contattate la nostra agenzia.<\/span><\/strong><\/p>\n<\/div>\n<p><span style=\"text-decoration: underline;\"><em>Potete fare riferimento al certificato di divorzio del vecchio modello sovietico, in cui erano indicati il patronimico e la nazionalit\u00e0. Tenete presente che <strong>il formato del certificato \u00e8 cambiato e viene rilasciato secondo il modello approvato legalmente in Georgia.<\/strong><\/em><\/span><\/p>\n<h3 class=\"wp-block-heading\"><strong>Esempio \u2014 certificato di divorzio della Georgia. Come si presenta un certificato di scioglimento del matrimonio dalla Georgia<\/strong><\/h3>\n<figure class=\"wp-block-image size-full\"><img alt=\"Certificato di divorzio o attestato di scioglimento del matrimonio Georgia. Documento del nuovo modello\" class=\"wp-image-521 lazyload\" data-sizes=\"(max-width: 900px) 100vw, 900px\" data-src=\"https:\/\/documents.ge\/wp-content\/uploads\/2024\/08\/\u0421\u0432\u0438\u0434\u0435\u0442\u0435\u043b\u044c\u0441\u0442\u0432\u043e-\u043e-\u0440\u0430\u0437\u0432\u043e\u0434\u0435-\u0413\u0440\u0443\u0437\u0438\u044f.png\" data-srcset=\"https:\/\/documents.ge\/wp-content\/uploads\/2024\/08\/\u0421\u0432\u0438\u0434\u0435\u0442\u0435\u043b\u044c\u0441\u0442\u0432\u043e-\u043e-\u0440\u0430\u0437\u0432\u043e\u0434\u0435-\u0413\u0440\u0443\u0437\u0438\u044f.png 900w, https:\/\/documents.ge\/wp-content\/uploads\/2024\/08\/\u0421\u0432\u0438\u0434\u0435\u0442\u0435\u043b\u044c\u0441\u0442\u0432\u043e-\u043e-\u0440\u0430\u0437\u0432\u043e\u0434\u0435-\u0413\u0440\u0443\u0437\u0438\u044f-212x300.png 212w, https:\/\/documents.ge\/wp-content\/uploads\/2024\/08\/\u0421\u0432\u0438\u0434\u0435\u0442\u0435\u043b\u044c\u0441\u0442\u0432\u043e-\u043e-\u0440\u0430\u0437\u0432\u043e\u0434\u0435-\u0413\u0440\u0443\u0437\u0438\u044f-725x1024.png 725w, https:\/\/documents.ge\/wp-content\/uploads\/2024\/08\/\u0421\u0432\u0438\u0434\u0435\u0442\u0435\u043b\u044c\u0441\u0442\u0432\u043e-\u043e-\u0440\u0430\u0437\u0432\u043e\u0434\u0435-\u0413\u0440\u0443\u0437\u0438\u044f-768x1085.png 768w\" decoding=\"async\" height=\"1272\" src=\"data:image\/gif;base64,R0lGODlhAQABAAAAACH5BAEKAAEALAAAAAABAAEAAAICTAEAOw==\" style=\"--smush-placeholder-width: 900px; --smush-placeholder-aspect-ratio: 900\/1272;\" title=\"Certificato di divorzio Georgia\" width=\"900\"\/><figcaption class=\"wp-element-caption\">Il certificato di divorzio viene rilasciato senza timbro a umido e firma. Tale attestato di scioglimento del matrimonio in Georgia \u00e8 firmato con firma digitale del funzionario. La nostra agenzia ottiene inoltre un timbro blu a umido su questo documento con la data di rilascio e la firma del funzionario<\/figcaption><\/figure>\n<h3 class=\"wp-block-heading\">Il certificato di divorzio \u00e8 necessario per:<\/h3>\n<ul class=\"wp-block-list\">\n<li>Confermare il fatto dello scioglimento del matrimonio<\/li>\n<li>Ottenere la cittadinanza georgiana o di altri paesi<\/li>\n<li>Utilizzarlo come documento che attesta lo stato civile<\/li>\n<li>Ottenere un permesso di soggiorno in Georgia o all&#8217;estero<\/li>\n<li>Confermare il cambio di stato civile in vari documenti<\/li>\n<li>Procedere con la successione ereditaria<\/li>\n<li>Adozione o affidamento<\/li>\n<li>Ottenere benefici e servizi sociali<\/li>\n<\/ul>\n<h3 class=\"wp-block-heading\">Il certificato di divorzio \u00e8 richiesto nei seguenti casi:<\/h3>\n<ul class=\"wp-block-list\">\n<li>Contrarre un nuovo matrimonio<\/li>\n<li>Richiedere la pensione<\/li>\n<li>Procedure di immigrazione ed emigrazione<\/li>\n<li>Cambio di cognome o altri dati nei documenti<\/li>\n<li>Registrazione dei diritti di propriet\u00e0<\/li>\n<\/ul>\n<h3 class=\"wp-block-heading\">Dove \u00e8 possibile ottenere il certificato di divorzio in Georgia:<\/h3>\n<p>Il certificato di divorzio in Georgia pu\u00f2 essere richiesto a Tbilisi, presso la Casa della Giustizia. In caso di errori nei registri o di assenza di dati negli archivi, \u00e8 necessario rivolgersi all&#8217;ufficio di stato civile dove \u00e8 stato registrato il divorzio.<\/p>\n<h3 class=\"wp-block-heading\">Se \u00e8 richiesto un certificato di divorzio dalla Georgia, ma il divorzio non \u00e8 avvenuto in Georgia:<\/h3>\n<p>In questi casi, la Georgia non rilascia il certificato di divorzio. Ma se \u00e8 necessario confermare lo stato di persona non sposata e divorziata, bisogner\u00e0 presentare un documento di scioglimento del matrimonio dall&#8217;estero. L&#8217;originale del certificato di divorzio deve essere presentato in Georgia.<\/p>\n<h3 class=\"wp-block-heading\">Cosa fare se avete un vecchio certificato di divorzio, ma ne serve uno nuovo?<\/h3>\n<p>Se avete un vecchio modello di certificato di divorzio georgiano, potrebbe non essere accettato in alcuni paesi. Tali documenti non possono essere apostillati o legalizzati presso i consolati. In questo caso, \u00e8 necessario richiedere un duplicato. Il duplicato ha lo stesso valore legale dell&#8217;originale e sar\u00e0 indicato che si tratta di un duplicato. Ci\u00f2 non comporta conseguenze legali.<\/p>\n<h3 class=\"wp-block-heading\">Posso ottenere il certificato di divorzio in russo?<\/h3>\n<p>Purtroppo, non \u00e8 possibile ottenere il certificato di divorzio in cirillico. Tali documenti hanno perso validit\u00e0 dopo la dissoluzione dell&#8217;URSS. Vengono rilasciati duplicati o estratti dal registro degli atti. Tutti i documenti ufficiali in Georgia sono redatti in lingua georgiana. Se nel documento sono indicati i nomi in cirillico, saranno traslitterati in georgiano secondo le regole linguistiche, ovvero le regole di traslitterazione e le leggi pertinenti.<\/p>\n<h3 class=\"wp-block-heading\">Posso ottenere il certificato di divorzio in russo?<\/h3>\n<p>In Georgia, la lingua ufficiale \u00e8 il georgiano. Tutta la documentazione \u00e8 redatta in georgiano. Pertanto, il vostro certificato di divorzio sar\u00e0 in georgiano, conforme alle regole di scrittura. Se avete bisogno di una traduzione del documento in russo, dovrete rivolgervi a un traduttore autorizzato in Georgia o nel paese in cui presenterete il documento.<\/p>\n<h3 class=\"wp-block-heading\">Potete tradurre il mio certificato di divorzio in tutte le lingue?<\/h3>\n<p>Purtroppo no. Ad esempio, per la Romania traduciamo in inglese secondo tutte le regole di traslitterazione, basandoci sui documenti gi\u00e0 forniti in rumeno. Tali documenti possono essere: certificato di nascita in rumeno (moldavo in alfabeto latino) dalla Repubblica di Moldova o dalla Romania, certificato di matrimonio in rumeno (moldavo in alfabeto latino) dalla Repubblica di Moldova o dalla Romania, passaporto di cittadino straniero. I documenti di supporto dovranno essere forniti in copia autenticata notarile, in alcuni casi con apostille o legalizzazione consolare.<\/p>\n<h3 class=\"wp-block-heading\">Cosa fare se ci sono errori nel certificato di divorzio?<\/h3>\n<p>Dipende dal tipo di errori. Se si tratta di un errore nel cognome, possiamo correggere la registrazione nell&#8217;archivio dell&#8217;ufficio di stato civile o della Casa della Giustizia in Georgia sulla base del certificato di nascita del padre (se avete il cognome del padre) o della madre (se avete il cognome della madre). Se non avete questa possibilit\u00e0\u2014non avete il certificato di nascita del padre (madre), dovrete richiedere tale documento. Il nuovo documento mostrer\u00e0 come \u00e8 scritto il cognome di vostro padre o madre nell&#8217;archivio e vi permetter\u00e0 di ottenere il certificato di divorzio con la correzione del cognome. Se invece si tratta di nomi georgiani (alla georgiana), gli uffici di stato civile della Georgia si basano sulla nazionalit\u00e0 della persona e su come il nome \u00e8 scritto nel passaporto. Tuttavia, esistono diverse situazioni e ognuna viene esaminata singolarmente.<\/p>\n<h3 class=\"wp-block-heading\">Cosa fare se non ci sono motivi per correggere, ma \u00e8 necessario o si desidera correggere?<\/h3>\n<p>In questo caso, bisogna essere molto cauti, perch\u00e9 le correzioni nel certificato di divorzio possono avere conseguenze su altri documenti. Cio\u00e8, sar\u00e0 necessario correggere tutti i documenti in cui compare il vostro cognome. In alcuni paesi, una persona con cognome o nome modificato potrebbe essere considerata un&#8217;altra persona.<\/p>\n<p><strong>Quindi \u00e8 possibile? S\u00ec, \u00e8 possibile. Attraverso il tribunale della Georgia. Possiamo aiutarvi in questo.<\/strong><\/p>\n<p>&#8220;`<\/p>\n","protected":false},"excerpt":{"rendered":"<p>&#8220;`html Cos&#8217;\u00e8 un certificato di divorzio? Il certificato di divorzio (o attestato di scioglimento del matrimonio) \u00e8 un documento ufficiale, rilasciato dagli uffici di registrazione civile in Georgia, che attesta lo scioglimento del matrimonio tra due persone. Nel certificato sono indicati i dati principali degli ex coniugi, la data e il luogo del divorzio, nonch\u00e9 &#8230; <a title=\"Certificato di divorzio &#8211; Georgia\" class=\"read-more\" href=\"https:\/\/documents.ge\/it\/certificato-di-divorzio-georgia\/\" aria-label=\"Per saperne di pi\u00f9 su Certificato di divorzio &#8211; Georgia\">\u0427\u0438\u0442\u0430\u0442\u044c \u0434\u0430\u043b\u0435\u0435<\/a><\/p>\n","protected":false},"author":1,"featured_media":0,"parent":0,"menu_order":0,"comment_status":"closed","ping_status":"closed","template":"","meta":{"_acf_changed":false,"_monsterinsights_skip_tracking":false,"_monsterinsights_sitenote_active":false,"_monsterinsights_sitenote_note":"","_monsterinsights_sitenote_category":0,"footnotes":""},"yst_prominent_words":[],"class_list":["post-33","page","type-page","status-publish"],"acf":[],"_links":{"self":[{"href":"https:\/\/documents.ge\/it\/wp-json\/wp\/v2\/pages\/33","targetHints":{"allow":["GET"]}}],"collection":[{"href":"https:\/\/documents.ge\/it\/wp-json\/wp\/v2\/pages"}],"about":[{"href":"https:\/\/documents.ge\/it\/wp-json\/wp\/v2\/types\/page"}],"author":[{"embeddable":true,"href":"https:\/\/documents.ge\/it\/wp-json\/wp\/v2\/users\/1"}],"replies":[{"embeddable":true,"href":"https:\/\/documents.ge\/it\/wp-json\/wp\/v2\/comments?post=33"}],"version-history":[{"count":0,"href":"https:\/\/documents.ge\/it\/wp-json\/wp\/v2\/pages\/33\/revisions"}],"wp:attachment":[{"href":"https:\/\/documents.ge\/it\/wp-json\/wp\/v2\/media?parent=33"}],"wp:term":[{"taxonomy":"yst_prominent_words","embeddable":true,"href":"https:\/\/documents.ge\/it\/wp-json\/wp\/v2\/yst_prominent_words?post=33"}],"curies":[{"name":"wp","href":"https:\/\/api.w.org\/{rel}","templated":true}]}}