{"id":8,"date":"2025-04-06T16:26:33","date_gmt":"2025-04-06T16:26:33","guid":{"rendered":"https:\/\/documents.ge\/it\/legalizzazione\/"},"modified":"2025-04-06T16:26:33","modified_gmt":"2025-04-06T16:26:33","slug":"legalizzazione","status":"publish","type":"page","link":"https:\/\/documents.ge\/it\/legalizzazione\/","title":{"rendered":"Legalizzazione"},"content":{"rendered":"<p>La legalizzazione dei documenti in Georgia \u00e8 un processo sequenziale:<br \/>1. Conferma del documento presso i ministeri della Georgia.<br \/>2. Conferma del documento presso il rispettivo consolato del paese in cui il documento sar\u00e0 presentato.<\/p>\n<p>Per quali paesi \u00e8 necessaria la legalizzazione dei documenti georgiani.<\/p>\n<p>Poich\u00e9 ci sono una serie di paesi che non aderiscono all&#8217;Apostille e con i quali non ci sono accordi sul flusso semplificato di documenti o sull&#8217;assistenza legale reciproca per i documenti, per questi \u00e8 previsto il processo di legalizzazione.<\/p>\n<p>Paesi per i quali pi\u00f9 spesso viene richiesta la legalizzazione dei documenti georgiani:<\/p>\n<ul class=\"wp-block-list\">\n<li>Emirati Arabi Uniti<\/li>\n<li>Kuwait<\/li>\n<li>Egitto<\/li>\n<li>Sri Lanka<\/li>\n<li>Costa Rica<\/li>\n<li>Iraq<\/li>\n<li>Uruguay<\/li>\n<li>Cile<\/li>\n<li>Palestina<\/li>\n<\/ul>\n<p>Su quali documenti \u00e8 possibile effettuare la legalizzazione:<\/p>\n<ul class=\"wp-block-list\">\n<li>Certificato di nascita<\/li>\n<li>Certificato di morte<\/li>\n<li>Certificato di matrimonio<\/li>\n<li>Certificato di divorzio<\/li>\n<li>Certificato di casellario giudiziale<\/li>\n<li>Certificato di stato libero<\/li>\n<li>Certificato di registrazione dell&#8217;impresa<\/li>\n<li>Estratto dal registro commerciale dell&#8217;impresa (soci, direttore e cos\u00ec via)<\/li>\n<li>Copia dello statuto dell&#8217;impresa<\/li>\n<li>Diploma di istruzione superiore<\/li>\n<li>Diploma di scuola superiore<\/li>\n<li>Altri documenti<\/li>\n<\/ul>\n<p><strong>Difficolt\u00e0 del processo di legalizzazione.<\/strong><\/p>\n<p>\u00c8 possibile legalizzare anche la traduzione dei documenti. Tuttavia, \u00e8 necessario prestare molta attenzione e sapere che non tutti i paesi accettano una traduzione legalizzata. E in molti paesi la legalizzazione della traduzione \u00e8 diversa.<\/p>\n<p>Poich\u00e9 il processo di legalizzazione \u00e8 piuttosto burocratico, possono verificarsi vari ostacoli ed errori. Qui \u00e8 meglio rivolgersi a professionisti legali, per non ritrovarsi poi in una situazione irreparabile. La difficolt\u00e0 sta anche nel fatto che una persona comune, il cliente, non sempre capisce di cosa si sta parlando, quali documenti sono necessari e se sono correttamente compilati.<\/p>\n<p>Importante! Se il paese in cui presenterete il documento fa parte della lista dei paesi dell&#8217;Apostille (Convenzione dell&#8217;Aia sull&#8217;Apostille), la legalizzazione non \u00e8 necessaria.<\/p>\n","protected":false},"excerpt":{"rendered":"<p>La legalizzazione dei documenti in Georgia \u00e8 un processo sequenziale:1. Conferma del documento presso i ministeri della Georgia.2. Conferma del documento presso il rispettivo consolato del paese in cui il documento sar\u00e0 presentato. Per quali paesi \u00e8 necessaria la legalizzazione dei documenti georgiani. Poich\u00e9 ci sono una serie di paesi che non aderiscono all&#8217;Apostille e &#8230; <a title=\"Legalizzazione\" class=\"read-more\" href=\"https:\/\/documents.ge\/it\/legalizzazione\/\" aria-label=\"Per saperne di pi\u00f9 su Legalizzazione\">\u0427\u0438\u0442\u0430\u0442\u044c \u0434\u0430\u043b\u0435\u0435<\/a><\/p>\n","protected":false},"author":1,"featured_media":0,"parent":0,"menu_order":0,"comment_status":"closed","ping_status":"closed","template":"","meta":{"_acf_changed":false,"_monsterinsights_skip_tracking":false,"_monsterinsights_sitenote_active":false,"_monsterinsights_sitenote_note":"","_monsterinsights_sitenote_category":0,"footnotes":""},"yst_prominent_words":[],"class_list":["post-8","page","type-page","status-publish"],"acf":[],"_links":{"self":[{"href":"https:\/\/documents.ge\/it\/wp-json\/wp\/v2\/pages\/8","targetHints":{"allow":["GET"]}}],"collection":[{"href":"https:\/\/documents.ge\/it\/wp-json\/wp\/v2\/pages"}],"about":[{"href":"https:\/\/documents.ge\/it\/wp-json\/wp\/v2\/types\/page"}],"author":[{"embeddable":true,"href":"https:\/\/documents.ge\/it\/wp-json\/wp\/v2\/users\/1"}],"replies":[{"embeddable":true,"href":"https:\/\/documents.ge\/it\/wp-json\/wp\/v2\/comments?post=8"}],"version-history":[{"count":0,"href":"https:\/\/documents.ge\/it\/wp-json\/wp\/v2\/pages\/8\/revisions"}],"wp:attachment":[{"href":"https:\/\/documents.ge\/it\/wp-json\/wp\/v2\/media?parent=8"}],"wp:term":[{"taxonomy":"yst_prominent_words","embeddable":true,"href":"https:\/\/documents.ge\/it\/wp-json\/wp\/v2\/yst_prominent_words?post=8"}],"curies":[{"name":"wp","href":"https:\/\/api.w.org\/{rel}","templated":true}]}}