{"id":9,"date":"2025-04-06T16:27:50","date_gmt":"2025-04-06T16:27:50","guid":{"rendered":"https:\/\/documents.ge\/it\/richiesta-di-documenti-in-georgia-pratica\/"},"modified":"2025-04-06T16:27:50","modified_gmt":"2025-04-06T16:27:50","slug":"richiesta-di-documenti-in-georgia-pratica","status":"publish","type":"page","link":"https:\/\/documents.ge\/it\/richiesta-di-documenti-in-georgia-pratica\/","title":{"rendered":"Richiesta di documenti in Georgia. Pratica."},"content":{"rendered":"<p><strong>Caso 1.<\/strong><\/p>\n<p><strong>Errore: invece di Inga nel certificato di nascita \u00e8 stato scritto Ina.<\/strong><\/p>\n<p>\u00c8 stato emesso un certificato di nascita in Georgia, nella citt\u00e0 di Poti con un errore nel 1966.<\/p>\n<p>Si \u00e8 nuovamente rivolto all&#8217;ufficio anagrafe nel 1968 per correggere l&#8217;errore.<\/p>\n<p>\u00c8 stato ottenuto un nuovo certificato di nascita con la correzione dell&#8217;errore.<\/p>\n<p>Successivamente, il nuovo certificato di nascita \u00e8 stato perso (duplicato con le correzioni apportate).<\/p>\n<p>Nel 2021, una residente del Donbass, che vive in Russia, si \u00e8 rivolta a noi con la richiesta di ottenere un certificato di nuovo modello.<\/p>\n<p>Nella registrazione anagrafica \u00e8 emerso che le correzioni non erano state apportate.<\/p>\n<p>\u00c8 stato ottenuto un documento con il nome errato.<\/p>\n<p>La cliente si aspettava che il certificato avesse la correzione. Tuttavia, il nostro lavoro \u00e8 stato svolto onestamente. Abbiamo impiegato tempo, provato diverse opzioni per ottenere il certificato di nascita con il nome corretto.<\/p>\n<p>Si \u00e8 creata una situazione conflittuale. Anche se avevamo avvertito la cliente che il nome sarebbe stato quello della registrazione anagrafica.<\/p>\n<p>Alla fine, la cliente ha accettato di pagare i servizi poich\u00e9 abbiamo adempiuto ai nostri obblighi.<\/p>\n<p>La soluzione del problema consiste nel seguente:<\/p>\n<ul class=\"wp-block-list\">\n<li>ulteriore richiesta all&#8217;ufficio anagrafe di Poti per trovare la registrazione della correzione<br \/>oppure<\/li>\n<li>ricorso al tribunale per correggere il nome nella registrazione anagrafe e nell&#8217;archivio e ottenere un certificato di nascita con le modifiche apportate<\/li>\n<\/ul>\n<p>La decisione spetta alla cliente. Capiamo che si tratta di spese aggiuntive. Ma siamo avvocati professionisti e non possiamo permetterci di lavorare gratuitamente.<br \/>\u00c8 stato fornito un prezzo adeguato, che corrisponde al livello dei nostri avvocati in Georgia.<\/p>\n<p><strong>Caso 2.<\/strong><\/p>\n<p><strong>Nella registrazione anagrafica del cliente \u00e8 stato scritto erroneamente il sesso.<\/strong> Invece di &#8220;femminile&#8221; \u00e8 stato scritto &#8220;maschile&#8221;.<\/p>\n<p>Sono state necessarie ulteriori certificazioni (mediche e scolastiche) per correggere il sesso nel certificato di nascita.<\/p>\n<p><strong>Caso 3.<\/strong><\/p>\n<p>La cliente <strong>aveva bisogno delle registrazioni dell&#8217;anzianit\u00e0 lavorativa<\/strong> da Tbilisi e altre citt\u00e0 in Georgia. Nell&#8217;archivio del ministero della giustizia non sono state trovate le registrazioni.<br \/><strong>Soluzione:<\/strong> abbiamo visitato tutti i luoghi di lavoro indicati dal cliente. Il documento su pi\u00f9 fogli si \u00e8 rifiutato di essere cucito. In Georgia \u00e8 una pratica normale. MA all&#8217;estero non viene accettato in questa forma.<br \/><strong>Soluzione:<\/strong> abbiamo cucito i fogli in un unico documento al momento della richiesta dell&#8217;apostille (dopo averlo ottenuto \u00e8 risultato cucito).<\/p>\n<h2 class=\"wp-block-heading\">Telefono in Georgia<\/h2>\n<p><strong>Telefono per contatti<\/strong><br \/>+373 67 666 333<\/p>\n<p><strong>Orari di lavoro<\/strong><br \/>Luned\u00ec\u2013venerd\u00ec: 9:00\u201317:00<\/p>\n","protected":false},"excerpt":{"rendered":"<p>Caso 1. Errore: invece di Inga nel certificato di nascita \u00e8 stato scritto Ina. \u00c8 stato emesso un certificato di nascita in Georgia, nella citt\u00e0 di Poti con un errore nel 1966. Si \u00e8 nuovamente rivolto all&#8217;ufficio anagrafe nel 1968 per correggere l&#8217;errore. \u00c8 stato ottenuto un nuovo certificato di nascita con la correzione dell&#8217;errore. &#8230; <a title=\"Richiesta di documenti in Georgia. Pratica.\" class=\"read-more\" href=\"https:\/\/documents.ge\/it\/richiesta-di-documenti-in-georgia-pratica\/\" aria-label=\"Per saperne di pi\u00f9 su Richiesta di documenti in Georgia. Pratica.\">\u0427\u0438\u0442\u0430\u0442\u044c \u0434\u0430\u043b\u0435\u0435<\/a><\/p>\n","protected":false},"author":1,"featured_media":0,"parent":0,"menu_order":0,"comment_status":"closed","ping_status":"closed","template":"","meta":{"_acf_changed":false,"_monsterinsights_skip_tracking":false,"_monsterinsights_sitenote_active":false,"_monsterinsights_sitenote_note":"","_monsterinsights_sitenote_category":0,"footnotes":""},"yst_prominent_words":[],"class_list":["post-9","page","type-page","status-publish"],"acf":[],"_links":{"self":[{"href":"https:\/\/documents.ge\/it\/wp-json\/wp\/v2\/pages\/9","targetHints":{"allow":["GET"]}}],"collection":[{"href":"https:\/\/documents.ge\/it\/wp-json\/wp\/v2\/pages"}],"about":[{"href":"https:\/\/documents.ge\/it\/wp-json\/wp\/v2\/types\/page"}],"author":[{"embeddable":true,"href":"https:\/\/documents.ge\/it\/wp-json\/wp\/v2\/users\/1"}],"replies":[{"embeddable":true,"href":"https:\/\/documents.ge\/it\/wp-json\/wp\/v2\/comments?post=9"}],"version-history":[{"count":0,"href":"https:\/\/documents.ge\/it\/wp-json\/wp\/v2\/pages\/9\/revisions"}],"wp:attachment":[{"href":"https:\/\/documents.ge\/it\/wp-json\/wp\/v2\/media?parent=9"}],"wp:term":[{"taxonomy":"yst_prominent_words","embeddable":true,"href":"https:\/\/documents.ge\/it\/wp-json\/wp\/v2\/yst_prominent_words?post=9"}],"curies":[{"name":"wp","href":"https:\/\/api.w.org\/{rel}","templated":true}]}}