{"id":10,"date":"2025-04-06T13:11:10","date_gmt":"2025-04-06T13:11:10","guid":{"rendered":"https:\/\/documents.ge\/tr\/egitim-belgeleri-gurcistan\/"},"modified":"2025-04-06T13:11:10","modified_gmt":"2025-04-06T13:11:10","slug":"egitim-belgeleri-gurcistan","status":"publish","type":"page","link":"https:\/\/documents.ge\/tr\/egitim-belgeleri-gurcistan\/","title":{"rendered":"E\u011fitim belgeleri &#8211; G\u00fcrcistan"},"content":{"rendered":"<p><strong>E\u011fitim belgeleri nelerdir ve a\u00e7\u0131klamalar\u0131<\/strong><\/p>\n<p>E\u011fitim belgeleri farkl\u0131 \u00fclkelerde farkl\u0131 isimler ve formlar alabilir, ancak genellikle belirli bir e\u011fitim seviyesinin tamamland\u0131\u011f\u0131n\u0131 onaylayan resmi belgelerdir. En yayg\u0131n e\u011fitim belgelerinden baz\u0131lar\u0131 \u015funlar\u0131 i\u00e7erir:<\/p>\n<ul class=\"wp-block-list\">\n<li><strong>Diplomalar:<\/strong> Y\u00fcksek\u00f6\u011frenimin tamamlanmas\u0131n\u0131n ard\u0131ndan verilen resmi belgelerdir (\u00f6rne\u011fin, lisans veya y\u00fcksek lisans).<\/li>\n<li><strong>Sertifikalar:<\/strong> Orta\u00f6\u011fretimin tamamlanmas\u0131n\u0131n ard\u0131ndan verilen resmi belgelerdir (\u00f6rne\u011fin, lise diplomas\u0131).<\/li>\n<li><strong>S\u0131nav sonu\u00e7 belgeleri:<\/strong> Belirli bir konu veya ders \u00fczerindeki s\u0131nav sonu\u00e7lar\u0131n\u0131 onaylayan resmi belgelerdir.<\/li>\n<li><strong>Transkriptler:<\/strong> E\u011fitim s\u00fcresince al\u0131nan dersler ve notlar hakk\u0131nda bilgi i\u00e7eren resmi belgelerdir.<\/li>\n<\/ul>\n<p>E\u011fitim belgelerinin a\u00e7\u0131klamalar\u0131, belirli belgeye ve verildi\u011fi \u00fclkeye g\u00f6re de\u011fi\u015fiklik g\u00f6sterebilir.<\/p>\n<p><strong><u>G\u00fcrcistan&#8217;a gelmeden veya gelerek a\u015fa\u011f\u0131daki hizmetlerimizden yararlanabilirsiniz:<\/u><\/strong><\/p>\n<ul class=\"wp-block-list\">\n<li>Diploma veya sertifikan\u0131z i\u00e7in eksik onay belgelerinin temini: <strong>okul veya \u00fcniversiteden onay, analitik program, G\u00fcrcistan E\u011fitim Bakanl\u0131\u011f\u0131&#8217;ndan onay.<\/strong><\/li>\n<li><strong>E\u011fitim belgelerinin yenilenmesi<\/strong> ve kopyalar\u0131n\u0131n al\u0131nmas\u0131: sertifikalar ve diplomalar.<\/li>\n<li><strong>E\u011fitim belgelerinin denkli\u011finin tan\u0131nmas\u0131<\/strong>: t\u00fcm resmi e\u011fitim belgeleri.<\/li>\n<li><strong>Sertifikalar, diplomalar, belgeler ve transkriptler i\u00e7in apostil.<\/strong><\/li>\n<\/ul>\n","protected":false},"excerpt":{"rendered":"<p>E\u011fitim belgeleri nelerdir ve a\u00e7\u0131klamalar\u0131 E\u011fitim belgeleri farkl\u0131 \u00fclkelerde farkl\u0131 isimler ve formlar alabilir, ancak genellikle belirli bir e\u011fitim seviyesinin tamamland\u0131\u011f\u0131n\u0131 onaylayan resmi belgelerdir. En yayg\u0131n e\u011fitim belgelerinden baz\u0131lar\u0131 \u015funlar\u0131 i\u00e7erir: Diplomalar: Y\u00fcksek\u00f6\u011frenimin tamamlanmas\u0131n\u0131n ard\u0131ndan verilen resmi belgelerdir (\u00f6rne\u011fin, lisans veya y\u00fcksek lisans). Sertifikalar: Orta\u00f6\u011fretimin tamamlanmas\u0131n\u0131n ard\u0131ndan verilen resmi belgelerdir (\u00f6rne\u011fin, lise diplomas\u0131). S\u0131nav sonu\u00e7 &#8230; <a title=\"E\u011fitim belgeleri &#8211; G\u00fcrcistan\" class=\"read-more\" href=\"https:\/\/documents.ge\/tr\/egitim-belgeleri-gurcistan\/\" aria-label=\"Read more about E\u011fitim belgeleri &#8211; G\u00fcrcistan\">\u0427\u0438\u0442\u0430\u0442\u044c \u0434\u0430\u043b\u0435\u0435<\/a><\/p>\n","protected":false},"author":1,"featured_media":0,"parent":0,"menu_order":0,"comment_status":"closed","ping_status":"closed","template":"","meta":{"_acf_changed":false,"_monsterinsights_skip_tracking":false,"_monsterinsights_sitenote_active":false,"_monsterinsights_sitenote_note":"","_monsterinsights_sitenote_category":0,"footnotes":""},"yst_prominent_words":[],"class_list":["post-10","page","type-page","status-publish"],"acf":[],"_links":{"self":[{"href":"https:\/\/documents.ge\/tr\/wp-json\/wp\/v2\/pages\/10","targetHints":{"allow":["GET"]}}],"collection":[{"href":"https:\/\/documents.ge\/tr\/wp-json\/wp\/v2\/pages"}],"about":[{"href":"https:\/\/documents.ge\/tr\/wp-json\/wp\/v2\/types\/page"}],"author":[{"embeddable":true,"href":"https:\/\/documents.ge\/tr\/wp-json\/wp\/v2\/users\/1"}],"replies":[{"embeddable":true,"href":"https:\/\/documents.ge\/tr\/wp-json\/wp\/v2\/comments?post=10"}],"version-history":[{"count":0,"href":"https:\/\/documents.ge\/tr\/wp-json\/wp\/v2\/pages\/10\/revisions"}],"wp:attachment":[{"href":"https:\/\/documents.ge\/tr\/wp-json\/wp\/v2\/media?parent=10"}],"wp:term":[{"taxonomy":"yst_prominent_words","embeddable":true,"href":"https:\/\/documents.ge\/tr\/wp-json\/wp\/v2\/yst_prominent_words?post=10"}],"curies":[{"name":"wp","href":"https:\/\/api.w.org\/{rel}","templated":true}]}}