{"id":11,"date":"2025-04-06T13:12:18","date_gmt":"2025-04-06T13:12:18","guid":{"rendered":"https:\/\/documents.ge\/tr\/dogum-belgesi-milliyet-belirtilmis\/"},"modified":"2025-04-06T13:12:18","modified_gmt":"2025-04-06T13:12:18","slug":"dogum-belgesi-milliyet-belirtilmis","status":"publish","type":"page","link":"https:\/\/documents.ge\/tr\/dogum-belgesi-milliyet-belirtilmis\/","title":{"rendered":"Do\u011fum belgesi (milliyet belirtilmi\u015f)"},"content":{"rendered":"<p>G\u00fcrcistan&#8217;da do\u011fum belgesinde do\u011fan ki\u015finin milliyeti yaz\u0131lmaz. Ayr\u0131ca ebeveynlerin milliyeti de yaz\u0131lmaz.<\/p>\n<p>Ancak m\u00fc\u015fteriler s\u0131kl\u0131kla SSCB veya G\u00fcrcistan Adalet Evi&#8217;nden milliyet bilgilerini talep ederler. B\u00f6yle bir durum i\u00e7in ajans\u0131m\u0131z, milliyetin belirtilece\u011fi do\u011fum belgeleri sunmaktad\u0131r.<\/p>\n<p>Bu t\u00fcr belgeler ne i\u00e7in gereklidir? \u00d6rne\u011fin, vatanda\u015fl\u0131k almak i\u00e7in (Yunanistan, \u0130srail vb.) s\u0131kl\u0131kla bu t\u00fcr belgeler talep edilir.<\/p>\n<p>Sizden, b\u00f6yle bir belge (milliyet belgesi) al\u0131nmas\u0131 gerekti\u011fini belirten bir vekaletname gerekecektir.<\/p>\n<p>Unutulmamal\u0131d\u0131r ki, eski do\u011fum belgenizde veya ebeveyninizin, b\u00fcy\u00fckanne veya b\u00fcy\u00fckbaban\u0131z\u0131n \u00f6l\u00fcm belgesinde milliyet yaz\u0131l\u0131 olsa bile, bu, SSCB Ar\u015fivlerinde veya Adalet Evi&#8217;nde b\u00f6yle bir bilginin bulundu\u011fu ve ar\u015fiv kitaplar\u0131na kaydedildi\u011fi anlam\u0131na gelmez.<\/p>\n<p>Ar\u015fiv kitaplar\u0131nda (kay\u0131t defterlerinde) milliyet bilgisinin olmad\u0131\u011f\u0131 durumlar olabilir. O zaman ba\u015fka yollar aramak gerekir. \u00d6rne\u011fin, milliyetinizi mahkeme yoluyla veya b\u00fcy\u00fckanne ve b\u00fcy\u00fckbabalar\u0131n\u0131z arac\u0131l\u0131\u011f\u0131yla kan\u0131tlaman\u0131z gerekebilir.<\/p>\n","protected":false},"excerpt":{"rendered":"<p>G\u00fcrcistan&#8217;da do\u011fum belgesinde do\u011fan ki\u015finin milliyeti yaz\u0131lmaz. Ayr\u0131ca ebeveynlerin milliyeti de yaz\u0131lmaz. Ancak m\u00fc\u015fteriler s\u0131kl\u0131kla SSCB veya G\u00fcrcistan Adalet Evi&#8217;nden milliyet bilgilerini talep ederler. B\u00f6yle bir durum i\u00e7in ajans\u0131m\u0131z, milliyetin belirtilece\u011fi do\u011fum belgeleri sunmaktad\u0131r. Bu t\u00fcr belgeler ne i\u00e7in gereklidir? \u00d6rne\u011fin, vatanda\u015fl\u0131k almak i\u00e7in (Yunanistan, \u0130srail vb.) s\u0131kl\u0131kla bu t\u00fcr belgeler talep edilir. Sizden, b\u00f6yle &#8230; <a title=\"Do\u011fum belgesi (milliyet belirtilmi\u015f)\" class=\"read-more\" href=\"https:\/\/documents.ge\/tr\/dogum-belgesi-milliyet-belirtilmis\/\" aria-label=\"Read more about Do\u011fum belgesi (milliyet belirtilmi\u015f)\">\u0427\u0438\u0442\u0430\u0442\u044c \u0434\u0430\u043b\u0435\u0435<\/a><\/p>\n","protected":false},"author":1,"featured_media":0,"parent":0,"menu_order":0,"comment_status":"closed","ping_status":"closed","template":"","meta":{"_acf_changed":false,"_monsterinsights_skip_tracking":false,"_monsterinsights_sitenote_active":false,"_monsterinsights_sitenote_note":"","_monsterinsights_sitenote_category":0,"footnotes":""},"yst_prominent_words":[],"class_list":["post-11","page","type-page","status-publish"],"acf":[],"_links":{"self":[{"href":"https:\/\/documents.ge\/tr\/wp-json\/wp\/v2\/pages\/11","targetHints":{"allow":["GET"]}}],"collection":[{"href":"https:\/\/documents.ge\/tr\/wp-json\/wp\/v2\/pages"}],"about":[{"href":"https:\/\/documents.ge\/tr\/wp-json\/wp\/v2\/types\/page"}],"author":[{"embeddable":true,"href":"https:\/\/documents.ge\/tr\/wp-json\/wp\/v2\/users\/1"}],"replies":[{"embeddable":true,"href":"https:\/\/documents.ge\/tr\/wp-json\/wp\/v2\/comments?post=11"}],"version-history":[{"count":0,"href":"https:\/\/documents.ge\/tr\/wp-json\/wp\/v2\/pages\/11\/revisions"}],"wp:attachment":[{"href":"https:\/\/documents.ge\/tr\/wp-json\/wp\/v2\/media?parent=11"}],"wp:term":[{"taxonomy":"yst_prominent_words","embeddable":true,"href":"https:\/\/documents.ge\/tr\/wp-json\/wp\/v2\/yst_prominent_words?post=11"}],"curies":[{"name":"wp","href":"https:\/\/api.w.org\/{rel}","templated":true}]}}