{"id":12,"date":"2025-04-06T13:14:18","date_gmt":"2025-04-06T13:14:18","guid":{"rendered":"https:\/\/documents.ge\/tr\/evlilik-kaydi-evlilik-belgesi\/"},"modified":"2025-04-06T13:14:18","modified_gmt":"2025-04-06T13:14:18","slug":"evlilik-kaydi-evlilik-belgesi","status":"publish","type":"page","link":"https:\/\/documents.ge\/tr\/evlilik-kaydi-evlilik-belgesi\/","title":{"rendered":"Evlilik kayd\u0131 (evlilik belgesi)"},"content":{"rendered":"<h2 class=\"wp-block-heading\">Akt kayd\u0131 nedir<\/h2>\n<dl id=\"definition1\">\n<dt><strong>Evlilik akt kayd\u0131<\/strong><\/dt>\n<dd>\u2014 bu, resmi bir g\u00f6revli, n\u00fcfus memuru veya G\u00fcrcistan Adalet Evi \u00e7al\u0131\u015fan\u0131 taraf\u0131ndan e\u015flerin t\u00fcm soyadlar\u0131, isimleri, do\u011fum tarihleri ve di\u011fer durum bilgileri (\u00f6rne\u011fin, evlilik \u00f6ncesi bo\u015fanma verileri) ile birlikte yap\u0131lan evlilik kayd\u0131d\u0131r.<\/dd>\n<dd>G\u00fcrcistan&#8217;da (ve di\u011fer \u00fclkelerde) evlilik akt kayd\u0131, evlili\u011fin ger\u00e7ekle\u015fti\u011fi g\u00fcn yap\u0131l\u0131r. Daha sonra bir\u00e7ok \u00fclkede de\u011fi\u015fiklikler yap\u0131l\u0131rsa bu kay\u0131tlara eklenir. \u00d6rne\u011fin, soyad\u0131 de\u011fi\u015fikli\u011fi, bo\u015fanma veya e\u015flerden birinin \u00f6l\u00fcm\u00fc.<\/dd>\n<\/dl>\n<p><!-- \u041e\u0442\u043a\u0440\u044b\u0432\u0430\u0435\u043c \u043d\u043e\u0432\u044b\u0439 article --><\/p>\n<article>\n<h2 class=\"wp-block-heading\">Evlilik akt kayd\u0131 nas\u0131l g\u00f6r\u00fcn\u00fcr<\/h2>\n<p><strong>N\u00fcfus dairesinden evlilik akt kayd\u0131n\u0131n foto\u011fraf (tarama) kopyas\u0131:<\/strong><\/p>\n<figure class=\"wp-block-image size-full\" id=\"\u041a\u043e\u043f\u0438\u044f-\u0430\u043a\u0442\u043e\u0432\u043e\u0439-\u0437\u0430\u043f\u0438\u0441\u0438\"><img alt=\"G\u00fcrcistan'dan evlilik kay\u0131t \u00f6rne\u011fi (evlilik belgesi). Adalet Evi veya n\u00fcfus m\u00fcd\u00fcrl\u00fc\u011f\u00fc taraf\u0131ndan verilir.\" class=\"wp-image-408 lazyload\" data-src=\"https:\/\/documents.ge\/wp-content\/uploads\/2024\/07\/Marriage-Extract-Nationality-Georgia-Documents.gif\" decoding=\"async\" height=\"827\" src=\"data:image\/gif;base64,R0lGODlhAQABAAAAACH5BAEKAAEALAAAAAABAAEAAAICTAEAOw==\" style=\"--smush-placeholder-width: 892px; --smush-placeholder-aspect-ratio: 892\/827;\" title=\"Akt kayd\u0131 kopyas\u0131. G\u00fcrcistan n\u00fcfus dairesinden belge. Veriler: evlilik kayd\u0131\" width=\"892\"\/><figcaption class=\"wp-element-caption\">Eski model evlilik akt kayd\u0131nda, do\u011fum akt kayd\u0131nda oldu\u011fu gibi e\u015flerin milliyet bilgileri bulunabilir<\/figcaption><\/figure>\n<\/article>\n<p><!-- \u0417\u0430\u043a\u0440\u044b\u0432\u0430\u0435\u043c \u0442\u0435\u0433 article \u0437\u0434\u0435\u0441\u044c --><\/p>\n<p><!-- \u041e\u0442\u043a\u0440\u044b\u0432\u0430\u0435\u043c \u043d\u043e\u0432\u044b\u0439 article --><\/p>\n<article>\n<h2 class=\"wp-block-heading\">Evlilik akt kayd\u0131 hangi bilgileri i\u00e7erir<\/h2>\n<p>Bu belge, G\u00fcrcistan SSC&#8217;de verilen bir evlilik belgesidir. \u00dczerinde \u015fu bilgiler yer al\u0131r:<\/p>\n<ol class=\"wp-block-list\">\n<li><strong>Evlilik kay\u0131t tarihi<\/strong>.<\/li>\n<li><strong>Evlilik akt kay\u0131t numaras\u0131<\/strong>.<\/li>\n<li><strong>Evlili\u011fin kaydedildi\u011fi yer<\/strong>: (belirli bir n\u00fcfus dairesi ve \u015fehir belirtilir).<\/li>\n<li><strong>Damat ve gelinin soyad\u0131, ad\u0131 ve baba ad\u0131<\/strong>.<\/li>\n<li><strong>Damat ve gelinin do\u011fum tarihi<\/strong>.<\/li>\n<li><strong>Damat ve gelinin do\u011fum yeri<\/strong>.<\/li>\n<li><strong>Damat ve gelinin ikametgah\u0131<\/strong>.<\/li>\n<li><strong>Damat ve gelinin milliyeti<\/strong>.<\/li>\n<li><strong>Evlilik \u00f6ncesi medeni durum<\/strong>.<\/li>\n<li><strong>Kimlik belgesi bilgileri<\/strong> (pasaport veya ba\u015fka bir belge).<\/li>\n<li><strong>\u00d6nceki evliliklerin kayd\u0131 veya bo\u015fanma bilgileri<\/strong> (varsa).<\/li>\n<li><strong>Damat ve gelinin imzalar\u0131<\/strong>.<\/li>\n<\/ol>\n<p>Unutulmamal\u0131d\u0131r ki, t\u00fcm bilgiler her zaman akt kay\u0131tlar\u0131na eklenmemi\u015ftir. Bu nedenle, bir akt kayd\u0131 kopyas\u0131 veya akt kayd\u0131 \u00f6zeti verildi\u011finde baz\u0131 bilgiler eksik olabilir, \u00f6rne\u011fin milliyet gibi.<\/p>\n<\/article>\n<p><!-- \u0417\u0430\u043a\u0440\u044b\u0432\u0430\u0435\u043c \u0442\u0435\u0433 article \u0437\u0434\u0435\u0441\u044c --><\/p>\n<p><strong>G\u00fcrcistan&#8217;da orijinal akt kayd\u0131n\u0131 almak m\u00fcmk\u00fcn de\u011fildir.<\/strong> Orijinal haliyle n\u00fcfus daireleri veya G\u00fcrcistan Adalet Evi ar\u015fivlerinde, sinagoglar\u0131n ar\u015fivlerinde, yerel ar\u015fivlerde saklan\u0131r.<\/p>\n<p><strong>Sadece evlilik akt kayd\u0131n\u0131n bir kopyas\u0131n\u0131 veya akt kayd\u0131 \u00f6zetini (ar\u015fiv \u00f6zeti) sipari\u015f edebilir ve alabilirsiniz.<\/strong><\/p>\n<p>Akt kayd\u0131 kopyas\u0131 her zaman en iyi se\u00e7enek de\u011fildir, \u00e7\u00fcnk\u00fc dikkatsizce doldurulmu\u015f, y\u0131pranm\u0131\u015f, hasar g\u00f6rm\u00fc\u015f, birle\u015ftirilmi\u015f veya okunaks\u0131z olabilir. Akt kayd\u0131 kopyas\u0131, kelimenin tam anlam\u0131yla akt defterinin ilgili sayfalar\u0131n\u0131n bir kopyas\u0131d\u0131r.<\/p>\n<p><strong>En iyisi, devlet matbu formunda bas\u0131l\u0131 olarak akt kayd\u0131 \u00f6zeti veya ar\u015fiv \u00f6zeti sipari\u015f etmektir.<\/strong> B\u00f6yle bir belge kolayca okunabilir ve belirgin belge \u00f6zelliklerine sahiptir.<\/p>\n<p><strong>Evlilik akt kayd\u0131 kopyas\u0131 veya akt kayd\u0131 \u00f6zeti, ar\u015fiv \u00f6zeti sipari\u015f etmek ve almak i\u00e7in ajans\u0131m\u0131za ba\u015fvurun.<\/strong><\/p>\n","protected":false},"excerpt":{"rendered":"<p>Akt kayd\u0131 nedir Evlilik akt kayd\u0131 \u2014 bu, resmi bir g\u00f6revli, n\u00fcfus memuru veya G\u00fcrcistan Adalet Evi \u00e7al\u0131\u015fan\u0131 taraf\u0131ndan e\u015flerin t\u00fcm soyadlar\u0131, isimleri, do\u011fum tarihleri ve di\u011fer durum bilgileri (\u00f6rne\u011fin, evlilik \u00f6ncesi bo\u015fanma verileri) ile birlikte yap\u0131lan evlilik kayd\u0131d\u0131r. G\u00fcrcistan&#8217;da (ve di\u011fer \u00fclkelerde) evlilik akt kayd\u0131, evlili\u011fin ger\u00e7ekle\u015fti\u011fi g\u00fcn yap\u0131l\u0131r. Daha sonra bir\u00e7ok \u00fclkede de\u011fi\u015fiklikler &#8230; <a title=\"Evlilik kayd\u0131 (evlilik belgesi)\" class=\"read-more\" href=\"https:\/\/documents.ge\/tr\/evlilik-kaydi-evlilik-belgesi\/\" aria-label=\"Read more about Evlilik kayd\u0131 (evlilik belgesi)\">\u0427\u0438\u0442\u0430\u0442\u044c \u0434\u0430\u043b\u0435\u0435<\/a><\/p>\n","protected":false},"author":1,"featured_media":0,"parent":0,"menu_order":0,"comment_status":"closed","ping_status":"closed","template":"","meta":{"_acf_changed":false,"_monsterinsights_skip_tracking":false,"_monsterinsights_sitenote_active":false,"_monsterinsights_sitenote_note":"","_monsterinsights_sitenote_category":0,"footnotes":""},"yst_prominent_words":[],"class_list":["post-12","page","type-page","status-publish"],"acf":[],"_links":{"self":[{"href":"https:\/\/documents.ge\/tr\/wp-json\/wp\/v2\/pages\/12","targetHints":{"allow":["GET"]}}],"collection":[{"href":"https:\/\/documents.ge\/tr\/wp-json\/wp\/v2\/pages"}],"about":[{"href":"https:\/\/documents.ge\/tr\/wp-json\/wp\/v2\/types\/page"}],"author":[{"embeddable":true,"href":"https:\/\/documents.ge\/tr\/wp-json\/wp\/v2\/users\/1"}],"replies":[{"embeddable":true,"href":"https:\/\/documents.ge\/tr\/wp-json\/wp\/v2\/comments?post=12"}],"version-history":[{"count":0,"href":"https:\/\/documents.ge\/tr\/wp-json\/wp\/v2\/pages\/12\/revisions"}],"wp:attachment":[{"href":"https:\/\/documents.ge\/tr\/wp-json\/wp\/v2\/media?parent=12"}],"wp:term":[{"taxonomy":"yst_prominent_words","embeddable":true,"href":"https:\/\/documents.ge\/tr\/wp-json\/wp\/v2\/yst_prominent_words?post=12"}],"curies":[{"name":"wp","href":"https:\/\/api.w.org\/{rel}","templated":true}]}}