{"id":13,"date":"2025-04-06T13:18:31","date_gmt":"2025-04-06T13:18:31","guid":{"rendered":"https:\/\/documents.ge\/tr\/gurcistan-evlilik-belgesi\/"},"modified":"2025-04-06T13:18:31","modified_gmt":"2025-04-06T13:18:31","slug":"gurcistan-evlilik-belgesi","status":"publish","type":"page","link":"https:\/\/documents.ge\/tr\/gurcistan-evlilik-belgesi\/","title":{"rendered":"G\u00fcrcistan evlilik belgesi"},"content":{"rendered":"<p>&#8220;`html<\/p>\n<p>G\u00fcrcistan&#8217;da evlilik belgesi almak en fazla 2 hafta s\u00fcrer. Y\u00fcksek \u00fccret kar\u015f\u0131l\u0131\u011f\u0131nda 1-2 i\u015f g\u00fcn\u00fc i\u00e7inde sipari\u015f edilebilir. G\u00fcrcistan&#8217;da Evlilik Belgesi alma s\u00fcresi m\u00fc\u015fterinin iste\u011fine ba\u011fl\u0131d\u0131r.<\/p>\n<h3 class=\"wp-block-heading\"><strong>G\u00fcrc\u00fc evlilik belgesinin metni. G\u00fcrcistan&#8217;da evlilik belgesinde ne yaz\u0131yor<\/strong>. G\u00fcrc\u00fcce<\/h3>\n<h3 class=\"wp-block-heading\">\u10e1\u10d0\u10e5\u10d0\u10e0\u10d7\u10d5\u10d4\u10da\u10dd\u10e1 \u10e0\u10d4\u10e1\u10de\u10e3\u10d1\u10da\u10d8\u10d9\u10d0<\/h3>\n<h3 class=\"wp-block-heading\">\u10e5\u10dd\u10e0\u10ec\u10d8\u10dc\u10d4\u10d1\u10d8\u10e1 \u10db\u10dd\u10ec\u10db\u10dd\u10d1\u10d0<\/h3>\n<figure class=\"wp-block-table\">\n<table>\n<thead>\n<tr>\n<th><\/th>\n<th><\/th>\n<\/tr>\n<\/thead>\n<tbody>\n<tr>\n<td>\u10e5\u10d0\u10da\u10d8:<\/td>\n<td>\u10db\u10d0\u10db\u10d0\u10d9\u10d0\u10ea\u10d8:<\/td>\n<\/tr>\n<tr>\n<td>\u10e1\u10d0\u10ee\u10d4\u10da\u10d8: ____________________<\/td>\n<td>\u10e1\u10d0\u10ee\u10d4\u10da\u10d8: ________________<\/td>\n<\/tr>\n<tr>\n<td>\u10d2\u10d5\u10d0\u10e0\u10d8: _________________<\/td>\n<td>\u10d2\u10d5\u10d0\u10e0\u10d8: __________________________<\/td>\n<\/tr>\n<tr>\n<td>\u10d3\u10d0\u10d1\u10d0\u10d3\u10d4\u10d1\u10d8\u10e1 \u10d7\u10d0\u10e0\u10d8\u10e6\u10d8: ___________________<\/td>\n<td>\u10d3\u10d0\u10d1\u10d0\u10d3\u10d4\u10d1\u10d8\u10e1 \u10d7\u10d0\u10e0\u10d8\u10e6\u10d8: __________<\/td>\n<\/tr>\n<tr>\n<td>\u10d3\u10d0\u10d1\u10d0\u10d3\u10d4\u10d1\u10d8\u10e1 \u10d0\u10d3\u10d2\u10d8\u10da\u10d8: \u10e3\u10d9\u10e0\u10d0\u10d8\u10dc\u10d0, \u10d9\u10d8\u10e0\u10dd\u10d5\u10dd\u10d2\u10e0\u10d0\u10d3\u10d8\u10e1 \u10dd\u10da\u10e5\u10d8<\/td>\n<td>\u10d3\u10d0\u10d1\u10d0\u10d3\u10d4\u10d1\u10d8\u10e1 \u10d0\u10d3\u10d2\u10d8\u10da\u10d8: \u10e0\u10e3\u10e1\u10d4\u10d7\u10d8, \u10db\u10dd\u10e1\u10d9\u10dd\u10d5\u10d8<\/td>\n<\/tr>\n<tr>\n<td>\u10de\u10d8\u10e0\u10d0\u10d3\u10d8 \u10dc\u10dd\u10db\u10d4\u10e0\u10d8:<\/td>\n<td>\u10de\u10d8\u10e0\u10d0\u10d3\u10d8 \u10dc\u10dd\u10db\u10d4\u10e0\u10d8:<\/td>\n<\/tr>\n<tr>\n<td>\u10db\u10dd\u10e5\u10d0\u10da\u10d0\u10e5\u10d4\u10dd\u10d1\u10d0: ____________________<\/td>\n<td>\u10db\u10dd\u10e5\u10d0\u10da\u10d0\u10e5\u10d4\u10dd\u10d1\u10d0: ______________<\/td>\n<\/tr>\n<tr>\n<td>\u10e5\u10dd\u10e0\u10ec\u10d8\u10dc\u10d4\u10d1\u10d8\u10e1 \u10d7\u10d0\u10e0\u10d8\u10e6\u10d8: __________<\/td>\n<td><\/td>\n<\/tr>\n<tr>\n<td>\u10e0\u10d4\u10d2\u10d8\u10e1\u10e2\u10e0\u10d0\u10ea\u10d8\u10d8\u10e1 \u10d7\u10d0\u10e0\u10d8\u10e6\u10d8: ____________<\/td>\n<td><\/td>\n<\/tr>\n<tr>\n<td>\u10e0\u10d4\u10d2\u10d8\u10e1\u10e2\u10e0\u10d0\u10ea\u10d8\u10d8\u10e1 \u10d0\u10d3\u10d2\u10d8\u10da\u10d8:<\/td>\n<td><\/td>\n<\/tr>\n<tr>\n<td>\u10d0\u10e5\u10e2\u10d8\u10e1 \u10e9\u10d0\u10dc\u10d0\u10ec\u10d4\u10e0\u10d8 \u2116: ________________<\/td>\n<td><\/td>\n<\/tr>\n<tr>\n<td>\u10e5\u10dd\u10e0\u10ec\u10d8\u10dc\u10d4\u10d1\u10d8\u10e1 \u10e8\u10d4\u10db\u10d3\u10d4\u10d2 \u10db\u10d0\u10d7\u10d8 \u10d2\u10d5\u10d0\u10e0\u10d4\u10d1\u10d8:<\/td>\n<td><\/td>\n<\/tr>\n<tr>\n<td>\u10ea\u10dd\u10da\u10d8: \u10de\u10dd\u10da\u10d8\u10d0\u10dc\u10d8\u10dc\u10d0<\/td>\n<td><\/td>\n<\/tr>\n<tr>\n<td>\u10e5\u10db\u10d0\u10e0\u10d8: \u10d0\u10e0\u10e2\u10d0\u10db\u10dd\u10dc\u10dd\u10d5<\/td>\n<td><\/td>\n<\/tr>\n<tr>\n<td>\u10d2\u10d0\u10ea\u10d4\u10db\u10d8\u10e1 \u10d7\u10d0\u10e0\u10d8\u10e6\u10d8: 2023 \u10ec\u10da\u10d8\u10e1 19 \u10d8\u10d5\u10dc\u10d8\u10e1\u10d8<\/td>\n<td><\/td>\n<\/tr>\n<tr>\n<td>\u10d2\u10d0\u10ea\u10d4\u10db\u10d8 \u10dd\u10e0\u10d2\u10d0\u10dc\u10dd:<\/td>\n<td><\/td>\n<\/tr>\n<tr>\n<td>\u10e3\u10e4\u10da\u10d4\u10d1\u10d0\u10db\u10dd\u10e1\u10d8\u10da\u10d8 \u10de\u10d8\u10e0\u10d8: \u10ef\u10d0\u10d1\u10d0 \u10e8\u10d0\u10e0\u10d5\u10d0\u10e8\u10d8\u10eb\u10d4<\/td>\n<td><\/td>\n<\/tr>\n<tr>\n<td>\u10e1\u10e1\u10d8\u10de \u10d7\u10d1\u10d8\u10da\u10d8\u10e1\u10d8\u10e1 \u10e1\u10d0\u10db\u10dd\u10e5\u10d0\u10da\u10d0\u10e5\u10dd \u10e0\u10d4\u10d4\u10e1\u10e2\u10e0\u10d8\u10e1 \u10e1\u10d0\u10db\u10e1\u10d0\u10ee\u10e3\u10e0\u10d8<\/td>\n<td><\/td>\n<\/tr>\n<\/tbody>\n<\/table>\n<\/figure>\n<h4 class=\"wp-block-heading\">\u10ee\u10d4\u10da\u10db\u10dd\u10ec\u10d4\u10e0\u10d0:<\/h4>\n<h4 class=\"wp-block-heading\">\u10e1\u10de\u10d4\u10ea\u10d8\u10d0\u10da\u10d8\u10e1\u10e2\u10d8 <strong><em><strong><em>________________<\/em><\/strong><\/em><\/strong><\/h4>\n<h4 class=\"wp-block-heading\">\u10e1\u10e1\u10d8\u10de \u10d7\u10d1\u10d8\u10da\u10d8\u10e1\u10d8\u10e1 \u10e1\u10d0\u10db\u10dd\u10e5\u10d0\u10da\u10d0\u10e5\u10dd \u10e0\u10d4\u10d4\u10e1\u10e2\u10e0\u10d8\u10e1 \u10e1\u10d0\u10db\u10e1\u10d0\u10ee\u10e3\u10e0\u10d8<\/h4>\n<p>\u10d3\u10dd\u10d9\u10e3\u10db\u10d4\u10dc\u10e2\u10d8 \u10d0\u10e0\u10d8\u10e1 \u10d4\u10da\u10d4\u10e5\u10e2\u10e0\u10dd\u10dc\u10e3\u10da\u10d8. \u10d3\u10d0\u10db\u10d0\u10e2\u10d4\u10d1\u10d8\u10d7\u10d8 \u10d8\u10dc\u10e4\u10dd\u10e0\u10db\u10d0\u10ea\u10d8\u10d8\u10e1\u10d7\u10d5\u10d8\u10e1 (http:\/\/sda.gov.ge) \u2014 \u10d8\u10dc\u10e4\u10dd\u10e0\u10db\u10d0\u10ea\u10d8\u10d8\u10e1 \u10d2\u10d0\u10d3\u10d0\u10db\u10dd\u10ec\u10db\u10d4\u10d1\u10d8\u10e1 \u10d0\u10dc \u10d0\u10e0 \u10d0\u10e0\u10e1\u10d4\u10d1\u10dd\u10d1\u10d8\u10e1 \u10e8\u10d4\u10e1\u10d0\u10db\u10dd\u10ec\u10db\u10d4\u10d1\u10da\u10d0\u10d3. \u10d3\u10dd\u10d9\u10e3\u10db\u10d4\u10dc\u10e2\u10d8 \u10e8\u10d4\u10e1\u10d0\u10eb\u10da\u10d4\u10d1\u10d4\u10da\u10d8\u10d0 \u10e9\u10d0\u10db\u10dd\u10e2\u10d5\u10d8\u10e0\u10d7\u10dd\u10d7 \u10d5\u10d4\u10d1\u10d2\u10d5\u10d4\u10e0\u10d3\u10d8\u10d3\u10d0\u10dc (http:\/\/sda.gov.ge) \u10dc\u10dd\u10db\u10e0\u10d8\u10d7 ACT_____________ \u10ec\u10da\u10d8\u10e1 \u10d2\u10d0\u10dc\u10db\u10d0\u10d5\u10da\u10dd\u10d1\u10d0\u10e8\u10d8.<\/p>\n<h4 class=\"wp-block-heading\">\u10ee\u10d4\u10da\u10db\u10dd\u10ec\u10d4\u10e0\u10d8\u10da\u10d8\u10d0 \u10d3\u10d0\/\u10d0\u10dc \u10e8\u10d4\u10d3\u10d0\u10e0\u10d4\u10d1\u10e3\u10da\u10d8\u10d0 \u10d4\u10da\u10d4\u10e5\u10e2\u10e0\u10dd\u10dc\u10e3\u10da\u10d0\u10d3<\/h4>\n<h5 class=\"wp-block-heading\">\u10e1\u10e1\u10d8\u10de \u10d7\u10d1\u10d8\u10da\u10d8\u10e1\u10d8\u10e1 \u10e1\u10d0\u10db\u10dd\u10e5\u10d0\u10da\u10d0\u10e5\u10dd \u10e0\u10d4\u10d4\u10e1\u10e2\u10e0\u10d8\u10e1 \u10e1\u10d0\u10db\u10e1\u10d0\u10ee\u10e3\u10e0\u10d8<\/h5>\n<h3 class=\"wp-block-heading\"><strong>G\u00fcrcistan&#8217;dan Rus\u00e7a evlilik belgesi. Evlilik belgesinin Rus\u00e7aya \u00e7evirisi<\/strong> <strong>dili<\/strong><\/h3>\n<p><strong>Dikkat edin, G\u00fcrcistan&#8217;da evlilik belgesi sadece G\u00fcrc\u00fcce olarak verilir.<\/strong> \u00c7eviri b\u00fcrolar\u0131nda \u00e7evrilebilir \u2014 bizim ajans\u0131m\u0131zda<\/p>\n<h3 class=\"wp-block-heading\">G\u00fcrcistan Cumhuriyeti<\/h3>\n<h3 class=\"wp-block-heading\">Evlilik Belgesi<\/h3>\n<figure class=\"wp-block-table\">\n<table>\n<thead>\n<tr>\n<th><\/th>\n<th><\/th>\n<\/tr>\n<\/thead>\n<tbody>\n<tr>\n<td>Kad\u0131n:<\/td>\n<td>Erkek:<\/td>\n<\/tr>\n<tr>\n<td>Ad\u0131: ______________________<\/td>\n<td>Ad\u0131: __________<\/td>\n<\/tr>\n<tr>\n<td>Soyad\u0131: __________________<\/td>\n<td>Soyad\u0131: ___________<\/td>\n<\/tr>\n<tr>\n<td>Do\u011fum tarihi: __________ y\u0131l\u0131<\/td>\n<td>Do\u011fum tarihi: _______ y\u0131l\u0131<\/td>\n<\/tr>\n<tr>\n<td>Do\u011fum yeri: Ukrayna, Kirovograd B\u00f6lgesi<\/td>\n<td>Do\u011fum yeri: Rusya, Moskova<\/td>\n<\/tr>\n<tr>\n<td>Ki\u015fisel numara: ________________<\/td>\n<td>Ki\u015fisel numara: _______<\/td>\n<\/tr>\n<tr>\n<td>Vatanda\u015fl\u0131k: Ukrayna<\/td>\n<td>Vatanda\u015fl\u0131k: Rusya<\/td>\n<\/tr>\n<tr>\n<td>Evlilik tarihi: 19 Haziran 2023<\/td>\n<td><\/td>\n<\/tr>\n<tr>\n<td>Kay\u0131t tarihi: 19 Haziran 2023<\/td>\n<td><\/td>\n<\/tr>\n<tr>\n<td>Kay\u0131t yeri:<\/td>\n<td><\/td>\n<\/tr>\n<tr>\n<td>Kay\u0131t numaras\u0131: _____________________<\/td>\n<td><\/td>\n<\/tr>\n<tr>\n<td>Evlilikten sonraki soyadlar\u0131:<\/td>\n<td><\/td>\n<\/tr>\n<tr>\n<td>E\u015f: __________________<\/td>\n<td><\/td>\n<\/tr>\n<tr>\n<td>Koca: _____________________<\/td>\n<td><\/td>\n<\/tr>\n<tr>\n<td>Verili\u015f tarihi: 19 Haziran 2023<\/td>\n<td><\/td>\n<\/tr>\n<tr>\n<td>Belgeyi veren kurum:<\/td>\n<td><\/td>\n<\/tr>\n<tr>\n<td>Yetkili ki\u015fi: ____________________<\/td>\n<td><\/td>\n<\/tr>\n<tr>\n<td>Tiflis \u015eehir Y\u00f6netimi Sivil Kay\u0131t Ajans\u0131<\/td>\n<td><\/td>\n<\/tr>\n<\/tbody>\n<\/table>\n<\/figure>\n<h4 class=\"wp-block-heading\">\u0130mza:<\/h4>\n<h4 class=\"wp-block-heading\">Uzman <strong><em><strong><em>________________<\/em><\/strong><\/em><\/strong><\/h4>\n<h4 class=\"wp-block-heading\">Tiflis \u015eehir Y\u00f6netimi Sivil Kay\u0131t Ajans\u0131<\/h4>\n<p>Belge elektroniktir. Bilgiler ajans\u0131n web sitesinde (http:\/\/sda.gov.ge) kontrol edilebilir \u2014 verilerin var olup olmad\u0131\u011f\u0131. Bu belge web sitesinden (http:\/\/sda.gov.ge) ACT___________________ numaras\u0131yla 1 y\u0131l s\u00fcreyle indirilebilir.<\/p>\n<h4 class=\"wp-block-heading\">Ka\u015fe:<\/h4>\n<p>Belge elektronik olarak imzalanm\u0131\u015f ve\/veya onaylanm\u0131\u015ft\u0131r<\/p>\n<h4 class=\"wp-block-heading\">Tiflis \u015eehir Y\u00f6netimi Sivil Kay\u0131t Ajans\u0131<\/h4>\n<p><strong>Dikkat edin! G\u00fcrcistan evlilik belgesinde, d\u00fcnyadaki \u00e7o\u011fu \u00fclkede oldu\u011fu gibi <span style=\"text-decoration: underline;\">E\u015eLER\u0130N BABA ADI YAZILMAZ<\/span>. G\u00fcrc\u00fc sertifikalar\u0131nda baba ad\u0131 yoktur ve talep etmeyin. <\/strong><\/p>\n<p><strong>Dikkat edin! G\u00fcrc\u00fc evlilik belgesinde, d\u00fcnyadaki \u00e7o\u011fu \u00fclkede oldu\u011fu gibi <span style=\"text-decoration: underline;\">E\u015eLER\u0130N M\u0130LL\u0130YET\u0130 YAZILMAZ<\/span>. E\u011fer milliyetle ilgili ayr\u0131 bir belgeye ihtiyac\u0131n\u0131z varsa \u2014 ajans\u0131m\u0131za ba\u015fvurun.<\/strong><\/p>\n<p><em>Baba ad\u0131 ve milliyetin yaz\u0131l\u0131 oldu\u011fu eski Sovyet do\u011fum belgesine at\u0131fta bulunabilirsiniz. Unutmay\u0131n ki <strong>belge format\u0131 de\u011fi\u015fti ve G\u00fcrcistan&#8217;da yasal olarak onaylanm\u0131\u015f forma g\u00f6re veriliyor.<\/strong><\/em><\/p>\n<h3 class=\"wp-block-heading\"><strong>\u00d6rnek \u2014 G\u00fcrcistan evlilik belgesi. G\u00fcrcistan&#8217;dan evlilik belgesi nas\u0131l g\u00f6r\u00fcn\u00fcr<\/strong><\/h3>\n<figure class=\"wp-block-image size-full\"><img alt=\"G\u00fcrcistan'dan evlilik belgesi - Sovyet d\u00f6nemi \u00f6rne\u011fi.\" class=\"wp-image-449 lazyload\" data-src=\"https:\/\/documents.ge\/wp-content\/uploads\/2024\/07\/\u0421\u0432\u0438\u0434\u0435\u0442\u0435\u043b\u044c\u0441\u0442\u043e\u0432-\u043e-\u0431\u0440\u0430\u043a\u0435-\u0441\u0442\u0430\u0440\u043e\u0433\u043e-\u043e\u0431\u0440\u0430\u0437\u0446\u0430-\u0421\u0421\u0421\u0420-\u0413\u0440\u0443\u0437\u0438\u044f-1.gif\" decoding=\"async\" height=\"597\" src=\"data:image\/gif;base64,R0lGODlhAQABAAAAACH5BAEKAAEALAAAAAABAAEAAAICTAEAOw==\" style=\"--smush-placeholder-width: 800px; --smush-placeholder-aspect-ratio: 800\/597;\" title=\"Sovyet d\u00f6nemi evlilik belgesi apostille yap\u0131lamaz\" width=\"800\"\/><figcaption class=\"wp-element-caption\">Rus\u00e7a (Kiril) ve G\u00fcrc\u00fcce eski Sovyet d\u00f6nemi evlilik belgesi. G\u00fcrcistan \u2014 1960 y\u0131l\u0131<\/figcaption><\/figure>\n<figure class=\"wp-block-image\"><img alt=\"G\u00fcrc\u00fcce evlilik belgesi. G\u00fcrcistan\" class=\"wp-image-77 lazyload\" data-src=\"http:\/\/documents.ge\/wp-content\/uploads\/2019\/03\/%D1%81%D0%B2%D0%B8%D0%B4%D0%B5%D1%82%D0%B5%D0%BB%D1%8C%D1%81%D1%82%D0%B2%D0%BE-%D0%BE-%D0%B1%D1%80%D0%B0%D0%BA%D0%B5-1024x743.jpg\" decoding=\"async\" src=\"data:image\/gif;base64,R0lGODlhAQABAAAAACH5BAEKAAEALAAAAAABAAEAAAICTAEAOw==\" style=\"--smush-placeholder-width: 1024px; --smush-placeholder-aspect-ratio: 1024\/743;\" title=\"Eski d\u00f6nem evlilik belgesi, \u00f6rnek \u2014 G\u00fcrcistan\"\/><figcaption class=\"wp-element-caption\">Eski d\u00f6nem evlilik belgesi 2018 y\u0131l\u0131 \u2014 G\u00fcrcistan<\/figcaption><\/figure>\n<figure class=\"wp-block-image size-full\"><img alt=\"Yeni d\u00f6nem evlilik belgesi - G\u00fcrcistan Cumhuriyeti\" class=\"wp-image-359 lazyload\" data-sizes=\"(max-width: 800px) 100vw, 800px\" data-src=\"https:\/\/documents.ge\/wp-content\/uploads\/2024\/07\/Marriage_Certificate_Republic_of_Georgia_2023.png\" data-srcset=\"https:\/\/documents.ge\/wp-content\/uploads\/2024\/07\/Marriage_Certificate_Republic_of_Georgia_2023.png 800w, https:\/\/documents.ge\/wp-content\/uploads\/2024\/07\/Marriage_Certificate_Republic_of_Georgia_2023-300x213.png 300w, https:\/\/documents.ge\/wp-content\/uploads\/2024\/07\/Marriage_Certificate_Republic_of_Georgia_2023-768x546.png 768w\" decoding=\"async\" height=\"569\" src=\"data:image\/gif;base64,R0lGODlhAQABAAAAACH5BAEKAAEALAAAAAABAAEAAAICTAEAOw==\" style=\"--smush-placeholder-width: 800px; --smush-placeholder-aspect-ratio: 800\/569;\" title=\"Evlilik belgesi, yeni d\u00f6nem \u00f6rne\u011fi - G\u00fcrcistan Cumhuriyeti\" width=\"800\"\/><figcaption class=\"wp-element-caption\">Yeni d\u00f6nem evlilik belgesi 2024 y\u0131l\u0131- G\u00fcrcistan Cumhuriyeti<\/figcaption><\/figure>\n<p><strong>Evlilik belgesi genellikle \u015funlar i\u00e7in gereklidir:<\/strong><\/p>\n<ul class=\"wp-block-list\">\n<li>G\u00fcrcistan veya ba\u015fka bir \u00fclke vatanda\u015fl\u0131\u011f\u0131 almak<\/li>\n<li>Evlilikten sonra al\u0131nan di\u011fer belgelerde soyad\u0131, ad d\u00fczeltmek i\u00e7in temel olarak<\/li>\n<li>G\u00fcrcistan veya di\u011fer \u00fclkelerde oturma izni i\u00e7in<\/li>\n<li>Akrabal\u0131k ili\u015fkisini (yak\u0131n) alt nesillere do\u011frulamak i\u00e7in<\/li>\n<li>\u00d6zel ko\u015fullarla i\u015fe al\u0131mda stat\u00fcy\u00fc do\u011frulamak i\u00e7in<\/li>\n<li>\u00c7al\u0131\u015fma veya \u00f6\u011frenci vizesiyle g\u00f6\u00e7 veya g\u00f6\u00e7 i\u00e7in<\/li>\n<li>Nafaka veya miras almak i\u00e7in<\/li>\n<\/ul>\n<p><strong>G\u00fcrcistan&#8217;da evlilik belgesi nereden al\u0131nabilir<\/strong><\/p>\n<p>G\u00fcrcistan&#8217;da evlilik belgesi, kay\u0131t belgesinde hata olmad\u0131\u011f\u0131ndan eminseniz Tiflis Adalet Saray\u0131&#8217;ndan al\u0131nabilir. E\u011fer hatalar varsa veya evlilik kayd\u0131 ar\u015five ula\u015fmam\u0131\u015fsa, evlili\u011fin yap\u0131ld\u0131\u011f\u0131 N\u00fcfus M\u00fcd\u00fcrl\u00fc\u011f\u00fc&#8217;ne ba\u015fvurmak gerekecektir.<\/p>\n<p><strong>Bo\u015fanm\u0131\u015fsan\u0131z ama evlilik belgesi istendi<\/strong><\/p>\n<p>Avrupa, ABD, Kanada veya \u0130srail&#8217;de genellikle bo\u015fanm\u0131\u015f veya dul olsan\u0131z bile evlilik bilgilerini sunman\u0131z istenir. Bu durumda evlilik kayd\u0131ndan bir \u00f6zet alabilirsiniz. <a href=\"https:\/\/documents.ge\/%D0%B0%D0%BA%D1%82%D0%BE%D0%B2%D0%B0%D1%8F-%D0%B7%D0%B0%D0%BF%D0%B8%D1%81%D1%8C-%D0%BE-%D0%B1%D1%80%D0%B0%D0%BA%D0%B5-%D0%B2%D1%8B%D0%BF%D0%B8%D1%81%D0%BA%D0%B0-%D0%BE-%D0%B1%D1%80%D0%B0%D0%BA%D0%B5\/\" rel=\"noreferrer noopener\" target=\"_blank\">Kay\u0131t belgesi<\/a> evlili\u011fin yap\u0131ld\u0131\u011f\u0131 yerin N\u00fcfus M\u00fcd\u00fcrl\u00fc\u011f\u00fc&#8217;nde saklan\u0131r.<\/p>\n<p><strong>Eski bir evlilik belgeniz varsa<\/strong>, ancak yeni bir belge isteniyorsa (veya \u00f6rne\u011fin apostil i\u00e7in yeni bir belge gerekiyorsa) ne yapmal\u0131s\u0131n\u0131z.<\/p>\n<p>E\u011fer Sovyet d\u00f6nemi G\u00fcrc\u00fc evlilik belgeniz varsa, maalesef bu belge Avrupa, ABD, Kanada, Yeni Zelanda ve di\u011fer bir\u00e7ok \u00fclkede kabul edilmeyebilir. Ayr\u0131ca bu evlilik belgesi ne apostillenebilir ne de konsoloslukta yasal hale getirilebilir.<\/p>\n<p><strong>Evlilik belgesinin asl\u0131n\u0131 al<\/strong><\/p>\n","protected":false},"excerpt":{"rendered":"<p>&#8220;`html G\u00fcrcistan&#8217;da evlilik belgesi almak en fazla 2 hafta s\u00fcrer. Y\u00fcksek \u00fccret kar\u015f\u0131l\u0131\u011f\u0131nda 1-2 i\u015f g\u00fcn\u00fc i\u00e7inde sipari\u015f edilebilir. G\u00fcrcistan&#8217;da Evlilik Belgesi alma s\u00fcresi m\u00fc\u015fterinin iste\u011fine ba\u011fl\u0131d\u0131r. G\u00fcrc\u00fc evlilik belgesinin metni. G\u00fcrcistan&#8217;da evlilik belgesinde ne yaz\u0131yor. G\u00fcrc\u00fcce \u10e1\u10d0\u10e5\u10d0\u10e0\u10d7\u10d5\u10d4\u10da\u10dd\u10e1 \u10e0\u10d4\u10e1\u10de\u10e3\u10d1\u10da\u10d8\u10d9\u10d0 \u10e5\u10dd\u10e0\u10ec\u10d8\u10dc\u10d4\u10d1\u10d8\u10e1 \u10db\u10dd\u10ec\u10db\u10dd\u10d1\u10d0 \u10e5\u10d0\u10da\u10d8: \u10db\u10d0\u10db\u10d0\u10d9\u10d0\u10ea\u10d8: \u10e1\u10d0\u10ee\u10d4\u10da\u10d8: ____________________ \u10e1\u10d0\u10ee\u10d4\u10da\u10d8: ________________ \u10d2\u10d5\u10d0\u10e0\u10d8: _________________ \u10d2\u10d5\u10d0\u10e0\u10d8: __________________________ \u10d3\u10d0\u10d1\u10d0\u10d3\u10d4\u10d1\u10d8\u10e1 \u10d7\u10d0\u10e0\u10d8\u10e6\u10d8: ___________________ \u10d3\u10d0\u10d1\u10d0\u10d3\u10d4\u10d1\u10d8\u10e1 &#8230; <a title=\"G\u00fcrcistan evlilik belgesi\" class=\"read-more\" href=\"https:\/\/documents.ge\/tr\/gurcistan-evlilik-belgesi\/\" aria-label=\"Read more about G\u00fcrcistan evlilik belgesi\">\u0427\u0438\u0442\u0430\u0442\u044c \u0434\u0430\u043b\u0435\u0435<\/a><\/p>\n","protected":false},"author":1,"featured_media":0,"parent":0,"menu_order":0,"comment_status":"closed","ping_status":"closed","template":"","meta":{"_acf_changed":false,"_monsterinsights_skip_tracking":false,"_monsterinsights_sitenote_active":false,"_monsterinsights_sitenote_note":"","_monsterinsights_sitenote_category":0,"footnotes":""},"yst_prominent_words":[],"class_list":["post-13","page","type-page","status-publish"],"acf":[],"_links":{"self":[{"href":"https:\/\/documents.ge\/tr\/wp-json\/wp\/v2\/pages\/13","targetHints":{"allow":["GET"]}}],"collection":[{"href":"https:\/\/documents.ge\/tr\/wp-json\/wp\/v2\/pages"}],"about":[{"href":"https:\/\/documents.ge\/tr\/wp-json\/wp\/v2\/types\/page"}],"author":[{"embeddable":true,"href":"https:\/\/documents.ge\/tr\/wp-json\/wp\/v2\/users\/1"}],"replies":[{"embeddable":true,"href":"https:\/\/documents.ge\/tr\/wp-json\/wp\/v2\/comments?post=13"}],"version-history":[{"count":0,"href":"https:\/\/documents.ge\/tr\/wp-json\/wp\/v2\/pages\/13\/revisions"}],"wp:attachment":[{"href":"https:\/\/documents.ge\/tr\/wp-json\/wp\/v2\/media?parent=13"}],"wp:term":[{"taxonomy":"yst_prominent_words","embeddable":true,"href":"https:\/\/documents.ge\/tr\/wp-json\/wp\/v2\/yst_prominent_words?post=13"}],"curies":[{"name":"wp","href":"https:\/\/api.w.org\/{rel}","templated":true}]}}