{"id":14,"date":"2025-04-06T13:19:37","date_gmt":"2025-04-06T13:19:37","guid":{"rendered":"https:\/\/documents.ge\/tr\/gurcistanda-dogum-belgesi-nasil-alinir\/"},"modified":"2025-04-06T13:19:37","modified_gmt":"2025-04-06T13:19:37","slug":"gurcistanda-dogum-belgesi-nasil-alinir","status":"publish","type":"page","link":"https:\/\/documents.ge\/tr\/gurcistanda-dogum-belgesi-nasil-alinir\/","title":{"rendered":"G\u00fcrcistan&#8217;da do\u011fum belgesi nas\u0131l al\u0131n\u0131r"},"content":{"rendered":"<p>G\u00fcrcistan&#8217;da do\u011fum belgesi ilk kez (sertifika, metrik, do\u011fum belgesi veya belge olarak da adland\u0131r\u0131l\u0131r) G\u00fcrcistan&#8217;\u0131n do\u011fum yerindeki N\u00fcfus M\u00fcd\u00fcrl\u00fc\u011f\u00fc&#8217;nden al\u0131nabilir. Orijinal veya G\u00fcrcistan&#8217;dan ilk do\u011fum belgesi hakk\u0131nda konu\u015fursak, bu \u00f6zel bir prosed\u00fcrle &#8211; do\u011fum hastanesinden al\u0131nan bir belge ile elde edilir.<\/p>\n<p>Do\u011fum belgesinin bir kopyas\u0131ndan bahsediyorsak &#8211; bu, do\u011fum yerindeki N\u00fcfus M\u00fcd\u00fcrl\u00fc\u011f\u00fc&#8217;nde \u00f6zel bir formatta al\u0131nabilir.<\/p>\n<p>Do\u011fum belgesinin bir kopyas\u0131n\u0131 G\u00fcrcistan Adalet Evi&#8217;nden alabilirsiniz. Adalet Evi, G\u00fcrcistan&#8217;da \u00e7ok i\u015flevli bir Birle\u015fik Belge Merkezi&#8217;dir.<\/p>\n<p>Do\u011fum belgesi, do\u011fan ki\u015finin ad\u0131n\u0131 ve soyad\u0131n\u0131 i\u00e7erir. Baba ve annenin ad\u0131 ve soyad\u0131. Metrikte ebeveynlerin patronimi yaz\u0131lmaz. Belgede ayr\u0131ca do\u011fan ki\u015finin veya ebeveynlerinin milliyeti hakk\u0131nda bilgi bulunmaz. Milliyet bilgilerini almak i\u00e7in G\u00fcrcistan&#8217;da s\u0131kl\u0131kla milliyet belirtilen do\u011fum belgesi olarak adland\u0131r\u0131lan farkl\u0131 bir belge talep etmek gerekir. Orada ba\u015fvuru sahibinin milliyeti belirtilecektir.<\/p><\/p>\n","protected":false},"excerpt":{"rendered":"<p>G\u00fcrcistan&#8217;da do\u011fum belgesi ilk kez (sertifika, metrik, do\u011fum belgesi veya belge olarak da adland\u0131r\u0131l\u0131r) G\u00fcrcistan&#8217;\u0131n do\u011fum yerindeki N\u00fcfus M\u00fcd\u00fcrl\u00fc\u011f\u00fc&#8217;nden al\u0131nabilir. Orijinal veya G\u00fcrcistan&#8217;dan ilk do\u011fum belgesi hakk\u0131nda konu\u015fursak, bu \u00f6zel bir prosed\u00fcrle &#8211; do\u011fum hastanesinden al\u0131nan bir belge ile elde edilir. Do\u011fum belgesinin bir kopyas\u0131ndan bahsediyorsak &#8211; bu, do\u011fum yerindeki N\u00fcfus M\u00fcd\u00fcrl\u00fc\u011f\u00fc&#8217;nde \u00f6zel bir formatta &#8230; <a title=\"G\u00fcrcistan&#8217;da do\u011fum belgesi nas\u0131l al\u0131n\u0131r\" class=\"read-more\" href=\"https:\/\/documents.ge\/tr\/gurcistanda-dogum-belgesi-nasil-alinir\/\" aria-label=\"Read more about G\u00fcrcistan&#8217;da do\u011fum belgesi nas\u0131l al\u0131n\u0131r\">\u0427\u0438\u0442\u0430\u0442\u044c \u0434\u0430\u043b\u0435\u0435<\/a><\/p>\n","protected":false},"author":1,"featured_media":0,"parent":0,"menu_order":0,"comment_status":"closed","ping_status":"closed","template":"","meta":{"_acf_changed":false,"_monsterinsights_skip_tracking":false,"_monsterinsights_sitenote_active":false,"_monsterinsights_sitenote_note":"","_monsterinsights_sitenote_category":0,"footnotes":""},"yst_prominent_words":[],"class_list":["post-14","page","type-page","status-publish"],"acf":[],"_links":{"self":[{"href":"https:\/\/documents.ge\/tr\/wp-json\/wp\/v2\/pages\/14","targetHints":{"allow":["GET"]}}],"collection":[{"href":"https:\/\/documents.ge\/tr\/wp-json\/wp\/v2\/pages"}],"about":[{"href":"https:\/\/documents.ge\/tr\/wp-json\/wp\/v2\/types\/page"}],"author":[{"embeddable":true,"href":"https:\/\/documents.ge\/tr\/wp-json\/wp\/v2\/users\/1"}],"replies":[{"embeddable":true,"href":"https:\/\/documents.ge\/tr\/wp-json\/wp\/v2\/comments?post=14"}],"version-history":[{"count":0,"href":"https:\/\/documents.ge\/tr\/wp-json\/wp\/v2\/pages\/14\/revisions"}],"wp:attachment":[{"href":"https:\/\/documents.ge\/tr\/wp-json\/wp\/v2\/media?parent=14"}],"wp:term":[{"taxonomy":"yst_prominent_words","embeddable":true,"href":"https:\/\/documents.ge\/tr\/wp-json\/wp\/v2\/yst_prominent_words?post=14"}],"curies":[{"name":"wp","href":"https:\/\/api.w.org\/{rel}","templated":true}]}}