{"id":15,"date":"2025-04-06T13:21:05","date_gmt":"2025-04-06T13:21:05","guid":{"rendered":"https:\/\/documents.ge\/tr\/vekaletname-nedir\/"},"modified":"2025-04-06T13:21:05","modified_gmt":"2025-04-06T13:21:05","slug":"vekaletname-nedir","status":"publish","type":"page","link":"https:\/\/documents.ge\/tr\/vekaletname-nedir\/","title":{"rendered":"&#8220;Vekaletname&#8221; nedir"},"content":{"rendered":"<p><strong>Vekaletname<\/strong>, bir ki\u015fiye veya vekaletnamede belirtilen ki\u015fiye, ger\u00e7ek veya t\u00fczel ki\u015finin menfaatlerini temsil etme yetkisi veren \u00f6zel bir belgedir.<\/p>\n<p>Vekaletname genel ve \u00f6zel olmak \u00fczere ikiye ayr\u0131l\u0131r \u2014 \u00f6zel yetkiler (eylemler) i\u00e7in. Genel vekaletname \u00e7ocuklar\u0131n\u0131za veya ebeveynlerinize vermek uygun olabilir.<\/p>\n<p><strong>Vekaletnamenin bir ge\u00e7erlilik s\u00fcresi vard\u0131r.<\/strong> Bu s\u00fcre vekaletnamede belirtilir. E\u011fer vekaletnamede s\u00fcre belirtilmemi\u015fse, genellikle 1 y\u0131l ge\u00e7erlidir. Baz\u0131 \u00fclkelerde bu, vekaletnamenin s\u00fcresiz ge\u00e7erli oldu\u011fu anlam\u0131na gelir. Ancak, \u00e7o\u011fu \u00fclkede s\u00fcresiz vekaletnameler i\u00e7in bu durumun vekaletname metninde belirtilmesi gerekti\u011fine dair bir kural vard\u0131r.<\/p>\n<p>Baz\u0131 \u00fclkelerde vekaletnamenin s\u00fcresi yasayla s\u0131n\u0131rland\u0131r\u0131lm\u0131\u015ft\u0131r ve \u00f6rne\u011fin 3 y\u0131l\u0131 ge\u00e7emez. Yani daha uzun bir s\u00fcre belirtmek m\u00fcmk\u00fcn de\u011fildir.<\/p>\n<p>Vekaletname noterde, konsoloslukta (konsolos taraf\u0131ndan), hastanede (doktor taraf\u0131ndan), e\u011fer ki\u015fi sa\u011fl\u0131k durumu nedeniyle hastaneden ayr\u0131lam\u0131yorsa, yerel y\u00f6netim organlar\u0131nda (\u00f6rne\u011fin \u0130talya&#8217;da bu m\u00fcmk\u00fcnd\u00fcr) d\u00fczenlenebilir. Vekaletname ayn\u0131 zamanda bir t\u00fczel ki\u015fi (\u015firket) ad\u0131na m\u00fcd\u00fcr taraf\u0131ndan da verilebilir.<\/p>\n<p><strong>Bir \u015firket taraf\u0131ndan verilen vekaletname<\/strong>, \u00fclke i\u00e7indeki i\u015flemler i\u00e7in genellikle noter onay\u0131 gerektirmez. Ancak, yurtd\u0131\u015f\u0131nda menfaatleri korumak veya temsil etmek i\u00e7in, vekaletname konsolosluk veya noter onayl\u0131 olmal\u0131 ve apostil veya legalizasyon (e\u011fer \u00fclkeler aras\u0131nda belgelerin basitle\u015ftirilmi\u015f dola\u015f\u0131m\u0131na ili\u015fkin anla\u015fma yoksa) gerektirir.<\/p>\n<p>Vekaletnamede her iki taraf\u0131n bilgileri \u2014 vekil ve vekalet veren (pasaport, do\u011fum tarihleri, ki\u015fisel numaralar veya kodlar), vekaletnamenin d\u00fczenlenme tarihi, yetkiler ve vekaletnamenin ge\u00e7erlilik s\u00fcresi belirtilir.<\/p>\n<p>Apostil \u00fclkeleri i\u00e7in \u2014 apostil gereklidir. Di\u011fer \u00fclkeler i\u00e7in \u2014 legalizasyon.<\/p>\n","protected":false},"excerpt":{"rendered":"<p>Vekaletname, bir ki\u015fiye veya vekaletnamede belirtilen ki\u015fiye, ger\u00e7ek veya t\u00fczel ki\u015finin menfaatlerini temsil etme yetkisi veren \u00f6zel bir belgedir. Vekaletname genel ve \u00f6zel olmak \u00fczere ikiye ayr\u0131l\u0131r \u2014 \u00f6zel yetkiler (eylemler) i\u00e7in. Genel vekaletname \u00e7ocuklar\u0131n\u0131za veya ebeveynlerinize vermek uygun olabilir. Vekaletnamenin bir ge\u00e7erlilik s\u00fcresi vard\u0131r. Bu s\u00fcre vekaletnamede belirtilir. E\u011fer vekaletnamede s\u00fcre belirtilmemi\u015fse, genellikle 1 &#8230; <a title=\"&#8220;Vekaletname&#8221; nedir\" class=\"read-more\" href=\"https:\/\/documents.ge\/tr\/vekaletname-nedir\/\" aria-label=\"Read more about &#8220;Vekaletname&#8221; nedir\">\u0427\u0438\u0442\u0430\u0442\u044c \u0434\u0430\u043b\u0435\u0435<\/a><\/p>\n","protected":false},"author":1,"featured_media":0,"parent":0,"menu_order":0,"comment_status":"closed","ping_status":"closed","template":"","meta":{"_acf_changed":false,"_monsterinsights_skip_tracking":false,"_monsterinsights_sitenote_active":false,"_monsterinsights_sitenote_note":"","_monsterinsights_sitenote_category":0,"footnotes":""},"yst_prominent_words":[],"class_list":["post-15","page","type-page","status-publish"],"acf":[],"_links":{"self":[{"href":"https:\/\/documents.ge\/tr\/wp-json\/wp\/v2\/pages\/15","targetHints":{"allow":["GET"]}}],"collection":[{"href":"https:\/\/documents.ge\/tr\/wp-json\/wp\/v2\/pages"}],"about":[{"href":"https:\/\/documents.ge\/tr\/wp-json\/wp\/v2\/types\/page"}],"author":[{"embeddable":true,"href":"https:\/\/documents.ge\/tr\/wp-json\/wp\/v2\/users\/1"}],"replies":[{"embeddable":true,"href":"https:\/\/documents.ge\/tr\/wp-json\/wp\/v2\/comments?post=15"}],"version-history":[{"count":0,"href":"https:\/\/documents.ge\/tr\/wp-json\/wp\/v2\/pages\/15\/revisions"}],"wp:attachment":[{"href":"https:\/\/documents.ge\/tr\/wp-json\/wp\/v2\/media?parent=15"}],"wp:term":[{"taxonomy":"yst_prominent_words","embeddable":true,"href":"https:\/\/documents.ge\/tr\/wp-json\/wp\/v2\/yst_prominent_words?post=15"}],"curies":[{"name":"wp","href":"https:\/\/api.w.org\/{rel}","templated":true}]}}