{"id":17,"date":"2025-04-06T13:23:34","date_gmt":"2025-04-06T13:23:34","guid":{"rendered":"https:\/\/documents.ge\/tr\/vatandaslik-belgesi\/"},"modified":"2025-04-06T13:23:34","modified_gmt":"2025-04-06T13:23:34","slug":"vatandaslik-belgesi","status":"publish","type":"page","link":"https:\/\/documents.ge\/tr\/vatandaslik-belgesi\/","title":{"rendered":"Vatanda\u015fl\u0131k belgesi"},"content":{"rendered":"<p>G\u00fcrcistan vatanda\u015fl\u0131k belgesi, genellikle yabanc\u0131 \u00fclkeler ve kurumlar\u0131 taraf\u0131ndan G\u00fcrcistan vatanda\u015flar\u0131n\u0131n ikametgah\u0131n\u0131 do\u011frulamak veya yurtd\u0131\u015f\u0131ndaki gelir kaynaklar\u0131n\u0131 belgelemek i\u00e7in talep edilir.<\/p>\n<p>Vatanda\u015fl\u0131k belgesi talep edilmesinin sebepleri ne olursa olsun, ajans\u0131m\u0131z en k\u0131sa s\u00fcrede bu belgeyi sa\u011flayacakt\u0131r.<\/p>\n<p>G\u00fcrcistan&#8217;daki avukatlar\u0131m\u0131za telefon, e-posta, Skype, WhatsApp, Viber veya Telegram \u00fczerinden ula\u015fabilirsiniz.<\/p>\n<h2 class=\"wp-block-heading\">G\u00fcrcistan Telefon Numaras\u0131<\/h2>\n<p><strong>\u0130leti\u015fim Telefonu<\/strong><br \/>+373 67 666 333<\/p>\n<p><strong>\u00c7al\u0131\u015fma Saatleri<\/strong><br \/>Pazartesi\u2013Cuma: 9:00\u201317:00<\/p>\n","protected":false},"excerpt":{"rendered":"<p>G\u00fcrcistan vatanda\u015fl\u0131k belgesi, genellikle yabanc\u0131 \u00fclkeler ve kurumlar\u0131 taraf\u0131ndan G\u00fcrcistan vatanda\u015flar\u0131n\u0131n ikametgah\u0131n\u0131 do\u011frulamak veya yurtd\u0131\u015f\u0131ndaki gelir kaynaklar\u0131n\u0131 belgelemek i\u00e7in talep edilir. Vatanda\u015fl\u0131k belgesi talep edilmesinin sebepleri ne olursa olsun, ajans\u0131m\u0131z en k\u0131sa s\u00fcrede bu belgeyi sa\u011flayacakt\u0131r. G\u00fcrcistan&#8217;daki avukatlar\u0131m\u0131za telefon, e-posta, Skype, WhatsApp, Viber veya Telegram \u00fczerinden ula\u015fabilirsiniz. G\u00fcrcistan Telefon Numaras\u0131 \u0130leti\u015fim Telefonu+373 67 666 333 &#8230; <a title=\"Vatanda\u015fl\u0131k belgesi\" class=\"read-more\" href=\"https:\/\/documents.ge\/tr\/vatandaslik-belgesi\/\" aria-label=\"Read more about Vatanda\u015fl\u0131k belgesi\">\u0427\u0438\u0442\u0430\u0442\u044c \u0434\u0430\u043b\u0435\u0435<\/a><\/p>\n","protected":false},"author":1,"featured_media":0,"parent":0,"menu_order":0,"comment_status":"closed","ping_status":"closed","template":"","meta":{"_acf_changed":false,"_monsterinsights_skip_tracking":false,"_monsterinsights_sitenote_active":false,"_monsterinsights_sitenote_note":"","_monsterinsights_sitenote_category":0,"footnotes":""},"yst_prominent_words":[],"class_list":["post-17","page","type-page","status-publish"],"acf":[],"_links":{"self":[{"href":"https:\/\/documents.ge\/tr\/wp-json\/wp\/v2\/pages\/17","targetHints":{"allow":["GET"]}}],"collection":[{"href":"https:\/\/documents.ge\/tr\/wp-json\/wp\/v2\/pages"}],"about":[{"href":"https:\/\/documents.ge\/tr\/wp-json\/wp\/v2\/types\/page"}],"author":[{"embeddable":true,"href":"https:\/\/documents.ge\/tr\/wp-json\/wp\/v2\/users\/1"}],"replies":[{"embeddable":true,"href":"https:\/\/documents.ge\/tr\/wp-json\/wp\/v2\/comments?post=17"}],"version-history":[{"count":0,"href":"https:\/\/documents.ge\/tr\/wp-json\/wp\/v2\/pages\/17\/revisions"}],"wp:attachment":[{"href":"https:\/\/documents.ge\/tr\/wp-json\/wp\/v2\/media?parent=17"}],"wp:term":[{"taxonomy":"yst_prominent_words","embeddable":true,"href":"https:\/\/documents.ge\/tr\/wp-json\/wp\/v2\/yst_prominent_words?post=17"}],"curies":[{"name":"wp","href":"https:\/\/api.w.org\/{rel}","templated":true}]}}