{"id":18,"date":"2025-04-06T13:25:25","date_gmt":"2025-04-06T13:25:25","guid":{"rendered":"https:\/\/documents.ge\/tr\/nostrifikasyon-taninma-diplomalar-ve-sertifikalar\/"},"modified":"2025-04-06T13:25:25","modified_gmt":"2025-04-06T13:25:25","slug":"nostrifikasyon-taninma-diplomalar-ve-sertifikalar","status":"publish","type":"page","link":"https:\/\/documents.ge\/tr\/nostrifikasyon-taninma-diplomalar-ve-sertifikalar\/","title":{"rendered":"Nostrifikasyon (tan\u0131nma) diplomalar ve sertifikalar"},"content":{"rendered":"<h3 class=\"wp-block-heading\"><strong>Nostrifikasyon nedir<\/strong><\/h3>\n<p><strong>Nostrifikasyon<\/strong>, bir \u00fclkede verilen e\u011fitim veya nitelik belgelerinin ba\u015fka bir \u00fclkede tan\u0131nmas\u0131 s\u00fcrecidir.<\/p>\n<p>Genellikle bu s\u00fcre\u00e7, yabanc\u0131 bir e\u011fitim kurumundan al\u0131nan belgelerin, niteliklerinizi veya e\u011fitiminizi kullanmay\u0131 planlad\u0131\u011f\u0131n\u0131z \u00fclkede otomatik olarak tan\u0131nmamas\u0131 durumunda, \u00e7al\u0131\u015fma veya e\u011fitim hakk\u0131 elde etmek i\u00e7in gereklidir.<\/p>\n<p><em>Yazar: documents.ge 26 \u015eubat 2023<\/em><\/p>\n<h3 class=\"wp-block-heading\"><strong>Nostrifikasyon s\u00fcreci<\/strong><\/h3>\n<p><strong>Nostrifikasyon s\u00fcrecinin ad\u0131mlar\u0131<\/strong><\/p>\n<ol class=\"wp-block-list\">\n<li><strong>Nostrifikasyon yap\u0131lacak e\u011fitim belgelerinin kopyalar\u0131n\u0131 ve\/veya orijinallerini temin etmek.<\/strong> Bu belgeler genellikle diplomalar, s\u0131nav sonu\u00e7 belgeleri, transkriptler ve nitelik ile e\u011fitimi do\u011frulayan di\u011fer belgeleri i\u00e7erir.<\/li>\n<li><strong>Belgelerinizi kullanmak istedi\u011finiz \u00fclkenin yasalar\u0131na g\u00f6re nostrifikasyon i\u015flemini y\u00fcr\u00fctecek yetkili kurumu belirlemek.<\/strong> Genellikle bu, e\u011fitim bakanl\u0131\u011f\u0131 veya belge nostrifikasyonundan sorumlu \u00f6zel bir ajans olur.<\/li>\n<li><strong>Yetkili kuruma nostrifikasyon ba\u015fvurusu yapmak.<\/strong> Ba\u015fvuru, \u00fccret \u00f6demesi ve yerel dile \u00e7eviriler veya ilgili alanda i\u015f deneyimini do\u011frulayan belgeler gibi ek belgeler sunmay\u0131 gerektirebilir.<\/li>\n<li><strong>Yetkili kurum taraf\u0131ndan ba\u015fvuru ve belgelerin i\u015flenmesi.<\/strong> Genellikle bu s\u00fcre\u00e7, belgelerin karma\u015f\u0131kl\u0131\u011f\u0131na ve say\u0131s\u0131na ba\u011fl\u0131 olarak birka\u00e7 hafta veya ay s\u00fcrebilir.<\/li>\n<li><strong>Belgelerin nostrifikasyonu hakk\u0131nda karar almak.<\/strong> Ba\u015fvurunuz onaylan\u0131rsa, belgelerin nostrifikasyonunu do\u011frulayan bir belge al\u0131rs\u0131n\u0131z. Ba\u015fvurunuz reddedilirse, karar\u0131 itiraz etme imkan\u0131 sunulabilir.<\/li>\n<\/ol>\n<h3 class=\"wp-block-heading\"><strong>Lise diplomalar\u0131 nostrifike edilebilir mi?<\/strong><\/h3>\n<p>Evet, orta\u00f6\u011fretim diplomalar\u0131 nostrifike edilebilir. \u00d6rne\u011fin, ba\u015fka bir \u00fclkede liseyi bitirdiyseniz ve ba\u015fka bir \u00fclkede \u00fcniversiteye veya koleje girmek istiyorsan\u0131z, diploman\u0131z\u0131n o \u00fclkenin standartlar\u0131na uygun bir e\u011fitim belgesi olarak tan\u0131nmas\u0131 i\u00e7in nostrifikasyon gerekebilir.<\/p>\n<h3 class=\"wp-block-heading\"><strong>E\u011fitim belgeleri, belge sahibinin kat\u0131l\u0131m\u0131 ve gelmeden nostrifike edilebilir (tan\u0131nabilir) mi?<\/strong><\/h3>\n<p>Temsilcimiz (profesyonel avukat) i\u00e7in vekaletname d\u00fczenleyerek, zaman alabilecek ve muhtemelen olumsuz sonu\u00e7lanabilecek sorunlar\u0131 \u00e7\u00f6zmek i\u00e7in zaman harcamak zorunda kalmazs\u0131n\u0131z. \u0130\u015fi profesyonellere b\u0131rak\u0131n!<\/p>\n<p><a href=\"tel:+373 67 666 333\">+373 67 666 333<\/a> \u2014 <a href=\"viber:\/\/pa?chatURI=viber&amp;text=%D0%97%D0%B4%D1%80%D0%B0%D0%B2%D1%81%D1%82%D0%B2%D1%83%D0%B9%D1%82%D0%B5%2C%20%D1%81%D0%BB%D1%83%D1%88%D0%B0%D1%8E%20%D0%92%D0%B0%D1%81\">Viber<\/a> <a href=\"https:\/\/api.whatsapp.com\/send?phone=+37367666333&amp;text=%D0%97%D0%B4%D1%80%D0%B0%D0%B2%D1%81%D1%82%D0%B2%D1%83%D0%B9%D1%82%D0%B5%2C%20%D1%81%D0%BB%D1%83%D1%88%D0%B0%D1%8E%20%D0%92%D0%B0%D1%81\">WhatsApp<\/a> <a href=\"tg:\/\/resolve?domain=AnyDocuments&amp;text=%D0%97%D0%B4%D1%80%D0%B0%D0%B2%D1%81%D1%82%D0%B2%D1%83%D0%B9%D1%82%D0%B5%2C%20%D1%81%D0%BB%D1%83%D1%88%D0%B0%D1%8E%20%D0%92%D0%B0%D1%81\">Telegram<\/a><br \/><a href=\"mailto:documents.ge@yandex.ru\">documents.ge@yandex.ru<\/a><\/p>\n<h3 class=\"wp-block-heading\">G\u00fcrcistan&#8217;daki telefon<\/h3>\n<p><strong>\u0130leti\u015fim telefonu<\/strong><br \/>+373 67 666 333<\/p>\n<p><strong>\u00c7al\u0131\u015fma saatleri<\/strong><br \/>Pazartesi\u2014Cuma: 9:00\u201317:00<\/p>\n","protected":false},"excerpt":{"rendered":"<p>Nostrifikasyon nedir Nostrifikasyon, bir \u00fclkede verilen e\u011fitim veya nitelik belgelerinin ba\u015fka bir \u00fclkede tan\u0131nmas\u0131 s\u00fcrecidir. Genellikle bu s\u00fcre\u00e7, yabanc\u0131 bir e\u011fitim kurumundan al\u0131nan belgelerin, niteliklerinizi veya e\u011fitiminizi kullanmay\u0131 planlad\u0131\u011f\u0131n\u0131z \u00fclkede otomatik olarak tan\u0131nmamas\u0131 durumunda, \u00e7al\u0131\u015fma veya e\u011fitim hakk\u0131 elde etmek i\u00e7in gereklidir. Yazar: documents.ge 26 \u015eubat 2023 Nostrifikasyon s\u00fcreci Nostrifikasyon s\u00fcrecinin ad\u0131mlar\u0131 Nostrifikasyon yap\u0131lacak e\u011fitim &#8230; <a title=\"Nostrifikasyon (tan\u0131nma) diplomalar ve sertifikalar\" class=\"read-more\" href=\"https:\/\/documents.ge\/tr\/nostrifikasyon-taninma-diplomalar-ve-sertifikalar\/\" aria-label=\"Read more about Nostrifikasyon (tan\u0131nma) diplomalar ve sertifikalar\">\u0427\u0438\u0442\u0430\u0442\u044c \u0434\u0430\u043b\u0435\u0435<\/a><\/p>\n","protected":false},"author":1,"featured_media":0,"parent":0,"menu_order":0,"comment_status":"closed","ping_status":"closed","template":"","meta":{"_acf_changed":false,"_monsterinsights_skip_tracking":false,"_monsterinsights_sitenote_active":false,"_monsterinsights_sitenote_note":"","_monsterinsights_sitenote_category":0,"footnotes":""},"yst_prominent_words":[],"class_list":["post-18","page","type-page","status-publish"],"acf":[],"_links":{"self":[{"href":"https:\/\/documents.ge\/tr\/wp-json\/wp\/v2\/pages\/18","targetHints":{"allow":["GET"]}}],"collection":[{"href":"https:\/\/documents.ge\/tr\/wp-json\/wp\/v2\/pages"}],"about":[{"href":"https:\/\/documents.ge\/tr\/wp-json\/wp\/v2\/types\/page"}],"author":[{"embeddable":true,"href":"https:\/\/documents.ge\/tr\/wp-json\/wp\/v2\/users\/1"}],"replies":[{"embeddable":true,"href":"https:\/\/documents.ge\/tr\/wp-json\/wp\/v2\/comments?post=18"}],"version-history":[{"count":0,"href":"https:\/\/documents.ge\/tr\/wp-json\/wp\/v2\/pages\/18\/revisions"}],"wp:attachment":[{"href":"https:\/\/documents.ge\/tr\/wp-json\/wp\/v2\/media?parent=18"}],"wp:term":[{"taxonomy":"yst_prominent_words","embeddable":true,"href":"https:\/\/documents.ge\/tr\/wp-json\/wp\/v2\/yst_prominent_words?post=18"}],"curies":[{"name":"wp","href":"https:\/\/api.w.org\/{rel}","templated":true}]}}