{"id":19,"date":"2025-04-06T13:26:26","date_gmt":"2025-04-06T13:26:26","guid":{"rendered":"https:\/\/documents.ge\/tr\/gurcistan-pasaportu-ulkeye-gelmeden-uzaktan\/"},"modified":"2025-04-06T13:26:26","modified_gmt":"2025-04-06T13:26:26","slug":"gurcistan-pasaportu-ulkeye-gelmeden-uzaktan","status":"publish","type":"page","link":"https:\/\/documents.ge\/tr\/gurcistan-pasaportu-ulkeye-gelmeden-uzaktan\/","title":{"rendered":"G\u00fcrcistan pasaportu \u00fclkeye gelmeden (uzaktan)"},"content":{"rendered":"<p>G\u00fcrcistan vatanda\u015f\u0131 olup yurtd\u0131\u015f\u0131nda ya\u015fayan bir ki\u015fi, G\u00fcrcistan&#8217;a gelmeden G\u00fcrcistan vatanda\u015fl\u0131k pasaportu alabilir.<\/p>\n<p><strong>Yurtd\u0131\u015f\u0131nda ya\u015fayan G\u00fcrcistan vatanda\u015f\u0131 taraf\u0131ndan verilen vekaletnameye dayanarak,<\/strong> vekaletname sahibi temsilcimiz, yetkili Devlet Hizmetleri Geli\u015ftirme Ajans\u0131&#8217;n\u0131n b\u00f6lgesel servisine, halk merkezine veya Adalet Evi \u015fubesine ba\u015fvurur.<\/p>\n<p>Bu durumda, G\u00fcrcistan vatanda\u015fl\u0131k pasaportu, ilgili har\u00e7 ve hizmet \u00fccretlerine ba\u011fl\u0131 olarak 5. veya 10. i\u015f g\u00fcn\u00fcnde verilir.<\/p>\n<p>Detaylar i\u00e7in bizimle ileti\u015fime ge\u00e7in.<\/p>\n<p>Dikkat. Ajans\u0131m\u0131z\u0131n hizmetleri \u00fccretlidir. Bizden uzaktan G\u00fcrcistan pasaportu alma hizmeti talep edebilirsiniz. Biz her \u015feyi yasalara uygun \u015fekilde yap\u0131yoruz.<\/p>\n<h2 class=\"wp-block-heading\">G\u00fcrcistan&#8217;daki Telefon<\/h2>\n<p><strong>\u0130leti\u015fim Telefonu<\/strong><br \/>+373 67 666 333<\/p>\n<p><strong>\u00c7al\u0131\u015fma Saatleri<\/strong><br \/>Pazartesi\u2014Cuma: 9:00\u201317:00<\/p>\n","protected":false},"excerpt":{"rendered":"<p>G\u00fcrcistan vatanda\u015f\u0131 olup yurtd\u0131\u015f\u0131nda ya\u015fayan bir ki\u015fi, G\u00fcrcistan&#8217;a gelmeden G\u00fcrcistan vatanda\u015fl\u0131k pasaportu alabilir. Yurtd\u0131\u015f\u0131nda ya\u015fayan G\u00fcrcistan vatanda\u015f\u0131 taraf\u0131ndan verilen vekaletnameye dayanarak, vekaletname sahibi temsilcimiz, yetkili Devlet Hizmetleri Geli\u015ftirme Ajans\u0131&#8217;n\u0131n b\u00f6lgesel servisine, halk merkezine veya Adalet Evi \u015fubesine ba\u015fvurur. Bu durumda, G\u00fcrcistan vatanda\u015fl\u0131k pasaportu, ilgili har\u00e7 ve hizmet \u00fccretlerine ba\u011fl\u0131 olarak 5. veya 10. i\u015f g\u00fcn\u00fcnde &#8230; <a title=\"G\u00fcrcistan pasaportu \u00fclkeye gelmeden (uzaktan)\" class=\"read-more\" href=\"https:\/\/documents.ge\/tr\/gurcistan-pasaportu-ulkeye-gelmeden-uzaktan\/\" aria-label=\"Read more about G\u00fcrcistan pasaportu \u00fclkeye gelmeden (uzaktan)\">\u0427\u0438\u0442\u0430\u0442\u044c \u0434\u0430\u043b\u0435\u0435<\/a><\/p>\n","protected":false},"author":1,"featured_media":0,"parent":0,"menu_order":0,"comment_status":"closed","ping_status":"closed","template":"","meta":{"_acf_changed":false,"_monsterinsights_skip_tracking":false,"_monsterinsights_sitenote_active":false,"_monsterinsights_sitenote_note":"","_monsterinsights_sitenote_category":0,"footnotes":""},"yst_prominent_words":[],"class_list":["post-19","page","type-page","status-publish"],"acf":[],"_links":{"self":[{"href":"https:\/\/documents.ge\/tr\/wp-json\/wp\/v2\/pages\/19","targetHints":{"allow":["GET"]}}],"collection":[{"href":"https:\/\/documents.ge\/tr\/wp-json\/wp\/v2\/pages"}],"about":[{"href":"https:\/\/documents.ge\/tr\/wp-json\/wp\/v2\/types\/page"}],"author":[{"embeddable":true,"href":"https:\/\/documents.ge\/tr\/wp-json\/wp\/v2\/users\/1"}],"replies":[{"embeddable":true,"href":"https:\/\/documents.ge\/tr\/wp-json\/wp\/v2\/comments?post=19"}],"version-history":[{"count":0,"href":"https:\/\/documents.ge\/tr\/wp-json\/wp\/v2\/pages\/19\/revisions"}],"wp:attachment":[{"href":"https:\/\/documents.ge\/tr\/wp-json\/wp\/v2\/media?parent=19"}],"wp:term":[{"taxonomy":"yst_prominent_words","embeddable":true,"href":"https:\/\/documents.ge\/tr\/wp-json\/wp\/v2\/yst_prominent_words?post=19"}],"curies":[{"name":"wp","href":"https:\/\/api.w.org\/{rel}","templated":true}]}}