{"id":2,"date":"2024-10-24T10:50:25","date_gmt":"2024-10-24T10:50:25","guid":{"rendered":"https:\/\/documents.ge\/tr\/?page_id=2"},"modified":"2025-04-06T20:04:52","modified_gmt":"2025-04-06T20:04:52","slug":"sample-page","status":"publish","type":"page","link":"https:\/\/documents.ge\/tr\/","title":{"rendered":"G\u00fcrcistan&#8217;daki belgeler"},"content":{"rendered":"<figure class=\"wp-block-image size-full\"><img decoding=\"async\" class=\"wp-image-9 lazyload\" style=\"--smush-placeholder-width: 1024px; --smush-placeholder-aspect-ratio: 1024\/683;\" title=\"G\u00fcrcistan N\u00fcfus Dairesi Ar\u015fivi. Adalet Evi\" src=\"data:image\/gif;base64,R0lGODlhAQABAAAAACH5BAEKAAEALAAAAAABAAEAAAICTAEAOw==\" alt=\"Belge Talep Etme - G\u00fcrcistan. N\u00fcfus Daireleri, Adalet Bakanl\u0131\u011f\u0131, Adalet Evi - Tiflis\" width=\"1024\" height=\"683\" data-sizes=\"(max-width: 1024px) 100vw, 1024px\" data-src=\"https:\/\/documents.ge\/wp-content\/uploads\/2023\/12\/documents_Georgia_Ministry_of_Justice.jpg\" data-srcset=\"https:\/\/documents.ge\/wp-content\/uploads\/2023\/12\/documents_Georgia_Ministry_of_Justice.jpg 1024w, https:\/\/documents.ge\/wp-content\/uploads\/2023\/12\/documents_Georgia_Ministry_of_Justice-300x200.jpg 300w, https:\/\/documents.ge\/wp-content\/uploads\/2023\/12\/documents_Georgia_Ministry_of_Justice-768x512.jpg 768w\" \/><figcaption class=\"wp-element-caption\">Belge ar\u015fivlerinde arama. G\u00fcrcistan<\/figcaption><\/figure>\n<p><strong>Web sitemizde sipari\u015f verebilece\u011finiz belgeler<\/strong><\/p>\n<h3 class=\"wp-block-heading\"><strong>G\u00fcrcistan ve di\u011fer \u00fclkelerden<\/strong> belge suretleri<\/h3>\n<p><a href=\"https:\/\/documents.ge\/%d1%81%d0%b2%d0%b8%d0%b4%d0%b5%d1%82%d0%b5%d0%bb%d1%8c%d1%81%d1%82%d0%b2%d0%be-%d0%be-%d1%80%d0%be%d0%b6%d0%b4%d0%b5%d0%bd%d0%b8%d0%b8-%d0%b3%d1%80%d1%83%d0%b7%d0%b8%d1%8f\/\">do\u011fum belgesi<\/a>,<br \/>\n<a href=\"https:\/\/documents.ge\/%d1%81%d0%b2%d0%b8%d0%b4%d0%b5%d1%82%d0%b5%d0%bb%d1%8c%d1%81%d1%82%d0%b2%d0%be-%d0%be-%d0%b1%d1%80%d0%b0%d0%ba%d0%b5\/\">evlilik belgesi<\/a>,<br \/>\n<a href=\"https:\/\/documents.ge\/%d1%81%d0%b2%d0%b8%d0%b4%d0%b5%d1%82%d0%b5%d0%bb%d1%8c%d1%81%d1%82%d0%b2%d0%be-%d0%be-%d1%80%d0%b0%d0%b7%d0%b2%d0%be%d0%b4%d0%b5-%d0%b3%d1%80%d1%83%d0%b7%d0%b8%d1%8f\/\" target=\"_blank\" rel=\"noreferrer noopener\">bo\u015fanma belgesi<\/a>,<br \/>\n<a href=\"https:\/\/documents.ge\/%d1%81%d0%b2%d0%b8%d0%b4%d0%b5%d1%82%d0%b5%d0%bb%d1%8c%d1%81%d1%82%d0%b2%d0%be-%d0%be-%d1%81%d0%bc%d0%b5%d1%80%d1%82%d0%b8-%d0%b3%d1%80%d1%83%d0%b7%d0%b8%d1%8f\/\" target=\"_blank\" rel=\"noreferrer noopener\">\u00f6l\u00fcm belgesi,<\/a><br \/>\n<a href=\"https:\/\/documents.ge\/%d0%b0%d0%ba%d1%82%d0%be%d0%b2%d0%b0%d1%8f-%d0%b7%d0%b0%d0%bf%d0%b8%d1%81%d1%8c-%d0%be-%d0%b1%d1%80%d0%b0%d0%ba%d0%b5-%d0%b2%d1%8b%d0%bf%d0%b8%d1%81%d0%ba%d0%b0-%d0%be-%d0%b1%d1%80%d0%b0%d0%ba%d0%b5\/\" target=\"_blank\" rel=\"noreferrer noopener\">evlilik kay\u0131t \u00f6rne\u011fi<\/a>,<br \/>\ndo\u011fum kay\u0131t \u00f6rne\u011fi,<br \/>\nbo\u015fanma kay\u0131t \u00f6rne\u011fi,<br \/>\nevlat edinme kay\u0131t \u00f6rne\u011fi.<\/p>\n<h3 class=\"wp-block-heading\"><strong>G\u00fcrcistan ve di\u011fer \u00fclkelerden<\/strong> orijinal belgeler<\/h3>\n<p>bo\u015fanma belgesi (bo\u015fanma ger\u00e7ekle\u015fmi\u015f ancak e\u015flerden biri hen\u00fcz belgeyi almam\u0131\u015fsa),<br \/>\nadli sicil kayd\u0131 (sab\u0131ka kayd\u0131 olmad\u0131\u011f\u0131na dair),<br \/>\naile durum belgesi (aile fertlerini g\u00f6steren),<br \/>\nmedeni hal belgesi,<br \/>\nevlenme engeli olmad\u0131\u011f\u0131na dair belge,<br \/>\nsoyad\u0131 de\u011fi\u015fiklik belgesi,<br \/>\nevlilik kay\u0131t belgesi,<br \/>\ndo\u011fum kay\u0131t belgesi,<br \/>\nbo\u015fanma kay\u0131t belgesi,<br \/>\nevlat edinme kay\u0131t belgesi.<\/p>\n<h3 class=\"wp-block-heading\"><strong>Belge legalizasyonu<\/strong><\/h3>\n<p>Apostil \u00fcyesi olmayan \u00fclkeler i\u00e7in: Vatikan, Gine, Cibuti, M\u0131s\u0131r, Zambiya, Zimbabve, Endonezya, Irak, \u0130ran, \u00dcrd\u00fcn, Yemen, Kambo\u00e7ya, Kamerun, Katar, Kenya, Kiribati, Komorlar, Kongo, K\u00fcba, Kuveyt&#8230;<\/p>\n<p><strong>Konsolosluk legalizasyonu<\/strong> hakk\u0131nda daha fazla bilgiyi <a href=\"https:\/\/documents.ge\/%d0%bb%d0%b5%d0%b3%d0%b0%d0%bb%d0%b8%d0%b7%d0%b0%d1%86%d0%b8%d1%8f\/\" target=\"_blank\" rel=\"noreferrer noopener\">buradan &gt;&gt;&gt;<\/a> okuyabilirsiniz.<\/p>\n<p><strong>Denklik<\/strong>, <strong>tan\u0131nma, diploma de\u011ferlendirmesi veya legalizasyon.<\/strong> G\u00fcrcistan&#8217;da al\u0131nan e\u011fitim belgelerinin (diploma, sertifika) tan\u0131nmas\u0131. Veya yurtd\u0131\u015f\u0131nda al\u0131nan diplomalar\u0131n G\u00fcrcistan&#8217;da ge\u00e7erlili\u011fi.<\/p>\n<p><strong>Denklik<\/strong> (diploma, sertifika, e\u011fitim belgeleri) hakk\u0131nda daha fazla bilgiyi <a href=\"https:\/\/documents.ge\/%d0%bd%d0%be%d1%81%d1%82%d1%80%d0%b8%d1%84%d0%b8%d0%ba%d0%b0%d1%86%d0%b8%d1%8f-%d0%bf%d1%80%d0%b8%d0%b7%d0%bd%d0%b0%d0%bd%d0%b8%d0%b5-%d0%b4%d0%b8%d0%bf%d0%bb%d0%be%d0%bc%d0%be%d0%b2-%d0%b8-%d0%b0\/\" target=\"_blank\" rel=\"noreferrer noopener\">buradan &gt;&gt;&gt;<\/a> okuyabilirsiniz.<\/p>\n<h3 class=\"wp-block-heading\"><strong>G\u00fcrcistan ve di\u011fer \u00fclkelerde<\/strong> Apostil<\/h3>\n<p>5 Ekim 1961 tarihli <a href=\"https:\/\/web.archive.org\/web\/20230810041005\/https:\/\/ru.wikipedia.org\/wiki\/%D0%93%D0%B0%D0%B0%D0%B3%D1%81%D0%BA%D0%B0%D1%8F_%D0%BA%D0%BE%D0%BD%D0%B2%D0%B5%D0%BD%D1%86%D0%B8%D1%8F_(1961)\" target=\"_blank\" rel=\"noreferrer noopener\">Lahey S\u00f6zle\u015fmesi<\/a> \u00fcyesi \u00fclkeler i\u00e7in &#8211; belge legalizasyonunu ortadan kald\u0131r\u0131r. Belgeler, \u00fczerlerindeki yetkili imzalar Apostil ile onayland\u0131\u011f\u0131nda di\u011fer \u00fcye \u00fclkelerde ge\u00e7erli olacakt\u0131r.<\/p>\n<h3 class=\"wp-block-heading\"><strong>Belge \u00e7evirisi<\/strong><\/h3>\n<p>\u00c7eviri b\u00fcromuz, profesyonel dilbilimciler ve hukuk\u00e7ulardan olu\u015fan bir ekiptir. D\u00fcnyan\u0131n herhangi bir diline belge \u00e7evirisi konusunda yard\u0131mc\u0131 olmaya haz\u0131r\u0131z. \u0130\u015f, teknik bilimler, t\u0131p, hukuk, turizm ve di\u011fer bir\u00e7ok alanda kaliteli \u00e7eviriler sunuyoruz.<\/p>\n<p>Do\u011fru ve zaman\u0131nda \u00e7evirinin ne kadar \u00f6nemli oldu\u011funu biliyoruz. \u00c7evirmen ekibimiz nitelikli uzmanlardan olu\u015fur. Geni\u015f \u00e7eviri deneyimine sahibiz. Y\u00fcksek kaliteyi garanti ediyoruz. Orijinal belge stilini ve format\u0131n\u0131 koruyoruz. Verilerinizin gizlili\u011fini sa\u011fl\u0131yoruz.<\/p>\n<p>Ajans\u0131m\u0131z esnek fiyatlar sunar. Bireysel yakla\u015f\u0131m. H\u0131zl\u0131 ve profesyonel \u00e7eviriye ihtiyac\u0131n\u0131z varsa, \u00e7eviri b\u00fcromuza ba\u015fvurun!<\/p>\n","protected":false},"excerpt":{"rendered":"<p>Belge ar\u015fivlerinde arama. G\u00fcrcistan Web sitemizde sipari\u015f verebilece\u011finiz belgeler G\u00fcrcistan ve di\u011fer \u00fclkelerden belge suretleri do\u011fum belgesi, evlilik belgesi, bo\u015fanma belgesi, \u00f6l\u00fcm belgesi, evlilik kay\u0131t \u00f6rne\u011fi, do\u011fum kay\u0131t \u00f6rne\u011fi, bo\u015fanma kay\u0131t \u00f6rne\u011fi, evlat edinme kay\u0131t \u00f6rne\u011fi. G\u00fcrcistan ve di\u011fer \u00fclkelerden orijinal belgeler bo\u015fanma belgesi (bo\u015fanma ger\u00e7ekle\u015fmi\u015f ancak e\u015flerden biri hen\u00fcz belgeyi almam\u0131\u015fsa), adli sicil kayd\u0131 &#8230; <a title=\"G\u00fcrcistan&#8217;daki belgeler\" class=\"read-more\" href=\"https:\/\/documents.ge\/tr\/\" aria-label=\"Read more about G\u00fcrcistan&#8217;daki belgeler\">\u0427\u0438\u0442\u0430\u0442\u044c \u0434\u0430\u043b\u0435\u0435<\/a><\/p>\n","protected":false},"author":1,"featured_media":0,"parent":0,"menu_order":0,"comment_status":"closed","ping_status":"open","template":"","meta":{"_acf_changed":false,"_monsterinsights_skip_tracking":false,"_monsterinsights_sitenote_active":false,"_monsterinsights_sitenote_note":"","_monsterinsights_sitenote_category":0,"footnotes":""},"yst_prominent_words":[],"class_list":["post-2","page","type-page","status-publish"],"acf":[],"_links":{"self":[{"href":"https:\/\/documents.ge\/tr\/wp-json\/wp\/v2\/pages\/2","targetHints":{"allow":["GET"]}}],"collection":[{"href":"https:\/\/documents.ge\/tr\/wp-json\/wp\/v2\/pages"}],"about":[{"href":"https:\/\/documents.ge\/tr\/wp-json\/wp\/v2\/types\/page"}],"author":[{"embeddable":true,"href":"https:\/\/documents.ge\/tr\/wp-json\/wp\/v2\/users\/1"}],"replies":[{"embeddable":true,"href":"https:\/\/documents.ge\/tr\/wp-json\/wp\/v2\/comments?post=2"}],"version-history":[{"count":3,"href":"https:\/\/documents.ge\/tr\/wp-json\/wp\/v2\/pages\/2\/revisions"}],"predecessor-version":[{"id":36,"href":"https:\/\/documents.ge\/tr\/wp-json\/wp\/v2\/pages\/2\/revisions\/36"}],"wp:attachment":[{"href":"https:\/\/documents.ge\/tr\/wp-json\/wp\/v2\/media?parent=2"}],"wp:term":[{"taxonomy":"yst_prominent_words","embeddable":true,"href":"https:\/\/documents.ge\/tr\/wp-json\/wp\/v2\/yst_prominent_words?post=2"}],"curies":[{"name":"wp","href":"https:\/\/api.w.org\/{rel}","templated":true}]}}