{"id":20,"date":"2025-04-06T13:29:45","date_gmt":"2025-04-06T13:29:45","guid":{"rendered":"https:\/\/documents.ge\/tr\/gurcistan-evlendirme-dairesi-adresler\/"},"modified":"2025-04-06T13:29:45","modified_gmt":"2025-04-06T13:29:45","slug":"gurcistan-evlendirme-dairesi-adresler","status":"publish","type":"page","link":"https:\/\/documents.ge\/tr\/gurcistan-evlendirme-dairesi-adresler\/","title":{"rendered":"G\u00fcrcistan evlendirme dairesi. Adresler"},"content":{"rendered":"<p>&#8220;`html<\/p>\n<p><strong>G\u00fcrcistan Medeni Hal Kay\u0131t Organlar\u0131 (G\u00fcrcistan ZAGS organlar\u0131)<\/strong><\/p>\n<p><em>*not: Telefon numaralar\u0131n\u0131 yay\u0131nlamad\u0131k \u00e7\u00fcnk\u00fc do\u011fruluklar\u0131n\u0131 s\u00fcrekli kontrol etme imkan\u0131m\u0131z yok<\/em><\/p>\n<figure class=\"wp-block-table\">\n<table>\n<tbody>\n<tr>\n<td>Gldani Medeni Kay\u0131t Ajans\u0131 Servisi<\/td>\n<td>0113, Tiflis, Saracikvili Caddesi 3<\/td>\n<\/tr>\n<tr>\n<td>Nadzaladevi Medeni Kay\u0131t Ajans\u0131 Servisi<\/td>\n<td>0180, Tiflis, \u00c7. Dadiani Caddesi, 34a, blok 3<\/td>\n<\/tr>\n<tr>\n<td>Didube-\u00c7ugureti Medeni Kay\u0131t Ajans\u0131 Servisi<\/td>\n<td>0108, Tiflis, \u00c7ereteli Caddesi, 67a<\/td>\n<\/tr>\n<tr>\n<td>Saburtalo Medeni Kay\u0131t Ajans\u0131 Servisi<\/td>\n<td>0160, Tiflis, G. Fancikidze Caddesi, 2<\/td>\n<\/tr>\n<tr>\n<td>Vake Medeni Kay\u0131t Ajans\u0131 Servisi<\/td>\n<td>0162, Tiflis, \u0130. Aba\u015fidze Caddesi, 68<\/td>\n<\/tr>\n<tr>\n<td>Isani Medeni Kay\u0131t Ajans\u0131 Servisi<\/td>\n<td>0144, Tiflis, Ketevan Tsamebuli Caddesi, 92 (65a)<\/td>\n<\/tr>\n<tr>\n<td>Samgori Medeni Kay\u0131t Ajans\u0131 Servisi \/\u015fube<\/td>\n<td>0182\/0144, Tiflis, Trialeti Caddesi, 50\/Ketevan Tsamebuli Caddesi, 92<\/td>\n<\/tr>\n<tr>\n<td>Mtsaminda-Krtsanisi Medeni Kay\u0131t Ajans\u0131 Servisi<\/td>\n<td>0168\/0105, Tiflis, Brose Caddesi, 1\/L. Asatiani Caddesi, 19<\/td>\n<\/tr>\n<tr>\n<td>Batumi Medeni Kay\u0131t Ajans\u0131 Servisi \/\u015fube<\/td>\n<td>6000, Batum, Kral Farnavaz Caddesi, 4\/Vaja-P\u015favela Caddesi, 35a<\/td>\n<\/tr>\n<tr>\n<td>Helva\u00e7auri Medeni Kay\u0131t Ajans\u0131 Servisi \/ \u015fube<\/td>\n<td>6400, Helva\u00e7auri, Kral Tamar Caddesi, 10\/12<\/td>\n<\/tr>\n<tr>\n<td>Hulo Medeni Kay\u0131t Ajans\u0131 Servisi \/ \u015fube<\/td>\n<td>6500, Hulo, Abu\u015feridze Caddesi, 5\/\u00c7av\u00e7avadze Caddesi, 1<\/td>\n<\/tr>\n<tr>\n<td>Kobuleti Medeni Kay\u0131t Ajans\u0131 Servisi<\/td>\n<td>6200, Kobuleti, A\u011fma\u015fenebeli Caddesi, 143<\/td>\n<\/tr>\n<tr>\n<td>Kedi Medeni Kay\u0131t Ajans\u0131 Servisi<\/td>\n<td>6100, Keda, Kostava Caddesi, 2<\/td>\n<\/tr>\n<tr>\n<td>\u015euahevi Medeni Kay\u0131t Ajans\u0131 Servisi<\/td>\n<td>6300, \u015euahevi, Rustaveli Caddesi, 12\/28<\/td>\n<\/tr>\n<tr>\n<td>Mtsheta Medeni Kay\u0131t Ajans\u0131 Servisi<\/td>\n<td>3300, Mtsheta, Muhrani Caddesi, 17<\/td>\n<\/tr>\n<tr>\n<td>Du\u015feti Medeni Kay\u0131t Ajans\u0131 Servisi<\/td>\n<td>1800, Du\u015feti, Stalin Caddesi, 27<\/td>\n<\/tr>\n<tr>\n<td>Stepantsminda Medeni Kay\u0131t Ajans\u0131 Servisi<\/td>\n<td>4700, Stepantsminda, A\u011fma\u015fenebeli Caddesi, 9<\/td>\n<\/tr>\n<tr>\n<td>Tianeti Medeni Kay\u0131t Ajans\u0131 Servisi<\/td>\n<td>2500, Tianeti, Rustaveli Caddesi, 6<\/td>\n<\/tr>\n<tr>\n<td>Ahalgori Medeni Kay\u0131t Ajans\u0131 Servisi<\/td>\n<td>0600, Ahalgori, \u00d6zg\u00fcrl\u00fck Meydan\u0131, 14<\/td>\n<\/tr>\n<tr>\n<td>Zugdidi Medeni Kay\u0131t Ajans\u0131 Servisi \/\u015fube<\/td>\n<td>2100, Zugdidi, Kostava Caddesi, 58\/ Rustaveli Caddesi, 87<\/td>\n<\/tr>\n<tr>\n<td>Senaki Medeni Kay\u0131t Ajans\u0131 Servisi<\/td>\n<td>4100, Senaki, Tsinda Nino Caddesi, 11<\/td>\n<\/tr>\n<tr>\n<td>Martvili Medeni Kay\u0131t Ajans\u0131 Servisi \/\u015fube<\/td>\n<td>3100, Martvili, A. Gahokidze Caddesi, 5\/ \u00d6zg\u00fcrl\u00fck Caddesi,10<\/td>\n<\/tr>\n<tr>\n<td>Hobi Medeni Kay\u0131t Ajans\u0131 Servisi<\/td>\n<td>5300, Hobi, \u00c7. Dadiani Caddesi, 92<\/td>\n<\/tr>\n<tr>\n<td>Aba\u015fa Medeni Kay\u0131t Ajans\u0131 Servisi<\/td>\n<td>0200, Aba\u015fa, U. Ka\u00e7arava Caddesi, 2<\/td>\n<\/tr>\n<tr>\n<td>\u00c7horotsku Medeni Kay\u0131t Ajans\u0131 Servisi \/\u015fube<\/td>\n<td>5000, \u00c7horotsku, Stalin Caddesi, 6\/5<\/td>\n<\/tr>\n<tr>\n<td>Tsalenciha Medeni Kay\u0131t Ajans\u0131 Servisi \/\u015fube<\/td>\n<td>5200, Tsalenciha, Kral Tamar Caddesi, 49\/ 4<\/td>\n<\/tr>\n<tr>\n<td>Poti Medeni Kay\u0131t Ajans\u0131 Servisi<\/td>\n<td>4400, Poti, 9 Nisan Bulvar\u0131, 26<\/td>\n<\/tr>\n<tr>\n<td>Mestia Medeni Kay\u0131t Ajans\u0131 Servisi<\/td>\n<td>3200, Mestia, Seta Meydan\u0131, 7<\/td>\n<\/tr>\n<tr>\n<td>Ambrolauri Medeni Kay\u0131t Ajans\u0131 Servisi<\/td>\n<td>0400, Ambrolauri, Atma\u015fenebeli Caddesi, 24<\/td>\n<\/tr>\n<tr>\n<td>Tsageri Medeni Kay\u0131t Ajans\u0131 Servisi<\/td>\n<td>5100, Tsageri, Rustaveli Caddesi, 69<\/td>\n<\/tr>\n<tr>\n<td>Oni Medeni Kay\u0131t Ajans\u0131 Servisi<\/td>\n<td>3600, Oni, A\u011fma\u015fenebeli Caddesi, 1<\/td>\n<\/tr>\n<tr>\n<td>Lenteki Medeni Kay\u0131t Ajans\u0131 Servisi<\/td>\n<td>2900, Lenteki, Kral Tamar Caddesi, 34<\/td>\n<\/tr>\n<tr>\n<td>Telavi Medeni Kay\u0131t Ajans\u0131 Servisi \/\u015fube<\/td>\n<td>2200, Telavi, Tiflis Karayolu, 2b\/Ereklde Meore Caddesi, 6<\/td>\n<\/tr>\n<tr>\n<td>Gurcaani Medeni Kay\u0131t Ajans\u0131 Servisi \/\u015fube<\/td>\n<td>1500, Gurcaani, Rustaveli Caddesi, 20\/ Noie\u015fvili Caddesi, 13<\/td>\n<\/tr>\n<tr>\n<td>Sagareco Medeni Kay\u0131t Ajans\u0131 Servisi<\/td>\n<td>3800, Sagareco, A\u011fma\u015fenebeli Caddesi, 25<\/td>\n<\/tr>\n<tr>\n<td>Lagodehi Medeni Kay\u0131t Ajans\u0131 Servisi<\/td>\n<td>2700, Lagodehi, 26 May\u0131s Caddesi, 19\/Kostava Caddesi, 1<\/td>\n<\/tr>\n<tr>\n<td>Dedoplistskaro Medeni Kay\u0131t Ajans\u0131 Servisi<\/td>\n<td>1600, Dedoplistskaro, Rustaveli Caddesi, 37<\/td>\n<\/tr>\n<tr>\n<td>Kvareli Medeni Kay\u0131t Ajans\u0131 Servisi<\/td>\n<td>4800, Kvareli, \u00c7av\u00e7avadze Caddesi, 74<\/td>\n<\/tr>\n<tr>\n<td>Signagi Medeni Kay\u0131t Ajans\u0131 Servisi<\/td>\n<td>4200, Signagi, Rustaveli Caddesi, 39<\/td>\n<\/tr>\n<tr>\n<td>Ahmeta Medeni Kay\u0131t Ajans\u0131 Servisi<\/td>\n<td>0900, Ahmeta, \u00c7oloka\u015fvili Caddesi, 50<\/td>\n<\/tr>\n<tr>\n<td>Gori Medeni Kay\u0131t Ajans\u0131 Servisi<\/td>\n<td>1400, Gori, Samefo Caddesi, 54<\/td>\n<\/tr>\n<tr>\n<td>Kasp Medeni Kay\u0131t Ajans\u0131 Servisi<\/td>\n<td>2600, Kasp,<br \/>A\u011fma\u015fenebeli Caddesi, 80<\/td>\n<\/tr>\n<tr>\n<td>Kareli Medeni Kay\u0131t Ajans\u0131 Servisi<\/td>\n<td>4500, Kareli, Stalin Caddesi, 24<\/td>\n<\/tr>\n<tr>\n<td>Ha\u015furi Medeni Kay\u0131t Ajans\u0131 Servisi \/\u015fube<\/td>\n<td>5700, Ha\u015furi, Lomouri Caddesi,<br \/>16 ikinci \u00e7\u0131kmaz<br \/>Rustaveli Caddesi No:6<\/td>\n<\/tr>\n<tr>\n<td>Tshinvali Medeni Kay\u0131t Ajans\u0131 Servisi<\/td>\n<td>1400, Tshinvali,<br \/>Samefo Caddesi, 54<\/td>\n<\/tr>\n<tr>\n<td>Kurt Medeni Kay\u0131t Ajans\u0131 Servisi<\/td>\n<td>0189, Gori B\u00f6lgesi,<br \/>Kurt k\u00f6y\u00fc<\/td>\n<\/tr>\n<tr>\n<td>Tigva Medeni Kay\u0131t Ajans\u0131 Servisi<\/td>\n<td>Kareli B\u00f6lgesi,<br \/>Tigva k\u00f6y\u00fc<\/td>\n<\/tr>\n<tr>\n<td>Eredvi Medeni Kay\u0131t Ajans\u0131 Servisi<\/td>\n<td>1400, Gori B\u00f6lgesi,<br \/>Eredvi k\u00f6y\u00fc<\/td>\n<\/tr>\n<tr>\n<td>Ah\u0131ska Medeni Kay\u0131t Ajans\u0131 Servisi<\/td>\n<td>0800, Ah\u0131ska,<br \/>Ketshoveli Caddesi, 6<\/td>\n<\/tr>\n<tr>\n<td>Ahalkalaki Medeni Kay\u0131t Ajans\u0131 Servisi \/ \u015fube<\/td>\n<td>0700, Ahalkalaki, Lomsadze Caddesi, 67\/\u00c7arenti Caddesi, 108<\/td>\n<\/tr>\n<tr>\n<td>Aspindza Medeni Kay\u0131t Ajans\u0131 Servisi<\/td>\n<td>0500, Aspindza, Vardzia Caddesi, 117<\/td>\n<\/tr>\n<tr>\n<td>Tkibuli Medeni Kay\u0131t Ajans\u0131 Servisi<\/td>\n<td>4300, Tkibuli, Ahobadze Caddesi, 12<\/td>\n<\/tr>\n<tr>\n<td>Hara\u011fuli Medeni Kay\u0131t Ajans\u0131 Servisi \/\u015fube<\/td>\n<td>5600, Hara\u011fuli, Kral Solomon Caddesi, 19\/57<\/td>\n<\/tr>\n<tr>\n<td>\u00c7iatura Medeni Kay\u0131t Ajans\u0131 Servisi<\/td>\n<td>5500, \u00c7iatura, Nino\u015fvili Caddesi, 7<\/td>\n<\/tr>\n<tr>\n<td>Zestafoni Medeni Kay\u0131t Ajans\u0131 Servisi<\/td>\n<td>2000, Zestafoni, D. A\u011fma\u015fenebeli Caddesi, 4<\/td>\n<\/tr>\n<tr>\n<td>Ozurgeti Medeni Kay\u0131t Ajans\u0131 Servisi<\/td>\n<td>3500, Ozurgeti, Episkopos Caddesi, 3<\/td>\n<\/tr>\n<tr>\n<td>Lan\u00e7huti Medeni Kay\u0131t Ajans\u0131 Servisi<\/td>\n<td>2800, Lan\u00e7huti, Tiflis Caddesi, 3\/Jorjania Caddesi, 128<\/td>\n<\/tr>\n<tr>\n<td>\u00c7ohatauri Medeni Kay\u0131t Ajans\u0131 Servisi<\/td>\n<td>4900, \u00c7ohatauri, Guria Caddesi, 1<\/td>\n<\/tr>\n<tr>\n<td>Abhazya Medeni Kay\u0131t Ajans\u0131 Servisi<\/td>\n<td>0180, Tiflis,<br \/>\u00c7. Dadiani Caddesi<br \/>2. mahalle, blok 3<\/td>\n<\/tr>\n<tr>\n<td>Acara Medeni Kay\u0131t Ajans\u0131 Servisi<\/td>\n<td>Yukar\u0131 Abhazya,<br \/>Acara k\u00f6y\u00fc<\/td>\n<\/tr>\n<tr>\n<td>Tiflis \u015eehir Ar\u015fivi<\/td>\n<td>0194, Bahtrioni Caddesi, 20<\/td>\n<\/tr>\n<tr>\n<td>G\u00fcrcistan Ar\u015fivi<\/td>\n<td>0108, Tiflis,<br \/>\u00c7eritelli Caddesi, 67A<\/td>\n<\/tr>\n<tr>\n<td>Acara Ar\u015fivi<\/td>\n<td>Acara, Mela\u015fvili Caddesi, 2<\/td>\n<\/tr>\n<tr>\n<td>Kutaisi \u015eehir Ar\u015fivi<\/td>\n<td>4600, Kutaisi,<br \/>Falia\u015fvili Caddesi, 2<\/td>\n<\/tr>\n<tr>\n<td>Birinci \u00d6zel D\u00fc\u011f\u00fcn Evi Servisi<\/td>\n<td>0105, \u00c7ahruhadze Caddesi, 28\/21<\/td>\n<\/tr>\n<tr>\n<td>\u0130kinci \u00d6zel D\u00fc\u011f\u00fcn Evi Servisi<\/td>\n<td>0105, Demir S\u0131ra Caddesi, 6<\/td>\n<\/tr>\n<tr>\n<td>\u00dc\u00e7\u00fcnc\u00fc \u00d6zel D\u00fc\u011f\u00fcn Evi Servisi<\/td>\n<td>0105, G. Aba\u015fidze Caddesi, 4<\/td>\n<\/tr>\n<tr>\n<td>Signagi D\u00fc\u011f\u00fcn Evi<\/td>\n<td>Signagi, Kostava Caddesi, 10<\/td>\n<\/tr>\n<tr>\n<td>Rustavi \u015eehir Servisi<\/td>\n<td>3700, Rustavi,<br \/>Pirosmani Caddesi, 7<\/td>\n<\/tr>\n<tr>\n<td>Batumi D\u00fc\u011f\u00fcn Evi<\/td>\n<td>Batumi,<br \/>Cavahi\u015fvili Caddesi, 5<\/td>\n<\/tr>\n<\/tbody>\n<\/table>\n<\/figure>\n<p>&#8220;`<\/p>\n","protected":false},"excerpt":{"rendered":"<p>&#8220;`html G\u00fcrcistan Medeni Hal Kay\u0131t Organlar\u0131 (G\u00fcrcistan ZAGS organlar\u0131) *not: Telefon numaralar\u0131n\u0131 yay\u0131nlamad\u0131k \u00e7\u00fcnk\u00fc do\u011fruluklar\u0131n\u0131 s\u00fcrekli kontrol etme imkan\u0131m\u0131z yok Gldani Medeni Kay\u0131t Ajans\u0131 Servisi 0113, Tiflis, Saracikvili Caddesi 3 Nadzaladevi Medeni Kay\u0131t Ajans\u0131 Servisi 0180, Tiflis, \u00c7. Dadiani Caddesi, 34a, blok 3 Didube-\u00c7ugureti Medeni Kay\u0131t Ajans\u0131 Servisi 0108, Tiflis, \u00c7ereteli Caddesi, 67a Saburtalo Medeni &#8230; <a title=\"G\u00fcrcistan evlendirme dairesi. Adresler\" class=\"read-more\" href=\"https:\/\/documents.ge\/tr\/gurcistan-evlendirme-dairesi-adresler\/\" aria-label=\"Read more about G\u00fcrcistan evlendirme dairesi. Adresler\">\u0427\u0438\u0442\u0430\u0442\u044c \u0434\u0430\u043b\u0435\u0435<\/a><\/p>\n","protected":false},"author":1,"featured_media":0,"parent":0,"menu_order":0,"comment_status":"closed","ping_status":"closed","template":"","meta":{"_acf_changed":false,"_monsterinsights_skip_tracking":false,"_monsterinsights_sitenote_active":false,"_monsterinsights_sitenote_note":"","_monsterinsights_sitenote_category":0,"footnotes":""},"yst_prominent_words":[],"class_list":["post-20","page","type-page","status-publish"],"acf":[],"_links":{"self":[{"href":"https:\/\/documents.ge\/tr\/wp-json\/wp\/v2\/pages\/20","targetHints":{"allow":["GET"]}}],"collection":[{"href":"https:\/\/documents.ge\/tr\/wp-json\/wp\/v2\/pages"}],"about":[{"href":"https:\/\/documents.ge\/tr\/wp-json\/wp\/v2\/types\/page"}],"author":[{"embeddable":true,"href":"https:\/\/documents.ge\/tr\/wp-json\/wp\/v2\/users\/1"}],"replies":[{"embeddable":true,"href":"https:\/\/documents.ge\/tr\/wp-json\/wp\/v2\/comments?post=20"}],"version-history":[{"count":0,"href":"https:\/\/documents.ge\/tr\/wp-json\/wp\/v2\/pages\/20\/revisions"}],"wp:attachment":[{"href":"https:\/\/documents.ge\/tr\/wp-json\/wp\/v2\/media?parent=20"}],"wp:term":[{"taxonomy":"yst_prominent_words","embeddable":true,"href":"https:\/\/documents.ge\/tr\/wp-json\/wp\/v2\/yst_prominent_words?post=20"}],"curies":[{"name":"wp","href":"https:\/\/api.w.org\/{rel}","templated":true}]}}