{"id":21,"date":"2025-04-06T13:30:35","date_gmt":"2025-04-06T13:30:35","guid":{"rendered":"https:\/\/documents.ge\/tr\/iletisim\/"},"modified":"2025-04-06T13:30:35","modified_gmt":"2025-04-06T13:30:35","slug":"iletisim","status":"publish","type":"page","link":"https:\/\/documents.ge\/tr\/iletisim\/","title":{"rendered":"\u0130leti\u015fim"},"content":{"rendered":"<p>Ana ileti\u015fim y\u00f6ntemi \u2014 merkez ofis ile:<br \/><strong>Viber, Whatsapp, Telegram<\/strong>\u00a0+373 69830303<\/p>\n<p><strong>email:\u00a0<\/strong>documents.ge@yandex.ru<\/p>\n<p>Ba\u011fl\u0131 ofis \u2014 Tiflis, G\u00fcrcistan.<br \/>Adres:<br \/>&#8220;Besiki&#8221; \u0130\u015f Merkezi<br \/>Besiki, 4<br \/>0108 Tiflis, G\u00fcrcistan<\/p>\n","protected":false},"excerpt":{"rendered":"<p>Ana ileti\u015fim y\u00f6ntemi \u2014 merkez ofis ile:Viber, Whatsapp, Telegram\u00a0+373 69830303 email:\u00a0documents.ge@yandex.ru Ba\u011fl\u0131 ofis \u2014 Tiflis, G\u00fcrcistan.Adres:&#8220;Besiki&#8221; \u0130\u015f MerkeziBesiki, 40108 Tiflis, G\u00fcrcistan<\/p>\n","protected":false},"author":1,"featured_media":0,"parent":0,"menu_order":0,"comment_status":"closed","ping_status":"closed","template":"","meta":{"_acf_changed":false,"_monsterinsights_skip_tracking":false,"_monsterinsights_sitenote_active":false,"_monsterinsights_sitenote_note":"","_monsterinsights_sitenote_category":0,"footnotes":""},"yst_prominent_words":[],"class_list":["post-21","page","type-page","status-publish"],"acf":[],"_links":{"self":[{"href":"https:\/\/documents.ge\/tr\/wp-json\/wp\/v2\/pages\/21","targetHints":{"allow":["GET"]}}],"collection":[{"href":"https:\/\/documents.ge\/tr\/wp-json\/wp\/v2\/pages"}],"about":[{"href":"https:\/\/documents.ge\/tr\/wp-json\/wp\/v2\/types\/page"}],"author":[{"embeddable":true,"href":"https:\/\/documents.ge\/tr\/wp-json\/wp\/v2\/users\/1"}],"replies":[{"embeddable":true,"href":"https:\/\/documents.ge\/tr\/wp-json\/wp\/v2\/comments?post=21"}],"version-history":[{"count":0,"href":"https:\/\/documents.ge\/tr\/wp-json\/wp\/v2\/pages\/21\/revisions"}],"wp:attachment":[{"href":"https:\/\/documents.ge\/tr\/wp-json\/wp\/v2\/media?parent=21"}],"wp:term":[{"taxonomy":"yst_prominent_words","embeddable":true,"href":"https:\/\/documents.ge\/tr\/wp-json\/wp\/v2\/yst_prominent_words?post=21"}],"curies":[{"name":"wp","href":"https:\/\/api.w.org\/{rel}","templated":true}]}}