{"id":23,"date":"2025-04-06T13:35:23","date_gmt":"2025-04-06T13:35:23","guid":{"rendered":"https:\/\/documents.ge\/tr\/gurcistan-apostil\/"},"modified":"2025-04-06T13:35:23","modified_gmt":"2025-04-06T13:35:23","slug":"gurcistan-apostil","status":"publish","type":"page","link":"https:\/\/documents.ge\/tr\/gurcistan-apostil\/","title":{"rendered":"G\u00fcrcistan Apostil"},"content":{"rendered":"<p>G\u00fcrcistan, 26 A\u011fustos 2006&#8217;da Lahey S\u00f6zle\u015fmesi&#8217;ne kat\u0131ld\u0131 ve May\u0131s 2007&#8217;den itibaren apostil uygulamaya ba\u015flad\u0131. Bu, May\u0131s 2007&#8217;den \u00f6nce d\u00fczenlenen belgelerin apostillenemeyece\u011fi ve g\u00fcncellenmesi gerekti\u011fi anlam\u0131na gelir.<\/p>\n<p>S\u00f6zle\u015fmenin G\u00fcrcistan ve di\u011fer \u00fclkeler i\u00e7in y\u00fcr\u00fcrl\u00fc\u011fe girmesi farkl\u0131 zamanlarda ger\u00e7ekle\u015fti. \u00d6rne\u011fin, Almanya i\u00e7in bu tarih 3 \u015eubat 2010, Yunanistan i\u00e7in ise 17 Aral\u0131k 2015&#8217;tir. Bu, G\u00fcrcistan&#8217;da bu tarihlerden \u00f6nce apostillenen belgelerin ilgili \u00fclkelerde tan\u0131nmad\u0131\u011f\u0131 anlam\u0131na gelir.<\/p>\n<p>Abhazya ve G\u00fcney Osetya&#8217;dan gelen belgeler s\u00f6zle\u015fme kapsam\u0131nda de\u011fildir.<\/p>\n<figure class=\"wp-block-image size-full\"><img alt=\"\" class=\"wp-image-55 lazyload\" data-sizes=\"(max-width: 650px) 100vw, 650px\" data-src=\"https:\/\/documents.ge\/wp-content\/uploads\/2023\/12\/Apostille_Apostil_Georgia.jpg\" data-srcset=\"https:\/\/documents.ge\/wp-content\/uploads\/2023\/12\/Apostille_Apostil_Georgia.jpg 650w, https:\/\/documents.ge\/wp-content\/uploads\/2023\/12\/Apostille_Apostil_Georgia-243x300.jpg 243w\" decoding=\"async\" height=\"804\" src=\"data:image\/gif;base64,R0lGODlhAQABAAAAACH5BAEKAAEALAAAAAABAAEAAAICTAEAOw==\" style=\"--smush-placeholder-width: 650px; --smush-placeholder-aspect-ratio: 650\/804;\" width=\"650\"\/><figcaption class=\"wp-element-caption\">G\u00fcrc\u00fc apostili nas\u0131l g\u00f6r\u00fcn\u00fcr<\/figcaption><\/figure>\n<h3 class=\"wp-block-heading\">G\u00fcrcistan&#8217;da Apostil D\u00fczenleme<\/h3>\n<p>G\u00fcrcistan&#8217;da apostil, belgelerin \u00e7evirisine bak\u0131lmaks\u0131z\u0131n belgelere bas\u0131l\u0131r. Koruyucu unsurlara sahip kendinden yap\u0131\u015fkanl\u0131 ka\u011f\u0131t ta\u015f\u0131y\u0131c\u0131 \u00fczerine m\u00fch\u00fcr veya damga ile yap\u0131labilir.<\/p>\n<p>Apostilin G\u00fcrc\u00fcce metni ve Rus\u00e7a \u00e7evirisi, \u00fclke (G\u00fcrcistan), imzalayan, g\u00f6revi, m\u00fchr\u00fc, d\u00fczenleme yeri ve tarihi, apostil numaras\u0131 ve imzas\u0131 hakk\u0131nda bilgi i\u00e7erir.<\/p>\n<p>Apostil, \u015firket kurulu\u015f belgeleri, ticari sicil kay\u0131tlar\u0131 ve di\u011fer resmi evraklar i\u00e7in uygulan\u0131r.<\/p>\n<p>Apostil gereklili\u011fi<br \/>Apostil, yetkililerin s\u0131k de\u011fi\u015fmesi ve bir\u00e7ok imza olmas\u0131 nedeniyle imza ve m\u00fch\u00fcrlerin ger\u00e7ekli\u011fini do\u011frulamak i\u00e7in gereklidir. Bu, yabanc\u0131 makamlar\u0131n belge kabul\u00fc s\u0131ras\u0131nda i\u015flerini kolayla\u015ft\u0131r\u0131r ve i\u015flem s\u00fcresini k\u0131salt\u0131r.<\/p>\n<p>G\u00fcrcistan&#8217;da apostil konsolosluklardan al\u0131namaz, bu Lahey S\u00f6zle\u015fmesi h\u00fck\u00fcmlerinden kaynaklan\u0131r.<\/p>\n<h3 class=\"wp-block-heading\">G\u00fcrcistan&#8217;da Elektronik Apostil<\/h3>\n<p>2020 y\u0131l\u0131ndan itibaren G\u00fcrcistan&#8217;da elektronik apostil (E-apostil) uygulanmaya ba\u015flanm\u0131\u015ft\u0131r ve 100&#8217;e kadar belge t\u00fcr\u00fcn\u00fcn \u00e7evrimi\u00e7i olarak do\u011frulanmas\u0131na izin verir. Do\u011fum belgeleri, sa\u011fl\u0131k raporlar\u0131 ve di\u011ferleri gibi belgelerin do\u011frulanmas\u0131 i\u00e7in kullan\u0131\u015fl\u0131 bir y\u00f6ntemdir. Elektronik apostil, ulusal elektronik hizmetler sistemine entegre edilmi\u015ftir ve G\u00fcrcistan&#8217;\u0131n resmi devlet hizmetleri web sitesinde do\u011frulama yap\u0131labilir.<\/p>\n<h3 class=\"wp-block-heading\">G\u00fcrcistan&#8217;da Apostil Nereden Al\u0131n\u0131r (Bas\u0131l\u0131r)<\/h3>\n<p>Yetkili makamlar (g\u00f6re <a href=\"https:\/\/www.hcch.net\/\" rel=\"noreferrer noopener\" target=\"_blank\">https:\/\/www.hcch.net\/<\/a>):<\/p>\n<ol class=\"wp-block-list\">\n<li><strong>G\u00fcrcistan Adalet Bakanl\u0131\u011f\u0131 &#8220;Devlet Hizmetleri Geli\u015ftirme Ajans\u0131&#8221; (ARPU).<\/strong><\/li>\n<\/ol>\n<p>PSDA, di\u011fer yetkili makamlar bunu yapmad\u0131\u011f\u0131nda t\u00fcm belgelerin apostillenmesinden sorumludur.<\/p>\n<ol class=\"wp-block-list\" start=\"2\">\n<li><strong>G\u00fcrcistan E\u011fitim, Bilim, K\u00fclt\u00fcr ve Spor Bakanl\u0131\u011f\u0131 Ulusal E\u011fitim Kalitesini Geli\u015ftirme Merkezi.<\/strong><\/li>\n<\/ol>\n<p>E\u011fitim belgeleri (\u00fcniversite diplomalar\u0131, lise diplomalar\u0131 vb.) ile ilgili olarak, G\u00fcrcistan E\u011fitim ve Bilim Bakan\u0131 ile Adalet Bakan\u0131&#8217;n\u0131n 10 A\u011fustos 2016 tarihli 93\/\u10dc \u2013 \u2116 170 say\u0131l\u0131 ortak kararnamesi uyar\u0131nca. &#8220;G\u00fcrcistan E\u011fitim ve Bilim Bakanl\u0131\u011f\u0131 ve Bakanl\u0131k sistemindeki organlar taraf\u0131ndan d\u00fczenlenen belgelerin apostil\/legalizasyonu i\u00e7in gerekli bilgilerin talep edilmesi ve al\u0131nmas\u0131na ili\u015fkin kurallar\u0131n onaylanmas\u0131 hakk\u0131nda&#8221;, belgeler ilgili ki\u015fi taraf\u0131ndan PSDA&#8217;ya sunulur ve belgeler, elektronik y\u00f6netim sistemi arac\u0131l\u0131\u011f\u0131yla G\u00fcrcistan E\u011fitim, Bilim, K\u00fclt\u00fcr ve Spor Bakanl\u0131\u011f\u0131 Ulusal E\u011fitim Kalitesini Geli\u015ftirme Merkezi&#8217;ne g\u00f6nderilir. Merkez, belgelerin apostillenmesi konusunda olumlu ve\/veya olumsuz karar verir.<\/p>\n<ol class=\"wp-block-list\" start=\"3\">\n<li><strong>G\u00fcrcistan \u0130\u00e7i\u015fleri Bakanl\u0131\u011f\u0131 Hizmet Ajans\u0131<\/strong>, G\u00fcrcistan \u0130\u00e7i\u015fleri Bakanl\u0131\u011f\u0131 Hizmet Ajans\u0131 taraf\u0131ndan d\u00fczenlenen\/verilen belgeleri apostillemeye yetkilidir.<\/li>\n<\/ol>\n<h3 class=\"wp-block-heading\">G\u00fcrcistan&#8217;da apostil sicil kay\u0131tlar\u0131n\u0131n saklanma s\u00fcresi var m\u0131d\u0131r?<\/h3><\/p>\n","protected":false},"excerpt":{"rendered":"<p>G\u00fcrcistan, 26 A\u011fustos 2006&#8217;da Lahey S\u00f6zle\u015fmesi&#8217;ne kat\u0131ld\u0131 ve May\u0131s 2007&#8217;den itibaren apostil uygulamaya ba\u015flad\u0131. Bu, May\u0131s 2007&#8217;den \u00f6nce d\u00fczenlenen belgelerin apostillenemeyece\u011fi ve g\u00fcncellenmesi gerekti\u011fi anlam\u0131na gelir. S\u00f6zle\u015fmenin G\u00fcrcistan ve di\u011fer \u00fclkeler i\u00e7in y\u00fcr\u00fcrl\u00fc\u011fe girmesi farkl\u0131 zamanlarda ger\u00e7ekle\u015fti. \u00d6rne\u011fin, Almanya i\u00e7in bu tarih 3 \u015eubat 2010, Yunanistan i\u00e7in ise 17 Aral\u0131k 2015&#8217;tir. Bu, G\u00fcrcistan&#8217;da bu tarihlerden &#8230; <a title=\"G\u00fcrcistan Apostil\" class=\"read-more\" href=\"https:\/\/documents.ge\/tr\/gurcistan-apostil\/\" aria-label=\"Read more about G\u00fcrcistan Apostil\">\u0427\u0438\u0442\u0430\u0442\u044c \u0434\u0430\u043b\u0435\u0435<\/a><\/p>\n","protected":false},"author":1,"featured_media":0,"parent":0,"menu_order":0,"comment_status":"closed","ping_status":"closed","template":"","meta":{"_acf_changed":false,"_monsterinsights_skip_tracking":false,"_monsterinsights_sitenote_active":false,"_monsterinsights_sitenote_note":"","_monsterinsights_sitenote_category":0,"footnotes":""},"yst_prominent_words":[],"class_list":["post-23","page","type-page","status-publish"],"acf":[],"_links":{"self":[{"href":"https:\/\/documents.ge\/tr\/wp-json\/wp\/v2\/pages\/23","targetHints":{"allow":["GET"]}}],"collection":[{"href":"https:\/\/documents.ge\/tr\/wp-json\/wp\/v2\/pages"}],"about":[{"href":"https:\/\/documents.ge\/tr\/wp-json\/wp\/v2\/types\/page"}],"author":[{"embeddable":true,"href":"https:\/\/documents.ge\/tr\/wp-json\/wp\/v2\/users\/1"}],"replies":[{"embeddable":true,"href":"https:\/\/documents.ge\/tr\/wp-json\/wp\/v2\/comments?post=23"}],"version-history":[{"count":0,"href":"https:\/\/documents.ge\/tr\/wp-json\/wp\/v2\/pages\/23\/revisions"}],"wp:attachment":[{"href":"https:\/\/documents.ge\/tr\/wp-json\/wp\/v2\/media?parent=23"}],"wp:term":[{"taxonomy":"yst_prominent_words","embeddable":true,"href":"https:\/\/documents.ge\/tr\/wp-json\/wp\/v2\/yst_prominent_words?post=23"}],"curies":[{"name":"wp","href":"https:\/\/api.w.org\/{rel}","templated":true}]}}