{"id":25,"date":"2025-04-06T13:40:13","date_gmt":"2025-04-06T13:40:13","guid":{"rendered":"https:\/\/documents.ge\/tr\/sikca-sorulan-sorular\/"},"modified":"2025-04-06T13:40:13","modified_gmt":"2025-04-06T13:40:13","slug":"sikca-sorulan-sorular","status":"publish","type":"page","link":"https:\/\/documents.ge\/tr\/sikca-sorulan-sorular\/","title":{"rendered":"S\u0131k\u00e7a Sorulan Sorular"},"content":{"rendered":"<ul class=\"wp-block-list\">\n<li><strong>\u015eirketiniz ne zamandan beri faaliyet g\u00f6steriyor?<\/strong><\/li>\n<li>\u015eirketimiz yakla\u015f\u0131k 20 y\u0131ld\u0131r, 2005&#8217;ten beri faaliyet g\u00f6steriyor. BDT \u00fclkeleri, G\u00fcney Kafkasya, Bat\u0131 ve Do\u011fu Avrupa, Kuzey, Orta ve G\u00fcney Amerika&#8217;dan gelen belgelerle uluslararas\u0131 deneyime sahibiz. \u00c7al\u0131\u015ft\u0131\u011f\u0131m\u0131z \u00fclkelerin tam listesini <a href=\"https:\/\/documents.ge\/%d1%81%d1%82%d1%80%d0%b0%d0%bd%d1%8b-%d1%81-%d0%ba%d0%be%d1%82%d0%be%d1%80%d1%8b%d0%bc%d0%b8-%d0%bc%d1%8b-%d1%80%d0%b0%d0%b1%d0%be%d1%82%d0%b0%d0%b5%d0%bc\/\" rel=\"noreferrer noopener\" target=\"_blank\">buradan<\/a> g\u00f6rebilirsiniz.<\/li>\n<\/ul>\n<ul class=\"wp-block-list\">\n<li><strong>Beni kand\u0131rmayaca\u011f\u0131n\u0131zdan nas\u0131l emin olabilirim?<\/strong><\/li>\n<li>\u015eirketimiz hakk\u0131ndaki yorumlar\u0131 <a href=\"https:\/\/maps.app.goo.gl\/jfs9qmw5Ls99qrBU9\" rel=\"noreferrer noopener\" target=\"_blank\">buradan<\/a> (neredeyse 100 tane) g\u00f6rebilirsiniz. Ayr\u0131ca size m\u00fch\u00fcrl\u00fc ve dijital imzal\u0131 bir tarama kontrat sunaca\u011f\u0131z, bu imzay\u0131 <a href=\"https:\/\/msign.gov.md\/\" rel=\"noreferrer noopener\" target=\"_blank\">\u00e7evrimi\u00e7i olarak do\u011frulayabilirsiniz<\/a>.<\/li>\n<\/ul>\n<ul class=\"wp-block-list\">\n<li><strong>Sizden belge sipari\u015f etmek i\u00e7in hangi bilgilere ihtiyac\u0131n\u0131z var?<\/strong><\/li>\n<li>\u00d6ncelikle sizden gelen bilgileri kontrol ediyoruz: neye ihtiyac\u0131n\u0131z oldu\u011fu, belgenin ne i\u00e7in kullan\u0131laca\u011f\u0131 (apostil, \u00e7eviri, kons\u00fcler legalizasyon vb.), belgenin hangi \u00fclke i\u00e7in haz\u0131rland\u0131\u011f\u0131 (t\u00fcm \u00fclkeler Lahey Konvansiyonu \u00fcyesi de\u011fildir ve G\u00fcrcistan&#8217;\u0131n imzalay\u0131p onaylad\u0131\u011f\u0131 anla\u015fmalar her \u00fclke ile yoktur). Ard\u0131ndan size bir de\u011ferlendirme sunuyoruz: neye ihtiya\u00e7 oldu\u011fu, neler yapabilece\u011fimiz, olas\u0131 zorluklar, riskler ve ba\u015far\u0131s\u0131zl\u0131k durumunda neler yapaca\u011f\u0131m\u0131z.<\/li>\n<\/ul>\n<ul class=\"wp-block-list\">\n<li><strong>Belgeleri \u00e7evrimi\u00e7i sipari\u015f edebilir miyiz?<\/strong><\/li>\n<li><strong>Evet, ajans\u0131m\u0131z arac\u0131l\u0131\u011f\u0131yla G\u00fcrcistan&#8217;a gelmeden belgeleri \u00e7evrimi\u00e7i sipari\u015f edebilirsiniz.<\/strong> N\u00fcfus kay\u0131t belgelerinin al\u0131nmas\u0131 s\u00f6z konusuysa, sizden noter (veya konsolosluk) onayl\u0131 bir vekaletname gerekecektir. E\u011fer G\u00fcrcistan vatanda\u015f\u0131ysan\u0131z, yurtd\u0131\u015f\u0131ndaysan\u0131z, \u00e7evrimi\u00e7i vekaletname d\u00fczenlemek i\u00e7in size bir noter sa\u011flayabiliriz.<\/li>\n<\/ul>\n<ul class=\"wp-block-list\">\n<li><strong>Belgeler nas\u0131l teslim ediliyor?<\/strong><\/li>\n<li>Belgeleri tercih etti\u011finiz kurye hizmeti ile g\u00f6nderebilirsiniz. Veya web sitemizdeki kurye hizmetleri listesinden se\u00e7im yapabilirsiniz \u2014 <a href=\"https:\/\/documents.ge\/%d1%81%d0%bb%d1%83%d0%b6%d0%b1%d1%8b-%d0%b4%d0%be%d1%81%d1%82%d0%b0%d0%b2%d0%ba%d0%b8-%d0%b3%d1%80%d1%83%d0%b7%d0%b8%d1%8f-%d0%ba%d1%83%d1%80%d1%8c%d0%b5%d1%80%d1%81%d0%ba%d0%b8%d0%b5-%d1%81%d0%bb\/\" rel=\"noreferrer noopener\" target=\"_blank\">link burada<\/a>. Kurye hizmetinin ne oldu\u011funu bilmiyorsan\u0131z, <a href=\"https:\/\/ru.wikipedia.org\/wiki\/%D0%9A%D1%83%D1%80%D1%8C%D0%B5%D1%80\" rel=\"noreferrer noopener\" target=\"_blank\">buradan<\/a> okuyabilirsiniz.<\/li>\n<\/ul>\n<ul class=\"wp-block-list\">\n<li><strong>Fiyat aral\u0131\u011f\u0131n\u0131z nedir?<\/strong><\/li>\n<li><strong>N\u00fcfus kay\u0131t belgeleri i\u00e7in<\/strong> (do\u011fum belgesi, evlilik belgesi, bo\u015fanma belgesi, \u00f6l\u00fcm belgesi, medeni hal belgesi (bekar, bo\u015fanm\u0131\u015f oldu\u011funu g\u00f6steren), soyad\u0131 de\u011fi\u015fiklik belgesi, evlat edinme belgesi, babal\u0131k tespit belgesi, milliyet belgesi (milliyet belirtilen do\u011fum belgesi)) \u2014 <strong>100 ila 180 Euro aras\u0131.<\/strong> Teslim s\u00fcresine, belge say\u0131s\u0131na ve harcanan zamana g\u00f6re de\u011fi\u015fir.<br \/><strong>Apostil belge ba\u015f\u0131na 80 ila 160 Euro<\/strong> \u2014 s\u00fcreye, belgeye ve haz\u0131rland\u0131\u011f\u0131 \u00fclkeye g\u00f6re de\u011fi\u015fir.<\/li>\n<\/ul>\n<ul class=\"wp-block-list\">\n<li><strong>\u00d6demeler nas\u0131l yap\u0131l\u0131yor?<\/strong><\/li>\n<li><strong>Size uygun herhangi bir \u015fekilde \u00f6deme yapabilirsiniz. \u00d6demeler Euro veya Amerikan Dolar\u0131 olarak yap\u0131l\u0131r. Ba\u015fka bir para biriminiz varsa, bankan\u0131zda d\u00f6viz bozdurarak \u00e7evirebilirsiniz.<\/strong> Sizinle bir s\u00f6zle\u015fme imzal\u0131yoruz ve imzaland\u0131\u011f\u0131 andan itibaren hem bizim hem de sizin y\u00fck\u00fcml\u00fcl\u00fckleriniz olu\u015fuyor. <strong>Sizin y\u00fck\u00fcml\u00fcl\u00fckleriniz:<\/strong> do\u011fru ve ger\u00e7ek bilgiler sa\u011flamak, gerekli belgelerin kopyalar\u0131n\u0131 veya taramalar\u0131n\u0131 sunmak (belge talep s\u00fcreci veya apostil, noter onay\u0131 i\u00e7in), bize vekaletname g\u00f6ndermek (veya \u00e7evrimi\u00e7i G\u00fcrc\u00fc noterinde imzalamak), hizmetlerimizi zaman\u0131nda \u00f6demek. <strong>Bizim y\u00fck\u00fcml\u00fcl\u00fcklerimiz:<\/strong> s\u00fcreleri belirtmek ve uymak, her \u015feyi yasaya uygun yapmak, size do\u011fru ve zaman\u0131nda bilgi sa\u011flamak, haz\u0131r belgeleri zaman\u0131nda teslim etmek.<\/li>\n<\/ul>\n<ul class=\"wp-block-list\">\n<li><strong>T\u00fcm \u00f6demeyi bir seferde mi yapmal\u0131y\u0131z?<\/strong><\/li>\n<li>\u00d6nce sipari\u015f bedelinin %60&#8217;\u0131n\u0131 \u00f6deyebilirsiniz. Haz\u0131r oldu\u011funda kalan %40&#8217;\u0131 \u00f6dersiniz. \u0130lk \u00f6deme, sizden orijinal vekaletnameyi elde ettikten sonra yap\u0131l\u0131r. O zaman \u00e7al\u0131\u015fma ba\u015flar. %60&#8217;\u0131 \u00f6dedi\u011finizde ve sipari\u015f haz\u0131r oldu\u011funda, size haz\u0131r belgelerin taramalar\u0131n\u0131 onay i\u00e7in g\u00f6ndeririz. Sonra kalan %40&#8217;\u0131 art\u0131 g\u00f6nderim \u00fccretini \u00f6dersiniz. \u00d6demenizden sonraki g\u00fcn, belgeleri anla\u015ft\u0131\u011f\u0131m\u0131z kurye hizmeti ile size g\u00f6ndeririz. Takip kodunu (kargo numaras\u0131) size veririz ve belgelerin teslimat\u0131n\u0131 \u00e7evrimi\u00e7i takip edebilirsiniz.<\/li>\n<\/ul>\n<ul class=\"wp-block-list\">\n<li><strong>Vekaletname neden 3 y\u0131l i\u00e7in (neden daha fazla veya az de\u011fil) ve iki ki\u015fi belirtilerek yeniden vekalet verme hakk\u0131yla?<\/strong><\/li>\n<li>Uygulama g\u00f6sterdi ki, m\u00fc\u015fterilerimizin %85-90&#8217;\u0131 ek hizmetler i\u00e7in bize geri d\u00f6n\u00fcyor. S\u00fcreyi k\u0131saltanlar\u0131n \u00e7o\u011fu, zamanla pi\u015fman oluyor \u00e7\u00fcnk\u00fc tekrar belge sipari\u015fi verirken yeni bir vekaletname ve g\u00f6nderim i\u00e7in zaman ve para harcamak zorunda kal\u0131yorlar. 3 y\u0131ldan fazla vekaletnameler otomatik olarak 1 y\u0131ll\u0131k vekaletnamelere e\u015fitlenir.<br \/>Yeniden vekalet verme hakk\u0131, belirli durumlarda (hastal\u0131k, kaza, i\u015ften ayr\u0131lma vb.) sipari\u015fin tamamlanaca\u011f\u0131 konusunda hem bize hem de size g\u00fcven verir. \u0130ki ki\u015fi belirtildi\u011finde, daha h\u0131zl\u0131 hareket edebiliyoruz.<\/li>\n<\/ul>\n<ul class=\"wp-block-list\">\n<li><strong>Vekaletnamede neden bu kadar geni\u015f yetki listesi var?<\/strong><\/li>\n<li><strong>Yetki listesi sadece sizin i\u00e7in belge almay\u0131 ve bu belgeler \u00fczerinde i\u015flem yapmay\u0131 kapsar. \u00c7ok say\u0131da bakanl\u0131k ve kurumun listelenmesi sizi rahats\u0131z etmemelidir. Bu sizin yarar\u0131n\u0131za yap\u0131l\u0131r:<\/strong> ek onay veya belge gerekti\u011finde (sipari\u015f s\u0131ras\u0131nda veya sonraki ba\u015fvurularda) h\u0131zl\u0131 hareket edebilmek, yetkililerin soru sormamas\u0131 (neden kurum veya birim belirtilmedi\u011fi gibi). \u00d6rne\u011fin, Adalet Evi&#8217;ne yap\u0131lan bir talepte belgenin sadece Ulusal Ar\u015fiv&#8217;den al\u0131nabilece\u011fi ortaya \u00e7\u0131kabilir. Ulusal Ar\u015fiv&#8217;de eksik veri varsa, ba\u015fka kurumlardan ek bilgi istenebilir. Bu sadece bir \u00f6rnektir. Ko\u015fullar de\u011fi\u015febilir.<br \/><strong>Vekaletnamede gayrimenkul veya araba al\u0131m-sat\u0131m\u0131, banka hesaplar\u0131n\u0131 y\u00f6netme yetkisi yoktur. Sadece sipari\u015f etti\u011finiz belgelerle ilgileniriz.<\/strong><\/li>\n<\/ul>\n<ul class=\"wp-block-list\">\n<li><strong>Akrabam\u0131n belgelerini almak i\u00e7in vekaletname verebilir miyim?<\/strong><\/li>\n<li>Sadece \u00e7ocuklar\u0131n\u0131z i\u00e7in (do\u011fum belgesi sipari\u015finde) veya akraban\u0131z\u0131n (ebeveyn, b\u00fcy\u00fckanne, b\u00fcy\u00fckbaba) \u00f6l\u00fcm belgesini almak i\u00e7in vekaletname verebilirsiniz.<\/li>\n<\/ul>\n<ul class=\"wp-block-list\">\n<li><strong>G\u00fcrcistan&#8217;dan sab\u0131ka kayd\u0131 i\u00e7in vekaletname gerekli mi?<\/strong><\/li>\n<li>Ajans\u0131m\u0131z i\u00e7in bu durumda vekaletname gerekli de\u011fildir.<\/li>\n<\/ul>\n<ul class=\"wp-block-list\">\n<li><strong>G\u00fcrcistan&#8217;da Apostil i\u00e7in vekaletname gerekli mi?<\/strong><\/li>\n<li>Ajans\u0131m\u0131z i\u00e7in, belge apostil i\u00e7in t\u00fcm standartlar\u0131 kar\u015f\u0131l\u0131yorsa, vekaletname gerekli de\u011fildir.<\/li>\n<\/ul>\n<ul class=\"wp-block-list\">\n<li><strong>G\u00fcrcistan&#8217;da Kons\u00fcler Legalizasyon i\u00e7in vekaletname gerekli mi?<\/strong><\/li>\n<li>Evet, \u00e7o\u011fu durumda G\u00fcrcistan&#8217;da belgelerin kons\u00fcler legalizasyonu i\u00e7in vekaletname gereklidir.<\/li>\n<\/ul>\n","protected":false},"excerpt":{"rendered":"<p>\u015eirketiniz ne zamandan beri faaliyet g\u00f6steriyor? \u015eirketimiz yakla\u015f\u0131k 20 y\u0131ld\u0131r, 2005&#8217;ten beri faaliyet g\u00f6steriyor. BDT \u00fclkeleri, G\u00fcney Kafkasya, Bat\u0131 ve Do\u011fu Avrupa, Kuzey, Orta ve G\u00fcney Amerika&#8217;dan gelen belgelerle uluslararas\u0131 deneyime sahibiz. \u00c7al\u0131\u015ft\u0131\u011f\u0131m\u0131z \u00fclkelerin tam listesini buradan g\u00f6rebilirsiniz. Beni kand\u0131rmayaca\u011f\u0131n\u0131zdan nas\u0131l emin olabilirim? \u015eirketimiz hakk\u0131ndaki yorumlar\u0131 buradan (neredeyse 100 tane) g\u00f6rebilirsiniz. Ayr\u0131ca size m\u00fch\u00fcrl\u00fc ve &#8230; <a title=\"S\u0131k\u00e7a Sorulan Sorular\" class=\"read-more\" href=\"https:\/\/documents.ge\/tr\/sikca-sorulan-sorular\/\" aria-label=\"Read more about S\u0131k\u00e7a Sorulan Sorular\">\u0427\u0438\u0442\u0430\u0442\u044c \u0434\u0430\u043b\u0435\u0435<\/a><\/p>\n","protected":false},"author":1,"featured_media":0,"parent":0,"menu_order":0,"comment_status":"closed","ping_status":"closed","template":"","meta":{"_acf_changed":false,"_monsterinsights_skip_tracking":false,"_monsterinsights_sitenote_active":false,"_monsterinsights_sitenote_note":"","_monsterinsights_sitenote_category":0,"footnotes":""},"yst_prominent_words":[],"class_list":["post-25","page","type-page","status-publish"],"acf":[],"_links":{"self":[{"href":"https:\/\/documents.ge\/tr\/wp-json\/wp\/v2\/pages\/25","targetHints":{"allow":["GET"]}}],"collection":[{"href":"https:\/\/documents.ge\/tr\/wp-json\/wp\/v2\/pages"}],"about":[{"href":"https:\/\/documents.ge\/tr\/wp-json\/wp\/v2\/types\/page"}],"author":[{"embeddable":true,"href":"https:\/\/documents.ge\/tr\/wp-json\/wp\/v2\/users\/1"}],"replies":[{"embeddable":true,"href":"https:\/\/documents.ge\/tr\/wp-json\/wp\/v2\/comments?post=25"}],"version-history":[{"count":0,"href":"https:\/\/documents.ge\/tr\/wp-json\/wp\/v2\/pages\/25\/revisions"}],"wp:attachment":[{"href":"https:\/\/documents.ge\/tr\/wp-json\/wp\/v2\/media?parent=25"}],"wp:term":[{"taxonomy":"yst_prominent_words","embeddable":true,"href":"https:\/\/documents.ge\/tr\/wp-json\/wp\/v2\/yst_prominent_words?post=25"}],"curies":[{"name":"wp","href":"https:\/\/api.w.org\/{rel}","templated":true}]}}