{"id":26,"date":"2025-04-06T13:41:37","date_gmt":"2025-04-06T13:41:37","guid":{"rendered":"https:\/\/documents.ge\/tr\/calistigimiz-ulkeler\/"},"modified":"2025-04-06T13:41:37","modified_gmt":"2025-04-06T13:41:37","slug":"calistigimiz-ulkeler","status":"publish","type":"page","link":"https:\/\/documents.ge\/tr\/calistigimiz-ulkeler\/","title":{"rendered":"\u00c7al\u0131\u015ft\u0131\u011f\u0131m\u0131z \u00fclkeler"},"content":{"rendered":"<p><strong>Biz, 25 y\u0131ll\u0131k belge deneyimine sahip uluslararas\u0131 bir \u015firketiz.<\/strong><\/p>\n<p>\u00c7al\u0131\u015ft\u0131\u011f\u0131m\u0131z \u00fclkeler (\u015fubelerimiz, ofislerimiz, temsilcilerimiz) \u2014 <strong>medeni durum belgelerini almak (talep etmek), sab\u0131ka kayd\u0131, vergi dairesinden al\u0131nan belge, e\u011fitim belgelerinin nostrifikasyonu veya tan\u0131nmas\u0131, apostil almak veya koymak, belge \u00e7evirisi sipari\u015f etmek, konsolosluk onay\u0131 yapt\u0131rmak:<\/strong><\/p>\n<p><strong>G\u00fcney Kafkasya \u00dclkeleri:<\/strong><\/p>\n<ol class=\"wp-block-list\">\n<li>Ermenistan<\/li>\n<li>Azerbaycan<\/li>\n<li>G\u00fcrcistan<\/li>\n<\/ol>\n<p><strong>Bat\u0131 Avrupa \u00dclkeleri:<\/strong><\/p>\n<ol class=\"wp-block-list\">\n<li>Avusturya<\/li>\n<li>Bel\u00e7ika<\/li>\n<li>Birle\u015fik Krall\u0131k<\/li>\n<li>Almanya<\/li>\n<li>\u0130rlanda<\/li>\n<li>\u0130spanya<\/li>\n<li>\u0130talya<\/li>\n<li>Lihten\u015ftayn<\/li>\n<li>L\u00fcksemburg<\/li>\n<li>Monako<\/li>\n<li>Hollanda<\/li>\n<li>Norve\u00e7<\/li>\n<li>Portekiz<\/li>\n<li>Finlandiya<\/li>\n<li>Fransa<\/li>\n<li>\u0130sve\u00e7<\/li>\n<li>\u0130svi\u00e7re<\/li>\n<\/ol>\n<p><strong>Do\u011fu Avrupa \u00dclkeleri:<\/strong><\/p>\n<ol class=\"wp-block-list\">\n<li>Belarus<\/li>\n<li>Bulgaristan<\/li>\n<li>Macaristan<\/li>\n<li>Moldova<\/li>\n<li>Polonya<\/li>\n<li>Rusya<\/li>\n<li>Romanya<\/li>\n<li>Slovakya<\/li>\n<li>Slovenya<\/li>\n<li>Ukrayna<\/li>\n<li>Karada\u011f<\/li>\n<li>\u00c7ekya<\/li>\n<\/ol>\n<p><strong>Kuzey Amerika \u00dclkeleri:<\/strong><\/p>\n<ol class=\"wp-block-list\">\n<li>Kanada<\/li>\n<li>Amerika Birle\u015fik Devletleri<\/li>\n<li>Meksika<\/li>\n<li>Gr\u00f6nland (Danimarka&#8217;n\u0131n \u00f6zerk b\u00f6lgesi)<\/li>\n<li>Bermuda Adalar\u0131 (Birle\u015fik Krall\u0131k topra\u011f\u0131)<\/li>\n<\/ol>\n<p><strong>Orta Amerika \u00dclkeleri:<\/strong><\/p>\n<ol class=\"wp-block-list\">\n<li>Belize<\/li>\n<li>Guatemala<\/li>\n<li>Honduras<\/li>\n<li>Dominik Cumhuriyeti<\/li>\n<li>Kosta Rika<\/li>\n<li>Nikaragua<\/li>\n<li>Panama<\/li>\n<li>El Salvador<\/li>\n<\/ol>\n<p><strong>G\u00fcney Amerika \u00dclkeleri:<\/strong><\/p>\n<ol class=\"wp-block-list\">\n<li>Arjantin<\/li>\n<li>Bolivya<\/li>\n<li>Brezilya<\/li>\n<li>Venezuela<\/li>\n<li>Guyana<\/li>\n<li>Kolombiya<\/li>\n<li>Paraguay<\/li>\n<li>Peru<\/li>\n<li>Surinam<\/li>\n<li>Uruguay<\/li>\n<li>\u015eili<\/li>\n<li>Ekvador<\/li>\n<li>Frans\u0131z Guyanas\u0131 (Fransa&#8217;n\u0131n deniza\u015f\u0131r\u0131 b\u00f6lgesi)<\/li>\n<\/ol>\n","protected":false},"excerpt":{"rendered":"<p>Biz, 25 y\u0131ll\u0131k belge deneyimine sahip uluslararas\u0131 bir \u015firketiz. \u00c7al\u0131\u015ft\u0131\u011f\u0131m\u0131z \u00fclkeler (\u015fubelerimiz, ofislerimiz, temsilcilerimiz) \u2014 medeni durum belgelerini almak (talep etmek), sab\u0131ka kayd\u0131, vergi dairesinden al\u0131nan belge, e\u011fitim belgelerinin nostrifikasyonu veya tan\u0131nmas\u0131, apostil almak veya koymak, belge \u00e7evirisi sipari\u015f etmek, konsolosluk onay\u0131 yapt\u0131rmak: G\u00fcney Kafkasya \u00dclkeleri: Ermenistan Azerbaycan G\u00fcrcistan Bat\u0131 Avrupa \u00dclkeleri: Avusturya Bel\u00e7ika Birle\u015fik &#8230; <a title=\"\u00c7al\u0131\u015ft\u0131\u011f\u0131m\u0131z \u00fclkeler\" class=\"read-more\" href=\"https:\/\/documents.ge\/tr\/calistigimiz-ulkeler\/\" aria-label=\"Read more about \u00c7al\u0131\u015ft\u0131\u011f\u0131m\u0131z \u00fclkeler\">\u0427\u0438\u0442\u0430\u0442\u044c \u0434\u0430\u043b\u0435\u0435<\/a><\/p>\n","protected":false},"author":1,"featured_media":0,"parent":0,"menu_order":0,"comment_status":"closed","ping_status":"closed","template":"","meta":{"_acf_changed":false,"_monsterinsights_skip_tracking":false,"_monsterinsights_sitenote_active":false,"_monsterinsights_sitenote_note":"","_monsterinsights_sitenote_category":0,"footnotes":""},"yst_prominent_words":[],"class_list":["post-26","page","type-page","status-publish"],"acf":[],"_links":{"self":[{"href":"https:\/\/documents.ge\/tr\/wp-json\/wp\/v2\/pages\/26","targetHints":{"allow":["GET"]}}],"collection":[{"href":"https:\/\/documents.ge\/tr\/wp-json\/wp\/v2\/pages"}],"about":[{"href":"https:\/\/documents.ge\/tr\/wp-json\/wp\/v2\/types\/page"}],"author":[{"embeddable":true,"href":"https:\/\/documents.ge\/tr\/wp-json\/wp\/v2\/users\/1"}],"replies":[{"embeddable":true,"href":"https:\/\/documents.ge\/tr\/wp-json\/wp\/v2\/comments?post=26"}],"version-history":[{"count":0,"href":"https:\/\/documents.ge\/tr\/wp-json\/wp\/v2\/pages\/26\/revisions"}],"wp:attachment":[{"href":"https:\/\/documents.ge\/tr\/wp-json\/wp\/v2\/media?parent=26"}],"wp:term":[{"taxonomy":"yst_prominent_words","embeddable":true,"href":"https:\/\/documents.ge\/tr\/wp-json\/wp\/v2\/yst_prominent_words?post=26"}],"curies":[{"name":"wp","href":"https:\/\/api.w.org\/{rel}","templated":true}]}}