{"id":27,"date":"2025-04-06T13:45:58","date_gmt":"2025-04-06T13:45:58","guid":{"rendered":"https:\/\/documents.ge\/tr\/dogum-belgesi-gurcistan\/"},"modified":"2025-04-06T13:45:58","modified_gmt":"2025-04-06T13:45:58","slug":"dogum-belgesi-gurcistan","status":"publish","type":"page","link":"https:\/\/documents.ge\/tr\/dogum-belgesi-gurcistan\/","title":{"rendered":"Do\u011fum Belgesi &#8211; G\u00fcrcistan"},"content":{"rendered":"<p>&#8220;`html<\/p>\n<p>G\u00fcrcistan&#8217;da do\u011fum belgesi d\u00fczenlenmesi genellikle iki haftaya kadar s\u00fcrer. Artan bir \u00fccret kar\u015f\u0131l\u0131\u011f\u0131nda 1-2 i\u015f g\u00fcn\u00fc i\u00e7inde h\u0131zland\u0131r\u0131lm\u0131\u015f d\u00fczenleme se\u00e7ene\u011fi de mevcuttur. Belgenin al\u0131nma h\u0131z\u0131 m\u00fc\u015fterinin bireysel tercihlerine ba\u011fl\u0131d\u0131r.<\/p>\n<h3 class=\"wp-block-heading\"><strong>G\u00fcrcistan do\u011fum belgesinin metni. G\u00fcrcistan&#8217;da do\u011fum belgesinde ne yaz\u0131yor<\/strong>. G\u00fcrc\u00fcce<\/h3>\n<h3 class=\"wp-block-heading\">\u10e1\u10d0\u10e5\u10d0\u10e0\u10d7\u10d5\u10d4\u10da\u10dd\u10e1 \u10e0\u10d4\u10e1\u10de\u10e3\u10d1\u10da\u10d8\u10d9\u10d0<\/h3>\n<h3 class=\"wp-block-heading\">\u10d3\u10d0\u10d1\u10d0\u10d3\u10d4\u10d1\u10d8\u10e1 \u10db\u10dd\u10ec\u10db\u10dd\u10d1\u10d0<\/h3>\n<figure class=\"wp-block-table\">\n<table>\n<thead>\n<tr>\n<th><\/th>\n<th><\/th>\n<\/tr>\n<\/thead>\n<tbody>\n<tr>\n<td>\u10e1\u10d0\u10ee\u10d4\u10da\u10d8: ________________<\/td>\n<td>\u10db\u10e8\u10dd\u10d1\u10da\u10d4\u10d1\u10d8:<\/td>\n<\/tr>\n<tr>\n<td>\u10d2\u10d5\u10d0\u10e0\u10d8: ________________<\/td>\n<td>\u10db\u10d0\u10db\u10d0:<\/td>\n<\/tr>\n<tr>\n<td>\u10d3\u10d0\u10d1\u10d0\u10d3\u10d4\u10d1\u10d8\u10e1 \u10d7\u10d0\u10e0\u10d8\u10e6\u10d8: __________________<\/td>\n<td>\u10e1\u10d0\u10ee\u10d4\u10da\u10d8: _____________<\/td>\n<\/tr>\n<tr>\n<td>\u10d3\u10d0\u10d1\u10d0\u10d3\u10d4\u10d1\u10d8\u10e1 \u10d0\u10d3\u10d2\u10d8\u10da\u10d8: \u10e1\u10d0\u10e5\u10d0\u10e0\u10d7\u10d5\u10d4\u10da\u10dd, \u10d7\u10d1\u10d8\u10da\u10d8\u10e1\u10d8<\/td>\n<td>\u10d2\u10d5\u10d0\u10e0\u10d8: ______________<\/td>\n<\/tr>\n<tr>\n<td>\u10e1\u10e5\u10d4\u10e1\u10d8: \u10db\u10d3\u10d4\u10d3\u10e0\u10dd\u10d1\u10d8\u10d7\u10d8<\/td>\n<td>\u10de\u10d8\u10e0\u10d0\u10d3\u10d8 \u10dc\u10dd\u10db\u10d4\u10e0\u10d8:<\/td>\n<\/tr>\n<tr>\n<td>\u10de\u10d8\u10e0\u10d0\u10d3\u10d8 \u10dc\u10dd\u10db\u10d4\u10e0\u10d8:<\/td>\n<td>\u10d3\u10d4\u10d3\u10d0:<\/td>\n<\/tr>\n<tr>\n<td>\u10db\u10dd\u10e5\u10d0\u10da\u10d0\u10e5\u10d4\u10dd\u10d1\u10d0:<\/td>\n<td>\u10e1\u10d0\u10ee\u10d4\u10da\u10d8: ______________<\/td>\n<\/tr>\n<tr>\n<td>\u10d3\u10d0\u10d1\u10d0\u10d3\u10d4\u10d1\u10d8\u10e1 \u10e0\u10d4\u10d2\u10d8\u10e1\u10e2\u10e0\u10d0\u10ea\u10d8\u10d8\u10e1 \u10d7\u10d0\u10e0\u10d8\u10e6\u10d8: _________<\/td>\n<td>\u10d2\u10d5\u10d0\u10e0\u10d8: ___________________<\/td>\n<\/tr>\n<tr>\n<td>\u10e9\u10d0\u10dc\u10d0\u10ec\u10d4\u10e0\u10d8\u10e1 \u10dc\u10dd\u10db\u10d4\u10e0\u10d8: ________<\/td>\n<td>\u10de\u10d8\u10e0\u10d0\u10d3\u10d8 \u10dc\u10dd\u10db\u10d4\u10e0\u10d8:<\/td>\n<\/tr>\n<tr>\n<td>QR \u10d9\u10dd\u10d3\u10d8\u10e1 \u10e5\u10d5\u10d4\u10db\u10dd\u10d7 \u10db\u10dd\u10dc\u10d0\u10ea\u10d4\u10db\u10d4\u10d1\u10d8:<\/td>\n<td>\u10db\u10dd\u10e5\u10d0\u10da\u10d0\u10e5\u10d4\u10dd\u10d1\u10d0:<\/td>\n<\/tr>\n<tr>\n<td>\u10d3\u10dd\u10d9\u10e3\u10db\u10d4\u10dc\u10e2\u10d8 \u10d0\u10e0\u10d8\u10e1 \u10d4\u10da\u10d4\u10e5\u10e2\u10e0\u10dd\u10dc\u10e3\u10da\u10d8. \u10d3\u10d0\u10db\u10d0\u10e2\u10d4\u10d1\u10d8\u10d7\u10d8 \u10d8\u10dc\u10e4\u10dd\u10e0\u10db\u10d0\u10ea\u10d8\u10d8\u10e1\u10d7\u10d5\u10d8\u10e1 (http:\/\/sda.gov.ge).<\/td>\n<td>\u10d3\u10d0\u10d1\u10d0\u10d3\u10d4\u10d1\u10d8\u10e1 \u10e0\u10d4\u10d2\u10d8\u10e1\u10e2\u10e0\u10d0\u10ea\u10d8\u10d8\u10e1 \u10d7\u10d0\u10e0\u10d8\u10e6\u10d8: _____________<\/td>\n<\/tr>\n<tr>\n<td>\u10d3\u10d0\u10d9\u10d0\u10d5\u10e8\u10d8\u10e0\u10d4\u10d1\u10e3\u10da\u10d8 \u10d8\u10dc\u10e4\u10dd\u10e0\u10db\u10d0\u10ea\u10d8\u10d8\u10e1 \u10d2\u10d0\u10d3\u10d0\u10db\u10dd\u10ec\u10db\u10d4\u10d1\u10d0 \u10e3\u10dc\u10d3\u10d0 \u10db\u10dd\u10ee\u10d3\u10d4\u10e1 \u10d7\u10e3 \u10d0\u10e0 \u10d0\u10e0\u10e1\u10d4\u10d1\u10dd\u10d1\u10e1 \u10e8\u10d4\u10e1\u10d0\u10d1\u10d0\u10db\u10d8\u10e1\u10d8 \u10d4\u10da\u10d4\u10e5\u10e2\u10e0\u10dd\u10dc\u10e3\u10da\u10d8 \u10d3\u10d0\u10db\u10dd\u10ec\u10db\u10d4\u10d1\u10d0 (http:\/\/sda.gov.ge) \u10e9\u10d0\u10db\u10dd\u10e2\u10d5\u10d8\u10e0\u10d7\u10d5\u10d0 \u10e8\u10d4\u10e1\u10d0\u10eb\u10da\u10d4\u10d1\u10d4\u10da\u10d8\u10d0 ACTUS51_______72 \u10dc\u10dd\u10db\u10e0\u10d8\u10d7 1 \u10ec\u10da\u10d8\u10e1 \u10d2\u10d0\u10db\u10ea\u10d4\u10db\u10d8\u10d7.<\/td>\n<td>\u10db\u10dd\u10e5\u10d0\u10da\u10d0\u10e5\u10d4\u10dd\u10d1\u10d8\u10e1 \u10dd\u10e4\u10d8\u10e1\u10d8:<\/td>\n<\/tr>\n<tr>\n<td><\/td>\n<td>\u10e1\u10e1\u10d8\u10de \u10e2\u10d8\u10db\u10d8\u10e1\u10d8\u10e1 \u10e1\u10d0\u10db\u10dd\u10e5\u10d0\u10da\u10d0\u10e5\u10dd \u10e0\u10d4\u10d4\u10e1\u10e2\u10e0\u10d8\u10e1 \u10e1\u10d0\u10db\u10e1\u10d0\u10ee\u10e3\u10e0\u10d8<\/td>\n<\/tr>\n<tr>\n<td><\/td>\n<td><\/td>\n<\/tr>\n<tr>\n<td><\/td>\n<td>\u10ee\u10d4\u10da\u10db\u10dd\u10ec\u10d4\u10e0\u10d0:<\/td>\n<\/tr>\n<tr>\n<td><\/td>\n<td>\u10e1\u10de\u10d4\u10ea\u10d8\u10d0\u10da\u10d8\u10e1\u10e2\u10d8 <strong><em><strong><em>________________<\/em><\/strong><\/em><\/strong><\/td>\n<\/tr>\n<tr>\n<td><\/td>\n<td>\u10e1\u10e1\u10d8\u10de \u10e1\u10d0\u10d6\u10dd\u10d2\u10d0\u10d3\u10dd\u10d4\u10d1\u10e0\u10d8\u10d5\u10d8 \u10e0\u10d4\u10d4\u10e1\u10e2\u10e0\u10d8\u10e1 \u10d4\u10e0\u10dd\u10d5\u10dc\u10e3\u10da\u10d8 \u10e1\u10d0\u10d0\u10d2\u10d4\u10dc\u10e2\u10dd<\/td>\n<\/tr>\n<tr>\n<td><\/td>\n<td>\u10e1\u10d0\u10e0\u10d4\u10d2\u10d8\u10e1\u10e2\u10e0\u10d0\u10ea\u10d8\u10dd \u10dc\u10dd\u10db\u10d4\u10e0\u10d8 __________<\/td>\n<\/tr>\n<tr>\n<td><\/td>\n<td>\u10db\u10dd\u10dc\u10d0\u10ea\u10db\u10d4\u10d1\u10d8 \u10e8\u10e2\u10d0\u10db\u10de\u10d8\u10d3\u10d0\u10dc:<\/td>\n<\/tr>\n<tr>\n<td><\/td>\n<td>\u10e1\u10d0\u10e5\u10d0\u10e0\u10d7\u10d5\u10d4\u10da\u10dd\u10e1 \u10d8\u10e3\u10e1\u10e2\u10d8\u10ea\u10d8\u10d8\u10e1 \u10e1\u10d0\u10db\u10d8\u10dc\u10d8\u10e1\u10e2\u10e0\u10dd\u10e1 \u10e1\u10d0\u10ee\u10d4\u10da\u10db\u10ec\u10d8\u10e4\u10dd \u10e1\u10d4\u10e0\u10d5\u10d8\u10e1\u10d4\u10d1\u10d8\u10e1 \u10d2\u10d0\u10dc\u10d5\u10d8\u10d7\u10d0\u10e0\u10d4\u10d1\u10d8\u10e1 \u10e1\u10d0\u10d0\u10d2\u10d4\u10dc\u10e2\u10dd<\/td>\n<\/tr>\n<tr>\n<td><\/td>\n<td>\u10e2\u10d8\u10db\u10d8\u10e1 \u10e2\u10d4\u10e0\u10d8\u10e2\u10dd\u10e0\u10d8\u10e3\u10da\u10d8 \u10e1\u10d0\u10db\u10e1\u10d0\u10ee\u10e3\u10e0\u10d8<\/td>\n<\/tr>\n<tr>\n<td><\/td>\n<td>\u10ee\u10d4\u10da\u10db\u10dd\u10ec\u10d4\u10e0\u10d0: ________<\/td>\n<\/tr>\n<tr>\n<td><\/td>\n<td>\u10d7\u10d0\u10dc\u10d0\u10db\u10d3\u10d4\u10d1\u10dd\u10d1\u10d0: \u10e0\u10d4\u10d2\u10d8\u10e1\u10e2\u10e0\u10d0\u10e2\u10dd\u10e0\u10d8. \u10e1\u10d4\u10e0\u10d5\u10d8\u10e1\u10ea\u10d4\u10dc\u10e2\u10e0\u10d8 _______<\/td>\n<\/tr>\n<tr>\n<td><\/td>\n<td>______________________ \u10ec.<\/td>\n<\/tr>\n<tr>\n<td><\/td>\n<td>\u10d2\u10d0\u10d3\u10d0\u10db\u10dd\u10ec\u10db\u10d4\u10d1\u10e3\u10da\u10d8: \u10d4\u10da\u10d4\u10dc\u10d4 \u10eb\u10d0\u10d2\u10dc\u10d8\u10eb\u10d4<\/td>\n<\/tr>\n<\/tbody>\n<\/table>\n<\/figure>\n<h3 class=\"wp-block-heading\"><strong>G\u00fcrcistan&#8217;dan do\u011fum belgesi Rus\u00e7a. Do\u011fum belgesinin Rus\u00e7aya \u00e7evirisi<\/strong><\/h3>\n<p><strong>L\u00fctfen dikkat, G\u00fcrcistan&#8217;da do\u011fum belgesi yaln\u0131zca G\u00fcrc\u00fcce olarak verilir. <\/strong><\/p>\n<h3 class=\"wp-block-heading\">G\u00fcrcistan Cumhuriyeti<\/h3>\n<h3 class=\"wp-block-heading\">Do\u011fum Belgesi<\/h3>\n<figure class=\"wp-block-table\">\n<table>\n<thead>\n<tr>\n<th><\/th>\n<th><\/th>\n<\/tr>\n<\/thead>\n<tbody>\n<tr>\n<td>Ad: __________<\/td>\n<td>Ebeveynler:<\/td>\n<\/tr>\n<tr>\n<td>Soyad: ________________<\/td>\n<td>Baba:<\/td>\n<\/tr>\n<tr>\n<td>Do\u011fum Tarihi: _____________________ y\u0131l\u0131<\/td>\n<td>Ad: _________<\/td>\n<\/tr>\n<tr>\n<td>Do\u011fum Yeri: G\u00fcrcistan, Tiflis<\/td>\n<td>Soyad: _________<\/td>\n<\/tr>\n<tr>\n<td>Cinsiyet: Kad\u0131n<\/td>\n<td>Ki\u015fisel numara:<\/td>\n<\/tr>\n<tr>\n<td>Ki\u015fisel numara:<\/td>\n<td>Anne:<\/td>\n<\/tr>\n<tr>\n<td>Vatanda\u015fl\u0131k: <\/td>\n<td>Ad: _______<\/td>\n<\/tr>\n<tr>\n<td>Do\u011fum kay\u0131t tarihi: _________________ y\u0131l\u0131<\/td>\n<td>Soyad: _________<\/td>\n<\/tr>\n<tr>\n<td>Kay\u0131t numaras\u0131: _________________<\/td>\n<td>Ki\u015fisel numara: _____<\/td>\n<\/tr>\n<tr>\n<td>QR-kod<\/td>\n<td>Vatanda\u015fl\u0131k: ______<\/td>\n<\/tr>\n<tr>\n<td>Belge elektroniktir. Bilgiler ajans\u0131n web sitesinde (http:\/\/sda.gov.ge) kontrol edilebilir \u2013 verilerin olup olmad\u0131\u011f\u0131.<\/td>\n<td>Do\u011fum kay\u0131t tarihi: ________________<\/td>\n<\/tr>\n<tr>\n<td>Bu belge (http:\/\/sda.gov.ge) adresinden ACT05___________92 numaras\u0131 ile 1 y\u0131l s\u00fcreyle indirilebilir.<\/td>\n<td>Vatanda\u015fl\u0131k Dairesi:<\/td>\n<\/tr>\n<tr>\n<td><\/td>\n<td>Sivil Kay\u0131t Servisi _______<\/td>\n<\/tr>\n<tr>\n<td><\/td>\n<td><\/td>\n<\/tr>\n<tr>\n<td><\/td>\n<td>\u0130mza:<\/td>\n<\/tr>\n<tr>\n<td><\/td>\n<td>Uzman <strong><em><strong><em>________________<\/em><\/strong><\/em><\/strong><\/td>\n<\/tr>\n<tr>\n<td><\/td>\n<td>Ulusal Kamu Sicil Ajans\u0131<\/td>\n<\/tr>\n<tr>\n<td><\/td>\n<td>Kay\u0131t numaras\u0131 ____<\/td>\n<\/tr>\n<tr>\n<td><\/td>\n<td>Damga bilgileri:<\/td>\n<\/tr>\n<tr>\n<td><\/td>\n<td>G\u00fcrcistan Adalet Bakanl\u0131\u011f\u0131<\/td>\n<\/tr>\n<tr>\n<td><\/td>\n<td>Devlet Hizmetleri Geli\u015ftirme Ajans\u0131<\/td>\n<\/tr>\n<tr>\n<td><\/td>\n<td>Tiflis B\u00f6lge Servisi<\/td>\n<\/tr>\n<tr>\n<td><\/td>\n<td>\u0130mza: ____________<\/td>\n<\/tr>\n<tr>\n<td><\/td>\n<td>Pozisyon: Kay\u0131t memuru. Servis merkezi _____<\/td>\n<\/tr>\n<tr>\n<td><\/td>\n<td>tarih _______<\/td>\n<\/tr>\n<tr>\n<td><\/td>\n<td>Kontrol eden: ___________<\/td>\n<\/tr>\n<\/tbody>\n<\/table><figcaption class=\"wp-element-caption\">Bu metin G\u00fcrcistan&#8217;daki do\u011fum belgelerindeki metne kar\u015f\u0131l\u0131k gelir<\/figcaption><\/figure>\n<p><strong><span style=\"text-decoration: underline;\">Dikkat edin!<\/span> G\u00fcrcistan do\u011fum belgesinde, d\u00fcnyan\u0131n \u00e7o\u011fu \u00fclkesinde oldu\u011fu gibi <span style=\"text-decoration: underline;\">BABA ADI YAZILMAZ<\/span> ne ebeveynlerin ne de \u00e7ocu\u011fun. G\u00fcrc\u00fc sertifikalar\u0131nda baba ad\u0131 yoktur ve talep etmeyin. \u00c7ocu\u011fun babas\u0131n\u0131n ad\u0131 belirtilir.<\/strong><\/p>\n<div class=\"gb-container gb-container-d1de745a\">\n<p><strong><span style=\"text-decoration: underline;\">Dikkat edin!<\/span> G\u00fcrc\u00fc do\u011fum belgesinde, d\u00fcnyan\u0131n \u00e7o\u011fu \u00fclkesinde oldu\u011fu gibi <span style=\"text-decoration: underline;\">M\u0130LL\u0130YET YAZILMAZ<\/span> ne ebeveynlerin ne de \u00e7ocu\u011fun. <span style=\"text-decoration: underline;\">Milliyetle ilgili ayr\u0131 bir belgeye ihtiyac\u0131n\u0131z varsa \u2014 ajans\u0131m\u0131za ba\u015fvurun.<\/span><\/strong><\/p>\n<\/div>\n<p><span style=\"text-decoration: underline;\"><em>Eski Sovyet modeli do\u011fum belgesine at\u0131fta bulunabilirsiniz, bu belgede baba ad\u0131 ve milliyet belirtilir. Unutmay\u0131n ki <strong>belge format\u0131 de\u011fi\u015fti ve G\u00fcrcistan&#8217;da yasal olarak onaylanan forma g\u00f6re veriliyor.<\/strong><\/em><\/span><\/p>\n<h3 class=\"wp-block-heading\"><strong>\u00d6rnek \u2014 G\u00fcrcistan do\u011fum belgesi. G\u00fcrcistan&#8217;dan do\u011fum belgesi nas\u0131l g\u00f6r\u00fcn\u00fcr<\/strong><\/h3>\n<figure class=\"wp-block-image size-full\"><img alt=\"G\u00fcrcistan'dan SSCB modeli do\u011fum belgesi foto\u011fraf\u0131 - 1953 y\u0131l\u0131\" class=\"wp-image-502 lazyload\" data-src=\"https:\/\/documents.ge\/wp-content\/uploads\/2024\/07\/\u0421\u0432\u0438\u0434\u0435\u0442\u0435\u043b\u044c\u0441\u0442\u0432\u043e-\u043e-\u0440\u043e\u0436\u0434\u0435\u043d\u0438\u0438-\u0438\u0437-\u0413\u0440\u0443\u0437\u0438\u0438-\u0441\u0442\u0430\u0440\u043e\u0433\u043e-\u043e\u0431\u0440\u0430\u0437\u0446\u0430-\u0421\u0421\u0421\u0420.gif\" decoding=\"async\" height=\"596\" src=\"data:image\/gif;base64,R0lGODlhAQABAAAAACH5BAEKAAEALAAAAAABAAEAAAICTAEAOw==\" style=\"--smush-placeholder-width: 800px; --smush-placeholder-aspect-ratio: 800\/596;\" width=\"800\"\/><figcaption class=\"wp-element-caption\">Eski Sovyet modeli 1953 y\u0131l\u0131 do\u011fum belgesi \u2014 kapak. De\u011fi\u015ftirilmesi gereklidir<\/figcaption><\/figure>\n<figure class=\"wp-block-image size-full\"><img alt=\"Eski model do\u011fum belgesi - G\u00fcrcistan - SSCB, N\u00fcfus M\u00fcd\u00fcrl\u00fc\u011f\u00fc taraf\u0131ndan verilmi\u015ftir. B\u00f6yle bir belge yenilenmelidir\" class=\"wp-image-455 lazyload\" data-src=\"https:\/\/documents.ge\/wp-content\/uploads\/2024\/07\/\u0421\u0432\u0438\u0434\u0435\u0442\u0435\u043b\u044c\u0441\u0442\u0432\u043e-\u043e-\u0440\u043e\u0436\u0434\u0435\u043d\u0438\u0438-\u0441\u0442\u0430\u0440\u043e\u0433\u043e-\u043e\u0431\u0440\u0430\u0437\u0446\u0430-\u0413\u0440\u0443\u0437\u0438\u044f-\u0421\u0421\u0421\u0420.gif\" decoding=\"async\" height=\"596\" src=\"data:image\/gif;base64,R0lGODlhAQABAAAAACH5BAEKAAEALAAAAAABAAEAAAICTAEAOw==\" style=\"--smush-placeholder-width: 800px; --smush-placeholder-aspect-ratio: 800\/596;\" title=\"Eski model do\u011fum belgesi - G\u00fcrcistan - SSCB\" width=\"800\"\/><figcaption class=\"wp-element-caption\">Eski model do\u011fum belgesi \u2014 G\u00fcrcistan. G\u00fcn\u00fcm\u00fczde b\u00f6yle bir belge almak m\u00fcmk\u00fcn de\u011fildir \u2014 yaln\u0131zca yeni model <\/figcaption><\/figure>\n<figure class=\"wp-block-image size-large\"><img alt=\"Eski model do\u011fum belgesi, \u0131slak imza ve m\u00fch\u00fcr olmadan - G\u00fcrcistan - 2019 y\u0131l\u0131\" class=\"lazyload\" data-src=\"https:\/\/documents.ge\/wp-content\/uploads\/2019\/03\/%D1%81%D0%B2%D0%B8%D0%B4%D0%B5%D1%82%D0%B5%D0%BB%D1%8C%D1%81%D1%82%D0%B2%D0%BE-%D0%BE-%D1%80%D0%BE%D0%B6%D0%B4%D0%B5%D0%BD%D0%B8%D0%B8-1024x743.jpg\" decoding=\"async\" src=\"data:image\/gif;base64,R0lGODlhAQABAAAAACH5BAEKAAEALAAAAAABAAEAAAICTAEAOw==\" style=\"--smush-placeholder-width: 1024px; --smush-placeholder-aspect-ratio: 1024\/743;\" title=\"Do\u011fum belgesi almak - G\u00fcrcistan\"\/><figcaption class=\"wp-element-caption\">Eski model do\u011fum belgesi \u2014 G\u00fcrcistan \u2014 2019 y\u0131l\u0131<\/figcaption><\/figure>\n<figure class=\"wp-block-image size-full\"><img alt=\"G\u00fcrcistan Do\u011fum Belgesi\" class=\"wp-image-380 lazyload\" data-sizes=\"(max-width: 800px) 100vw, 800px\" data-src=\"https:\/\/documents.ge\/wp-content\/uploads\/2024\/07\/Birth_Certificate_Republic_of_Georgia_Example.png\" data-srcset=\"https:\/\/documents.ge\/wp-content\/uploads\/2024\/07\/Birth_Certificate_Republic_of_Georgia_Example.png 800w, https:\/\/documents.ge\/wp-content\/uploads\/2024\/07\/Birth_Certificate_Republic_of_Georgia_Example-300x211.png 300w, https:\/\/documents.ge\/wp-content\/uploads\/2024\/07\/Birth_Certificate_Republic_of_Georgia_Example-768x540.png 768w\" decoding=\"async\" height=\"563\" src=\"data:image\/gif;base64,R0lGODlhAQABAAAAACH5BAEKAAEALAAAAAABAAEAAAICTAEAOw==\" style=\"--smush-placeholder-width: 800px; --smush-placeholder-aspect-ratio: 800\/563;\" width=\"800\"\/><figcaption class=\"wp-element-caption\">Yeni model do\u011fum belgesi \u2014 G\u00fcrcistan<\/figcaption><\/figure>\n<p><strong><span style=\"text-decoration: underline;\">Dikkat edin!<\/span> G\u00fcrcistan&#8217;daki do\u011fum belgesine G\u00fcrc\u00fc makamlar\u0131n\u0131n \u0131slak m\u00fchr\u00fc ve \u0131slak imzas\u0131 uygulanmaz. Bask\u0131 ve imzalar i\u00e7in tipografik m\u00fcrekkep kullan\u0131l\u0131r. Belge elektronik imza ile imzalanm\u0131\u015ft\u0131r ve G\u00fcrcistan&#8217;daki Adalet Evi web sitesinde online olarak kontrol edilebilir.<\/strong><\/p>\n<h3 class=\"wp-block-heading\"><strong>Do\u011fum belgesi \u015funlar i\u00e7in gereklidir:<\/strong><\/h3>\n<ul class=\"wp-block-list\">\n<li>G\u00fcrcistan veya di\u011fer \u00fclkelerin vatanda\u015fl\u0131\u011f\u0131n\u0131n al\u0131nmas\u0131<\/li>\n<li>Kimlik belgesi olarak kullan\u0131m<\/li>\n<li>G\u00fcrcistan&#8217;da veya yurtd\u0131\u015f\u0131nda ikamet izni al\u0131nmas\u0131<\/li>\n<li>Akrabal\u0131k ili\u015fkilerinin do\u011frulanmas\u0131<\/li>\n<li>E\u011fitimle ilgili belgelerin d\u00fczenlenmesi<\/li>\n<li>Do\u011fum belgesi a\u015fa\u011f\u0131daki durumlarda gereklidir:<\/li>\n<li>Miras i\u015flemleri<\/li>\n<li>Evlat edinme veya vesayet<\/li>\n<li>Pasaport al\u0131nmas\u0131<\/li>\n<li>Emeklilik i\u015flemleri<\/li>\n<li>G\u00f6\u00e7 ve g\u00f6\u00e7menlik prosed\u00fcrleri<\/li>\n<li>Sosyal yard\u0131m ve hizmetlerin al\u0131nmas\u0131<\/li>\n<\/ul>\n<h3 class=\"wp-block-heading\"><strong>G\u00fcrcistan&#8217;da do\u011fum belgesi nereden al\u0131nabilir<\/strong><\/h3>\n<p>G\u00fcrcistan<\/p>\n","protected":false},"excerpt":{"rendered":"<p>&#8220;`html G\u00fcrcistan&#8217;da do\u011fum belgesi d\u00fczenlenmesi genellikle iki haftaya kadar s\u00fcrer. Artan bir \u00fccret kar\u015f\u0131l\u0131\u011f\u0131nda 1-2 i\u015f g\u00fcn\u00fc i\u00e7inde h\u0131zland\u0131r\u0131lm\u0131\u015f d\u00fczenleme se\u00e7ene\u011fi de mevcuttur. Belgenin al\u0131nma h\u0131z\u0131 m\u00fc\u015fterinin bireysel tercihlerine ba\u011fl\u0131d\u0131r. G\u00fcrcistan do\u011fum belgesinin metni. G\u00fcrcistan&#8217;da do\u011fum belgesinde ne yaz\u0131yor. G\u00fcrc\u00fcce \u10e1\u10d0\u10e5\u10d0\u10e0\u10d7\u10d5\u10d4\u10da\u10dd\u10e1 \u10e0\u10d4\u10e1\u10de\u10e3\u10d1\u10da\u10d8\u10d9\u10d0 \u10d3\u10d0\u10d1\u10d0\u10d3\u10d4\u10d1\u10d8\u10e1 \u10db\u10dd\u10ec\u10db\u10dd\u10d1\u10d0 \u10e1\u10d0\u10ee\u10d4\u10da\u10d8: ________________ \u10db\u10e8\u10dd\u10d1\u10da\u10d4\u10d1\u10d8: \u10d2\u10d5\u10d0\u10e0\u10d8: ________________ \u10db\u10d0\u10db\u10d0: \u10d3\u10d0\u10d1\u10d0\u10d3\u10d4\u10d1\u10d8\u10e1 \u10d7\u10d0\u10e0\u10d8\u10e6\u10d8: __________________ \u10e1\u10d0\u10ee\u10d4\u10da\u10d8: _____________ &#8230; <a title=\"Do\u011fum Belgesi &#8211; G\u00fcrcistan\" class=\"read-more\" href=\"https:\/\/documents.ge\/tr\/dogum-belgesi-gurcistan\/\" aria-label=\"Read more about Do\u011fum Belgesi &#8211; G\u00fcrcistan\">\u0427\u0438\u0442\u0430\u0442\u044c \u0434\u0430\u043b\u0435\u0435<\/a><\/p>\n","protected":false},"author":1,"featured_media":0,"parent":0,"menu_order":0,"comment_status":"closed","ping_status":"closed","template":"","meta":{"_acf_changed":false,"_monsterinsights_skip_tracking":false,"_monsterinsights_sitenote_active":false,"_monsterinsights_sitenote_note":"","_monsterinsights_sitenote_category":0,"footnotes":""},"yst_prominent_words":[],"class_list":["post-27","page","type-page","status-publish"],"acf":[],"_links":{"self":[{"href":"https:\/\/documents.ge\/tr\/wp-json\/wp\/v2\/pages\/27","targetHints":{"allow":["GET"]}}],"collection":[{"href":"https:\/\/documents.ge\/tr\/wp-json\/wp\/v2\/pages"}],"about":[{"href":"https:\/\/documents.ge\/tr\/wp-json\/wp\/v2\/types\/page"}],"author":[{"embeddable":true,"href":"https:\/\/documents.ge\/tr\/wp-json\/wp\/v2\/users\/1"}],"replies":[{"embeddable":true,"href":"https:\/\/documents.ge\/tr\/wp-json\/wp\/v2\/comments?post=27"}],"version-history":[{"count":0,"href":"https:\/\/documents.ge\/tr\/wp-json\/wp\/v2\/pages\/27\/revisions"}],"wp:attachment":[{"href":"https:\/\/documents.ge\/tr\/wp-json\/wp\/v2\/media?parent=27"}],"wp:term":[{"taxonomy":"yst_prominent_words","embeddable":true,"href":"https:\/\/documents.ge\/tr\/wp-json\/wp\/v2\/yst_prominent_words?post=27"}],"curies":[{"name":"wp","href":"https:\/\/api.w.org\/{rel}","templated":true}]}}