{"id":29,"date":"2025-04-06T13:48:50","date_gmt":"2025-04-06T13:48:50","guid":{"rendered":"https:\/\/documents.ge\/tr\/gurcistanda-karsilikli-riza-ile-bosanma-talak\/"},"modified":"2025-04-06T13:48:50","modified_gmt":"2025-04-06T13:48:50","slug":"gurcistanda-karsilikli-riza-ile-bosanma-talak","status":"publish","type":"page","link":"https:\/\/documents.ge\/tr\/gurcistanda-karsilikli-riza-ile-bosanma-talak\/","title":{"rendered":"G\u00fcrcistan&#8217;da kar\u015f\u0131l\u0131kl\u0131 r\u0131za ile bo\u015fanma (talak)"},"content":{"rendered":"<dl>\n<dt>Evlili\u011fin sona ermesi veya bo\u015fanma.<\/dt>\n<dd>\n<p>Bu, e\u015fler aras\u0131ndaki evlili\u011fi sona erdirmek i\u00e7in yasal bir s\u00fcre\u00e7tir. \u00c7e\u015fitli prosed\u00fcrleri i\u00e7erir ve belirli bir \u00fclkenin yasalar\u0131na g\u00f6re de\u011fi\u015fiklik g\u00f6sterebilir. Genel olarak, evlili\u011fin sona ermesi a\u015fa\u011f\u0131daki ad\u0131mlar\u0131 i\u00e7erebilir:<\/p>\n<\/dd>\n<dt>Evlili\u011fin sona erme prosed\u00fcr\u00fc<\/dt>\n<dd>\n<ol>\n<li><strong>Ba\u015fvuru yapma<\/strong>: E\u015flerden biri (veya her ikisi) mahkemeye bo\u015fanma ba\u015fvurusunda bulunur. Ba\u015fvuru genellikle bo\u015fanma nedenleri, finansal konular ve \u00e7ocuklar\u0131n velayeti ile ilgili bilgileri i\u00e7erir.<\/li>\n<li><strong>Yasal inceleme<\/strong>: Mahkeme ba\u015fvuruyu inceler, sunulan belgeleri kontrol eder ve gerekirse e\u015fleri duru\u015fmaya \u00e7a\u011f\u0131r\u0131r.<\/li>\n<li><strong>Mal payla\u015f\u0131m\u0131<\/strong>: Mahkeme, birlikte edinilen mallar\u0131n nas\u0131l payla\u015f\u0131laca\u011f\u0131na karar verir. Bu, gayrimenkul, ara\u00e7lar, banka hesaplar\u0131, i\u015fletmeler ve di\u011fer varl\u0131klar\u0131 i\u00e7erebilir.<\/li>\n<li><strong>\u00c7ocuklar\u0131n velayeti<\/strong>: E\u015flerin re\u015fit olmayan \u00e7ocuklar\u0131 varsa, mahkeme velayet, \u00e7ocuklar\u0131n ya\u015fayaca\u011f\u0131 yer ve \u00e7ocuklarla g\u00f6r\u00fc\u015fme d\u00fczeni konular\u0131n\u0131 karara ba\u011flar.<\/li>\n<li><strong>Nafaka<\/strong>: Mahkeme, \u00e7ocuklar\u0131n ve\/veya eski e\u015fin ge\u00e7imi i\u00e7in nafaka \u00f6denmesine karar verebilir.<\/li>\n<li><strong>Nihai karar<\/strong>: Dava ile ilgili t\u00fcm y\u00f6nlerin incelenmesinden sonra mahkeme, evlili\u011fin sona ermesiyle ilgili nihai karar\u0131 verir ve bo\u015fanma belgesini d\u00fczenler.<\/li>\n<\/ol>\n<\/dd>\n<dd>\n<p>Evlili\u011fin sona ermesi karma\u015f\u0131k ve duygusal olarak zorlu bir s\u00fcre\u00e7 olabilir, bu nedenle genellikle nitelikli yard\u0131m ve dan\u0131\u015fmanl\u0131k i\u00e7in avukatlara ba\u015fvurulmas\u0131 \u00f6nerilir.<\/p>\n<\/dd>\n<\/dl>\n","protected":false},"excerpt":{"rendered":"<p>Evlili\u011fin sona ermesi veya bo\u015fanma. Bu, e\u015fler aras\u0131ndaki evlili\u011fi sona erdirmek i\u00e7in yasal bir s\u00fcre\u00e7tir. \u00c7e\u015fitli prosed\u00fcrleri i\u00e7erir ve belirli bir \u00fclkenin yasalar\u0131na g\u00f6re de\u011fi\u015fiklik g\u00f6sterebilir. Genel olarak, evlili\u011fin sona ermesi a\u015fa\u011f\u0131daki ad\u0131mlar\u0131 i\u00e7erebilir: Evlili\u011fin sona erme prosed\u00fcr\u00fc Ba\u015fvuru yapma: E\u015flerden biri (veya her ikisi) mahkemeye bo\u015fanma ba\u015fvurusunda bulunur. Ba\u015fvuru genellikle bo\u015fanma nedenleri, finansal konular &#8230; <a title=\"G\u00fcrcistan&#8217;da kar\u015f\u0131l\u0131kl\u0131 r\u0131za ile bo\u015fanma (talak)\" class=\"read-more\" href=\"https:\/\/documents.ge\/tr\/gurcistanda-karsilikli-riza-ile-bosanma-talak\/\" aria-label=\"Read more about G\u00fcrcistan&#8217;da kar\u015f\u0131l\u0131kl\u0131 r\u0131za ile bo\u015fanma (talak)\">\u0427\u0438\u0442\u0430\u0442\u044c \u0434\u0430\u043b\u0435\u0435<\/a><\/p>\n","protected":false},"author":1,"featured_media":0,"parent":0,"menu_order":0,"comment_status":"closed","ping_status":"closed","template":"","meta":{"_acf_changed":false,"_monsterinsights_skip_tracking":false,"_monsterinsights_sitenote_active":false,"_monsterinsights_sitenote_note":"","_monsterinsights_sitenote_category":0,"footnotes":""},"yst_prominent_words":[],"class_list":["post-29","page","type-page","status-publish"],"acf":[],"_links":{"self":[{"href":"https:\/\/documents.ge\/tr\/wp-json\/wp\/v2\/pages\/29","targetHints":{"allow":["GET"]}}],"collection":[{"href":"https:\/\/documents.ge\/tr\/wp-json\/wp\/v2\/pages"}],"about":[{"href":"https:\/\/documents.ge\/tr\/wp-json\/wp\/v2\/types\/page"}],"author":[{"embeddable":true,"href":"https:\/\/documents.ge\/tr\/wp-json\/wp\/v2\/users\/1"}],"replies":[{"embeddable":true,"href":"https:\/\/documents.ge\/tr\/wp-json\/wp\/v2\/comments?post=29"}],"version-history":[{"count":0,"href":"https:\/\/documents.ge\/tr\/wp-json\/wp\/v2\/pages\/29\/revisions"}],"wp:attachment":[{"href":"https:\/\/documents.ge\/tr\/wp-json\/wp\/v2\/media?parent=29"}],"wp:term":[{"taxonomy":"yst_prominent_words","embeddable":true,"href":"https:\/\/documents.ge\/tr\/wp-json\/wp\/v2\/yst_prominent_words?post=29"}],"curies":[{"name":"wp","href":"https:\/\/api.w.org\/{rel}","templated":true}]}}