{"id":30,"date":"2025-04-06T13:50:29","date_gmt":"2025-04-06T13:50:29","guid":{"rendered":"https:\/\/documents.ge\/tr\/surucu-belgesi-kayip-yenileme\/"},"modified":"2025-04-06T13:50:29","modified_gmt":"2025-04-06T13:50:29","slug":"surucu-belgesi-kayip-yenileme","status":"publish","type":"page","link":"https:\/\/documents.ge\/tr\/surucu-belgesi-kayip-yenileme\/","title":{"rendered":"S\u00fcr\u00fcc\u00fc belgesi. Kay\u0131p. Yenileme."},"content":{"rendered":"<article>\n<header>\n<h2>S\u00fcr\u00fcc\u00fc belgesi tan\u0131m\u0131<\/h2>\n<\/header>\n<section>\n<p>\n<dfn>S\u00fcr\u00fcc\u00fc belgesi<\/dfn>, G\u00fcrcistan&#8217;da yetkili makamlar taraf\u0131ndan verilen ve sahibinin G\u00fcrcistan topraklar\u0131nda belirli ara\u00e7 kategorilerini kullanma hakk\u0131n\u0131 onaylayan resmi bir belgedir.\n            <\/p>\n<\/section>\n<\/article>\n<h6 class=\"wp-block-heading\">S\u00fcr\u00fcc\u00fc belgesini de\u011fi\u015ftirmek i\u00e7in servis kurulu\u015funa a\u015fa\u011f\u0131daki belgelerin sunulmas\u0131 gerekmektedir:<\/h6>\n<ol class=\"wp-block-list\">\n<li>Kimlik belgesi;<\/li>\n<li>ge\u00e7erli s\u00fcr\u00fcc\u00fc belgesi;<\/li>\n<li>sa\u011fl\u0131k durumu raporu (form IV-100\/a);<\/li>\n<li>Har\u00e7 \u00fccretinin \u00f6dendi\u011fini g\u00f6steren makbuz.<\/li>\n<\/ol>\n<h6 class=\"wp-block-heading\"><em><strong>S\u00fcr\u00fcc\u00fc belgesinin de\u011fi\u015ftirilme nedenleri \u015funlar olabilir:<\/strong><\/em><\/h6>\n<ul class=\"wp-block-list\">\n<li><em>S\u00fcr\u00fcc\u00fc belgesi sahibinin talebi;<\/em><\/li>\n<li><em>Yabanc\u0131 bir \u00fclke taraf\u0131ndan verilen s\u00fcr\u00fcc\u00fc belgesine dayanarak standart ulusal s\u00fcr\u00fcc\u00fc belgesinin verilmesi;<\/em><\/li>\n<li><em>S\u00fcr\u00fcc\u00fc belgesinin ge\u00e7erlilik s\u00fcresinin dolmas\u0131;<\/em><\/li>\n<li><em>A\u015f\u0131nma veya hasar nedeniyle belgenin okunamaz hale gelmesi (verilerin okunamamas\u0131 veya belgenin bir k\u0131sm\u0131n\u0131n kaybolmas\u0131);<\/em><\/li>\n<li><em>S\u00fcr\u00fcc\u00fc belgesindeki hatalar;<\/em><\/li>\n<li><em>S\u00fcr\u00fcc\u00fc belgeleri kay\u0131t defterinde yans\u0131t\u0131lan kay\u0131tlardaki hatalar;<\/em><\/li>\n<li><em>S\u00fcr\u00fcc\u00fc belgesinde belirtilen bilgilerin, s\u00fcr\u00fcc\u00fc belgeleri kay\u0131t defterinde yans\u0131t\u0131lan kay\u0131tlarla uyu\u015fmamas\u0131;<\/em><\/li>\n<li><em><strong>S\u00fcr\u00fcc\u00fc belgesinin kaybedilmesi;<\/strong><\/em><\/li>\n<li><em>Kanunla belirlenen di\u011fer durumlar<\/em><\/li>\n<\/ul>\n<p><article> <\/p>\n<header><span style=\"color: var(--contrast); font-family: inherit; font-size: 35px; font-style: inherit;\">Kay\u0131p, hasar veya h\u0131rs\u0131zl\u0131k durumunda s\u00fcr\u00fcc\u00fc belgesi nereden al\u0131n\u0131r<\/span><\/header>\n<p><span style=\"font-size: inherit; color: var(--contrast);\"> <\/span><\/p>\n<section>\n<p>Ajans\u0131m\u0131z, s\u00fcr\u00fcc\u00fc belgesinin kayb\u0131, h\u0131rs\u0131zl\u0131\u011f\u0131 veya hasar g\u00f6rmesi durumunda <dfn>hizmetler<\/dfn> sunmaktad\u0131r. <strong>S\u00fcr\u00fcc\u00fc belgenizi G\u00fcrcistan&#8217;a gelmeden &#8211; uzaktan (\u00e7evrimi\u00e7i) olarak bizim i\u00e7in verilen vekaletname ile yeniden alabilirsiniz.<\/strong><\/p>\n<\/section>\n<p> <\/article>\n<\/p>\n<article>\n<p><strong>Uluslararas\u0131 s\u00fcr\u00fcc\u00fc belgesi<\/strong>, G\u00fcrcistan vatanda\u015flar\u0131na, yabanc\u0131 \u00fclke vatanda\u015flar\u0131na ve vatans\u0131z ki\u015filere, ayn\u0131 ara\u00e7 kullanma kategorileri\/alt kategorilerine sahip s\u00fcr\u00fcc\u00fc belgesine dayanarak verilir ve G\u00fcrcistan d\u0131\u015f\u0131nda, 8 Kas\u0131m 1968 tarihli &#8220;Karayolu Trafi\u011fi&#8221;ne ili\u015fkin Viyana Konvansiyonu&#8217;na taraf olan \u00fclkelerde (88 \u00fclkede) ge\u00e7erlidir.<\/p>\n<p>Uluslararas\u0131 s\u00fcr\u00fcc\u00fc belgesi, Karayolu Trafi\u011fi Viyana Konvansiyonu&#8217;nun 7 No&#8217;lu Eki&#8217;ne uygun olarak d\u00fczenlenmi\u015f bir belgedir.<\/p>\n<\/article>\n","protected":false},"excerpt":{"rendered":"<p>S\u00fcr\u00fcc\u00fc belgesi tan\u0131m\u0131 S\u00fcr\u00fcc\u00fc belgesi, G\u00fcrcistan&#8217;da yetkili makamlar taraf\u0131ndan verilen ve sahibinin G\u00fcrcistan topraklar\u0131nda belirli ara\u00e7 kategorilerini kullanma hakk\u0131n\u0131 onaylayan resmi bir belgedir. S\u00fcr\u00fcc\u00fc belgesini de\u011fi\u015ftirmek i\u00e7in servis kurulu\u015funa a\u015fa\u011f\u0131daki belgelerin sunulmas\u0131 gerekmektedir: Kimlik belgesi; ge\u00e7erli s\u00fcr\u00fcc\u00fc belgesi; sa\u011fl\u0131k durumu raporu (form IV-100\/a); Har\u00e7 \u00fccretinin \u00f6dendi\u011fini g\u00f6steren makbuz. S\u00fcr\u00fcc\u00fc belgesinin de\u011fi\u015ftirilme nedenleri \u015funlar olabilir: S\u00fcr\u00fcc\u00fc &#8230; <a title=\"S\u00fcr\u00fcc\u00fc belgesi. Kay\u0131p. Yenileme.\" class=\"read-more\" href=\"https:\/\/documents.ge\/tr\/surucu-belgesi-kayip-yenileme\/\" aria-label=\"Read more about S\u00fcr\u00fcc\u00fc belgesi. Kay\u0131p. Yenileme.\">\u0427\u0438\u0442\u0430\u0442\u044c \u0434\u0430\u043b\u0435\u0435<\/a><\/p>\n","protected":false},"author":1,"featured_media":0,"parent":0,"menu_order":0,"comment_status":"closed","ping_status":"closed","template":"","meta":{"_acf_changed":false,"_monsterinsights_skip_tracking":false,"_monsterinsights_sitenote_active":false,"_monsterinsights_sitenote_note":"","_monsterinsights_sitenote_category":0,"footnotes":""},"yst_prominent_words":[],"class_list":["post-30","page","type-page","status-publish"],"acf":[],"_links":{"self":[{"href":"https:\/\/documents.ge\/tr\/wp-json\/wp\/v2\/pages\/30","targetHints":{"allow":["GET"]}}],"collection":[{"href":"https:\/\/documents.ge\/tr\/wp-json\/wp\/v2\/pages"}],"about":[{"href":"https:\/\/documents.ge\/tr\/wp-json\/wp\/v2\/types\/page"}],"author":[{"embeddable":true,"href":"https:\/\/documents.ge\/tr\/wp-json\/wp\/v2\/users\/1"}],"replies":[{"embeddable":true,"href":"https:\/\/documents.ge\/tr\/wp-json\/wp\/v2\/comments?post=30"}],"version-history":[{"count":0,"href":"https:\/\/documents.ge\/tr\/wp-json\/wp\/v2\/pages\/30\/revisions"}],"wp:attachment":[{"href":"https:\/\/documents.ge\/tr\/wp-json\/wp\/v2\/media?parent=30"}],"wp:term":[{"taxonomy":"yst_prominent_words","embeddable":true,"href":"https:\/\/documents.ge\/tr\/wp-json\/wp\/v2\/yst_prominent_words?post=30"}],"curies":[{"name":"wp","href":"https:\/\/api.w.org\/{rel}","templated":true}]}}