{"id":31,"date":"2025-04-06T13:51:58","date_gmt":"2025-04-06T13:51:58","guid":{"rendered":"https:\/\/documents.ge\/tr\/sabika-kaydi-belgesi-gurcistan\/"},"modified":"2025-04-06T13:51:58","modified_gmt":"2025-04-06T13:51:58","slug":"sabika-kaydi-belgesi-gurcistan","status":"publish","type":"page","link":"https:\/\/documents.ge\/tr\/sabika-kaydi-belgesi-gurcistan\/","title":{"rendered":"Sab\u0131ka kayd\u0131 belgesi &#8211; G\u00fcrcistan"},"content":{"rendered":"<p><strong><dfn>Sab\u0131ka kayd\u0131 (sab\u0131kas\u0131zl\u0131k belgesi)<\/dfn><\/strong> \u2014 G\u00fcrcistan vatanda\u015f\u0131n\u0131n veya yabanc\u0131 bir vatanda\u015f\u0131n \u015fu anda herhangi bir sab\u0131kas\u0131 olmad\u0131\u011f\u0131n\u0131 ve aranmad\u0131\u011f\u0131n\u0131 do\u011frulayan bir belge veya sertifikad\u0131r.<\/p>\n<p><p>Sab\u0131ka kayd\u0131 (sab\u0131kas\u0131zl\u0131k belgesi), G\u00fcrcistan&#8217;da \u00e7e\u015fitli ama\u00e7lar i\u00e7in gerekli olabilir, \u00f6rne\u011fin:    <\/p>\n<\/p>\n<p><p><dfn style=\"font-size: inherit; background-color: var(--base-3); color: var(--contrast);\">Oturma izni almak<\/dfn><span style=\"font-size: inherit; background-color: var(--base-3); color: var(--contrast);\"> veya vatanda\u015fl\u0131k ba\u015fvurusu yapmak.    <\/span><\/p>\n<\/p>\n<p><p><dfn style=\"font-size: inherit; background-color: var(--base-3); color: var(--contrast);\">\u0130\u015fe girmek<\/dfn><span style=\"font-size: inherit; background-color: var(--base-3); color: var(--contrast);\">, \u00f6zellikle devlet kurumlar\u0131nda veya g\u00fcvenilirlik kontrol\u00fc gerektiren \u015firketlerde \u00e7al\u0131\u015fmak. <\/span><\/p>\n<\/p>\n<p><p><dfn style=\"font-size: inherit; color: var(--contrast); background-color: var(--base-3);\">\u0130halelere ve yar\u0131\u015fmalara kat\u0131lmak<\/dfn><span style=\"font-size: inherit; color: var(--contrast); background-color: var(--base-3);\">.<\/span><\/p>\n<\/p>\n<p><p><dfn style=\"font-size: inherit; color: var(--contrast); background-color: var(--base-3);\">Ba\u015fka bir \u00fclkenin vatanda\u015fl\u0131\u011f\u0131n\u0131 almak, oturma izni (V\u0130ZE) veya vize ba\u015fvurusu yapmak<\/dfn><span style=\"font-size: inherit; color: var(--contrast); background-color: var(--base-3);\"> di\u011fer \u00fclkelere seyahat etmek i\u00e7in.<\/span><\/p>\n<\/p>\n<p><p><dfn style=\"font-size: inherit; color: var(--contrast); background-color: var(--base-3);\">Uluslararas\u0131 de\u011fi\u015fim programlar\u0131na kat\u0131lmak<\/dfn><span style=\"font-size: inherit; color: var(--contrast); background-color: var(--base-3);\"> ve e\u011fitim programlar\u0131na dahil olmak.<\/span><\/p>\n<\/p>\n<p><p><dfn style=\"font-size: inherit; color: var(--contrast); background-color: var(--base-3);\">Evlat edinme veya vesayet i\u015flemleri<\/dfn><span style=\"font-size: inherit; color: var(--contrast); background-color: var(--base-3);\"> \u00e7ocuklar i\u00e7in.<\/span><\/p>\n<\/p>\n<p><p><dfn style=\"font-size: inherit; color: var(--contrast); background-color: var(--base-3);\">Lisans ve izin ba\u015fvurular\u0131 yapmak<\/dfn><span style=\"font-size: inherit; color: var(--contrast); background-color: var(--base-3);\">, \u00f6rne\u011fin silah ta\u015f\u0131ma lisans\u0131 almak.<\/span><\/p>\n<p><\/p>\n","protected":false},"excerpt":{"rendered":"<p>Sab\u0131ka kayd\u0131 (sab\u0131kas\u0131zl\u0131k belgesi) \u2014 G\u00fcrcistan vatanda\u015f\u0131n\u0131n veya yabanc\u0131 bir vatanda\u015f\u0131n \u015fu anda herhangi bir sab\u0131kas\u0131 olmad\u0131\u011f\u0131n\u0131 ve aranmad\u0131\u011f\u0131n\u0131 do\u011frulayan bir belge veya sertifikad\u0131r. Sab\u0131ka kayd\u0131 (sab\u0131kas\u0131zl\u0131k belgesi), G\u00fcrcistan&#8217;da \u00e7e\u015fitli ama\u00e7lar i\u00e7in gerekli olabilir, \u00f6rne\u011fin: Oturma izni almak veya vatanda\u015fl\u0131k ba\u015fvurusu yapmak. \u0130\u015fe girmek, \u00f6zellikle devlet kurumlar\u0131nda veya g\u00fcvenilirlik kontrol\u00fc gerektiren \u015firketlerde \u00e7al\u0131\u015fmak. \u0130halelere ve &#8230; <a title=\"Sab\u0131ka kayd\u0131 belgesi &#8211; G\u00fcrcistan\" class=\"read-more\" href=\"https:\/\/documents.ge\/tr\/sabika-kaydi-belgesi-gurcistan\/\" aria-label=\"Read more about Sab\u0131ka kayd\u0131 belgesi &#8211; G\u00fcrcistan\">\u0427\u0438\u0442\u0430\u0442\u044c \u0434\u0430\u043b\u0435\u0435<\/a><\/p>\n","protected":false},"author":1,"featured_media":0,"parent":0,"menu_order":0,"comment_status":"closed","ping_status":"closed","template":"","meta":{"_acf_changed":false,"_monsterinsights_skip_tracking":false,"_monsterinsights_sitenote_active":false,"_monsterinsights_sitenote_note":"","_monsterinsights_sitenote_category":0,"footnotes":""},"yst_prominent_words":[],"class_list":["post-31","page","type-page","status-publish"],"acf":[],"_links":{"self":[{"href":"https:\/\/documents.ge\/tr\/wp-json\/wp\/v2\/pages\/31","targetHints":{"allow":["GET"]}}],"collection":[{"href":"https:\/\/documents.ge\/tr\/wp-json\/wp\/v2\/pages"}],"about":[{"href":"https:\/\/documents.ge\/tr\/wp-json\/wp\/v2\/types\/page"}],"author":[{"embeddable":true,"href":"https:\/\/documents.ge\/tr\/wp-json\/wp\/v2\/users\/1"}],"replies":[{"embeddable":true,"href":"https:\/\/documents.ge\/tr\/wp-json\/wp\/v2\/comments?post=31"}],"version-history":[{"count":0,"href":"https:\/\/documents.ge\/tr\/wp-json\/wp\/v2\/pages\/31\/revisions"}],"wp:attachment":[{"href":"https:\/\/documents.ge\/tr\/wp-json\/wp\/v2\/media?parent=31"}],"wp:term":[{"taxonomy":"yst_prominent_words","embeddable":true,"href":"https:\/\/documents.ge\/tr\/wp-json\/wp\/v2\/yst_prominent_words?post=31"}],"curies":[{"name":"wp","href":"https:\/\/api.w.org\/{rel}","templated":true}]}}