{"id":32,"date":"2025-04-06T13:54:44","date_gmt":"2025-04-06T13:54:44","guid":{"rendered":"https:\/\/documents.ge\/tr\/evlilik-durumuna-iliskin-belge-medeni-durum-belgesi-gurcistan\/"},"modified":"2025-04-06T13:54:44","modified_gmt":"2025-04-06T13:54:44","slug":"evlilik-durumuna-iliskin-belge-medeni-durum-belgesi-gurcistan","status":"publish","type":"page","link":"https:\/\/documents.ge\/tr\/evlilik-durumuna-iliskin-belge-medeni-durum-belgesi-gurcistan\/","title":{"rendered":"Evlilik durumuna ili\u015fkin belge. Medeni durum belgesi. G\u00fcrcistan."},"content":{"rendered":"<p>&#8220;`html<br \/>\n<script type=\"application\/ld+json\">\n    {\n      \"@context\": \"https:\/\/schema.org\",\n      \"@type\": \"Article\",\n      \"headline\": \"Medeni Hal Belgesi\",\n      \"description\": \"Medeni hal belgesi, ailevi durumunuzu do\u011frulamak i\u00e7in gereklidir. Bu belge \u00e7e\u015fitli durumlarda talep edilebilir.\",\n      \"articleBody\": \"Medeni hal belgesi, ailevi durumunuzu do\u011frulamak i\u00e7in gereklidir. Bu belge \u00e7e\u015fitli durumlarda talep edilebilir, \u00f6rne\u011fin:\\n\\n1. Evlilik kayd\u0131: Baz\u0131 \u00fclkeler ve yarg\u0131 b\u00f6lgelerinde, yeni bir evlilik kayd\u0131 s\u0131ras\u0131nda evli olmad\u0131\u011f\u0131n\u0131z\u0131 do\u011frulaman\u0131z gerekebilir.\\n2. Bo\u015fanma: Bo\u015fanma s\u0131ras\u0131nda resmi olarak bo\u015fand\u0131\u011f\u0131n\u0131z\u0131 do\u011frulayan bir belge gerekebilir.\\n3. G\u00f6\u00e7 ve g\u00f6\u00e7menlik: Vize veya g\u00f6\u00e7 ba\u015fvurular\u0131nda medeni durumunuzu do\u011frulayan belgeler talep edilebilir.\\n4. Miras i\u015flemleri: Miras i\u015flemleri i\u00e7in ailevi durumunuzu do\u011frulaman\u0131z gerekebilir.\\n5. Evlat edinme veya vesayet: Evlat edinme veya vesayet i\u015flemlerinde ailevi durumunuzu do\u011frulaman\u0131z istenebilir.\\n6. Kredi ve ipotek i\u015flemleri: Baz\u0131 bankalar ve finans kurulu\u015flar\u0131, kredi de\u011ferlili\u011finizi kontrol etmek i\u00e7in bu belgeyi talep edebilir.\\n7. Yurtd\u0131\u015f\u0131nda \u00e7al\u0131\u015fma ve e\u011fitim: Yurtd\u0131\u015f\u0131nda i\u015f bulma veya e\u011fitim kurumlar\u0131na kay\u0131t s\u0131ras\u0131nda ailevi durumunuzu do\u011frulayan belgeler gerekebilir.\\n\\nBu belge, resmi kurumlar\u0131n ve kurulu\u015flar\u0131n ailevi durumunuza ili\u015fkin verdi\u011finiz bilgilerin do\u011frulu\u011funu teyit etmesine yard\u0131mc\u0131 olur.\"\n    }\n    <\/script><\/p>\n<article>\n<header>\n<h2>Medeni Hal Belgesinin Tan\u0131m\u0131<\/h2>\n<\/header>\n<section><dfn>Medeni hal belgesi (evli olmama belgesi)<\/dfn> \u2014 G\u00fcrcistan&#8217;\u0131n resmi bir kurumu (Adalet Evi) taraf\u0131ndan verilen, bir ki\u015finin evli olmad\u0131\u011f\u0131n\u0131 ve durumunu \u2014 bekar (bekar) veya evli de\u011fil (evli de\u011fil) olarak belirten bir sertifikad\u0131r.<\/section>\n<\/article>\n<article>\n<header>\n<h2>Medeni Hal Belgesinin Al\u0131nmas\u0131<\/h2>\n<\/header>\n<section>E\u011fer G\u00fcrcistan&#8217;da evlendiyseniz ancak bo\u015fanma s\u00fcrecini ba\u015fka bir \u00fclkede yapt\u0131ysan\u0131z, bu belgeyi almak i\u00e7in avukat\u0131m\u0131z arac\u0131l\u0131\u011f\u0131yla G\u00fcrcistan yasalar\u0131na uygun olarak d\u00fczenlenmi\u015f, yeni \u00f6rnek, g\u00f6r\u00fcn\u00fcr m\u00fch\u00fcr ve imzalarla (apostil veya konsolosluk onay\u0131 gerekebilir) G\u00fcrc\u00fcce \u00e7evirili bo\u015fanma belgesi sunman\u0131z gerekmektedir.<\/section>\n<\/article>\n<article>\n<p>Medeni hal belgesi, ailevi durumunuzu do\u011frulamak i\u00e7in gereklidir. Bu belge \u00e7e\u015fitli durumlarda talep edilebilir, \u00f6rne\u011fin:<\/p>\n<ul>\n<li><strong>Evlilik kayd\u0131<\/strong>: Baz\u0131 \u00fclkeler ve yarg\u0131 b\u00f6lgelerinde, yeni bir evlilik kayd\u0131 s\u0131ras\u0131nda evli olmad\u0131\u011f\u0131n\u0131z\u0131 do\u011frulaman\u0131z gerekebilir.<\/li>\n<li><strong>Bo\u015fanma<\/strong>: Bo\u015fanma s\u0131ras\u0131nda resmi olarak bo\u015fand\u0131\u011f\u0131n\u0131z\u0131 do\u011frulayan bir belge gerekebilir.<\/li>\n<li><strong>G\u00f6\u00e7 ve g\u00f6\u00e7menlik<\/strong>: Vize veya g\u00f6\u00e7 ba\u015fvurular\u0131nda medeni durumunuzu do\u011frulayan belgeler talep edilebilir.<\/li>\n<li><strong>Miras i\u015flemleri<\/strong>: Miras i\u015flemleri i\u00e7in ailevi durumunuzu do\u011frulaman\u0131z gerekebilir.<\/li>\n<li><strong>Evlat edinme veya vesayet<\/strong>: Evlat edinme veya vesayet i\u015flemlerinde ailevi durumunuzu do\u011frulaman\u0131z istenebilir.<\/li>\n<li><strong>Kredi ve ipotek i\u015flemleri<\/strong>: Baz\u0131 bankalar ve finans kurulu\u015flar\u0131, kredi de\u011ferlili\u011finizi kontrol etmek i\u00e7in bu belgeyi talep edebilir.<\/li>\n<li><strong>Yurtd\u0131\u015f\u0131nda \u00e7al\u0131\u015fma ve e\u011fitim<\/strong>: Yurtd\u0131\u015f\u0131nda i\u015f bulma veya e\u011fitim kurumlar\u0131na kay\u0131t s\u0131ras\u0131nda ailevi durumunuzu do\u011frulayan belgeler gerekebilir.<\/li>\n<\/ul>\n<p>Bu belge, resmi kurumlar\u0131n ve kurulu\u015flar\u0131n ailevi durumunuza ili\u015fkin verdi\u011finiz bilgilerin do\u011frulu\u011funu teyit etmesine yard\u0131mc\u0131 olur.<\/p>\n<\/article>\n<article>\n<p>Yurtd\u0131\u015f\u0131nda evlenmek veya yard\u0131m almak i\u00e7in medeni durumunuzu do\u011frulayan bir belgeye \u2014 evli olmama belgesine (sertifikas\u0131na) ihtiyac\u0131n\u0131z olabilir.<\/p>\n<p>G\u00fcrcistan&#8217;da evli olmad\u0131\u011f\u0131n\u0131z\u0131 g\u00f6steren belgeye bilgi formu denir.<\/p>\n<p>Evli olmad\u0131\u011f\u0131n\u0131z\u0131 g\u00f6steren belge \u00f6rne\u011fi:<\/p>\n<figure class=\"wp-block-image\"><img alt=\"G\u00fcrcistan'da bilgi formu. Evli olmama durumu\" class=\"wp-image-110 lazyload\" data-src=\"https:\/\/documents.ge\/wp-content\/uploads\/2019\/03\/%D1%81%D0%BF%D1%80%D0%B0%D0%B2%D0%BA%D0%B0-%D0%BE-%D0%BD%D0%B5%D1%81%D0%BE%D1%81%D1%82%D0%BE%D1%8F%D0%BD%D0%B8%D0%B8-%D0%B2-%D0%B1%D1%80%D0%B0%D0%BA%D0%B5-743x1024.jpg\" decoding=\"async\" src=\"data:image\/gif;base64,R0lGODlhAQABAAAAACH5BAEKAAEALAAAAAABAAEAAAICTAEAOw==\" style=\"--smush-placeholder-width: 743px; --smush-placeholder-aspect-ratio: 743\/1024;\"\/><figcaption class=\"wp-element-caption\">Bilgi formu veya evli olmad\u0131\u011f\u0131n\u0131z\u0131 g\u00f6steren belge<\/figcaption><\/figure>\n<p>Evli olmama belgesinde ne belirtilir? Bir ki\u015finin medeni durumuna ili\u015fkin en \u00f6nemli bilgi, ya bo\u015fanm\u0131\u015f, ya dul ya da hi\u00e7 evlenmemi\u015f oldu\u011funu do\u011frulayan bilgidir.<\/p>\n<p>Evli olmama belgesinin (bilgi formu, evli olmama sertifikas\u0131) ge\u00e7erlilik s\u00fcresi ile ilgili gereksinimler \u00e7ok \u00e7e\u015fitlidir. Baz\u0131 \u00fclkelerde alt\u0131 ay \u00f6nce verilen bir belge kabul edilirken, di\u011ferlerinde en fazla bir ayl\u0131k bir belge istenebilir.<\/p>\n<p>G\u00fcrcistan&#8217;da b\u00f6yle bir belge almay\u0131 \u00f6nceden planlaman\u0131z gerekir. Vekaletname haz\u0131rlama, g\u00f6nderme, G\u00fcrcistan&#8217;da evli olmama belgesi alma, gerekirse yasal onay, gerekirse apostil ve \u00e7eviri i\u015flemleri zaman alacakt\u0131r.<\/p>\n<\/article>\n<article>\n<h2>Pay Sat\u0131\u015f\u0131nda Medeni Hal Belgesi<\/h2>\n<p>Bir pay\u0131n (\u00f6rne\u011fin, bir kooperatif veya yat\u0131r\u0131m fonundaki sermaye pay\u0131 veya varl\u0131k) sat\u0131\u015f\u0131nda, medeni hal belgesi birka\u00e7 ama\u00e7 i\u00e7in talep edilebilir:<\/p>\n<ul>\n<li><strong>Sat\u0131\u015f hakk\u0131n\u0131n do\u011frulanmas\u0131<\/strong>: E\u011fer pay evlilik s\u0131ras\u0131nda al\u0131nd\u0131ysa, \u00f6zellikle m\u00fclkiyet rejimi ortak ise, e\u015fin sat\u0131\u015fa onay verdi\u011fini kan\u0131tlamak gerekebilir. Medeni hal belgesi, sat\u0131c\u0131n\u0131n evli olmad\u0131\u011f\u0131n\u0131 veya evlilik durumu hakk\u0131nda bilgi sa\u011flayabilir.<\/li>\n<li><strong>Hukuki i\u015flem d\u00fczenleme<\/strong>: Noter veya ba\u015fka bir hukuki organ, sat\u0131c\u0131n\u0131n i\u015flem yapmaya hukuki bir engeli olmad\u0131\u011f\u0131n\u0131 do\u011frulamak i\u00e7in bu belgeyi talep edebilir.<\/li>\n<li><strong>Kurulu\u015fun i\u00e7 kurallar\u0131na uyum<\/strong>: Baz\u0131 kooperatiflerde veya fonlarda, i\u015flemin yasal oldu\u011funu ve t\u00fcm ilgili taraflarca onayland\u0131\u011f\u0131n\u0131 teyit etmek i\u00e7in pay sat\u0131\u015f\u0131nda medeni durumun do\u011frulanmas\u0131n\u0131 gerektiren i\u00e7 kurallar olabilir.<\/li>\n<li><strong>Vergi ve hukuki y\u00f6nler<\/strong>: Vergilerin do\u011fru hesaplanmas\u0131 ve hukuki y\u00fck\u00fcml\u00fcl\u00fcklerin yerine getirilmesi i\u00e7in sat\u0131c\u0131n\u0131n ailevi durumunun do\u011frulanmas\u0131 gerekebilir.<\/li>\n<\/ul>\n<p>B\u00f6ylece, medeni hal belgesi i\u015flemin hukuki safl\u0131\u011f\u0131n\u0131 sa\u011flar ve pay sat\u0131\u015f s\u00fcrecindeki t\u00fcm taraflar\u0131n \u00e7\u0131karlar\u0131n\u0131 korur.<\/p>\n<\/article>\n<p>&#8220;`<\/p>\n","protected":false},"excerpt":{"rendered":"<p>&#8220;`html Medeni Hal Belgesinin Tan\u0131m\u0131 Medeni hal belgesi (evli olmama belgesi) \u2014 G\u00fcrcistan&#8217;\u0131n resmi bir kurumu (Adalet Evi) taraf\u0131ndan verilen, bir ki\u015finin evli olmad\u0131\u011f\u0131n\u0131 ve durumunu \u2014 bekar (bekar) veya evli de\u011fil (evli de\u011fil) olarak belirten bir sertifikad\u0131r. Medeni Hal Belgesinin Al\u0131nmas\u0131 E\u011fer G\u00fcrcistan&#8217;da evlendiyseniz ancak bo\u015fanma s\u00fcrecini ba\u015fka bir \u00fclkede yapt\u0131ysan\u0131z, bu belgeyi almak &#8230; <a title=\"Evlilik durumuna ili\u015fkin belge. Medeni durum belgesi. G\u00fcrcistan.\" class=\"read-more\" href=\"https:\/\/documents.ge\/tr\/evlilik-durumuna-iliskin-belge-medeni-durum-belgesi-gurcistan\/\" aria-label=\"Read more about Evlilik durumuna ili\u015fkin belge. Medeni durum belgesi. G\u00fcrcistan.\">\u0427\u0438\u0442\u0430\u0442\u044c \u0434\u0430\u043b\u0435\u0435<\/a><\/p>\n","protected":false},"author":1,"featured_media":0,"parent":0,"menu_order":0,"comment_status":"closed","ping_status":"closed","template":"","meta":{"_acf_changed":false,"_monsterinsights_skip_tracking":false,"_monsterinsights_sitenote_active":false,"_monsterinsights_sitenote_note":"","_monsterinsights_sitenote_category":0,"footnotes":""},"yst_prominent_words":[],"class_list":["post-32","page","type-page","status-publish"],"acf":[],"_links":{"self":[{"href":"https:\/\/documents.ge\/tr\/wp-json\/wp\/v2\/pages\/32","targetHints":{"allow":["GET"]}}],"collection":[{"href":"https:\/\/documents.ge\/tr\/wp-json\/wp\/v2\/pages"}],"about":[{"href":"https:\/\/documents.ge\/tr\/wp-json\/wp\/v2\/types\/page"}],"author":[{"embeddable":true,"href":"https:\/\/documents.ge\/tr\/wp-json\/wp\/v2\/users\/1"}],"replies":[{"embeddable":true,"href":"https:\/\/documents.ge\/tr\/wp-json\/wp\/v2\/comments?post=32"}],"version-history":[{"count":0,"href":"https:\/\/documents.ge\/tr\/wp-json\/wp\/v2\/pages\/32\/revisions"}],"wp:attachment":[{"href":"https:\/\/documents.ge\/tr\/wp-json\/wp\/v2\/media?parent=32"}],"wp:term":[{"taxonomy":"yst_prominent_words","embeddable":true,"href":"https:\/\/documents.ge\/tr\/wp-json\/wp\/v2\/yst_prominent_words?post=32"}],"curies":[{"name":"wp","href":"https:\/\/api.w.org\/{rel}","templated":true}]}}