{"id":34,"date":"2025-04-06T14:01:10","date_gmt":"2025-04-06T14:01:10","guid":{"rendered":"https:\/\/documents.ge\/tr\/gurcistan-olum-belgesi\/"},"modified":"2025-04-06T14:01:10","modified_gmt":"2025-04-06T14:01:10","slug":"gurcistan-olum-belgesi","status":"publish","type":"page","link":"https:\/\/documents.ge\/tr\/gurcistan-olum-belgesi\/","title":{"rendered":"G\u00fcrcistan \u00d6l\u00fcm Belgesi"},"content":{"rendered":"<article>\n<section><strong>\u00d6l\u00fcm Belgesi<\/strong>, G\u00fcrcistan&#8217;da bir ki\u015finin \u00f6l\u00fcm\u00fcn\u00fc resmi olarak do\u011frulayan, devlet sivil kay\u0131t kurumlar\u0131 taraf\u0131ndan verilen bir belgedir. Belgede, vefat eden ki\u015fiye ait temel bilgiler, \u00f6l\u00fcm tarihi ve yeri ile \u00f6l\u00fcm kay\u0131t numaras\u0131 yer al\u0131r.<\/section>\n<section><\/section>\n<\/article>\n<section><\/section>\n<h3 class=\"wp-block-heading\">G\u00fcrc\u00fcce \u00f6l\u00fcm belgesi metni<\/h3>\n<section><\/section>\n<article>\n<section>\n<h4>\u10eb\u10d8\u10e0\u10d8\u10d7\u10d0\u10d3\u10d8 \u10db\u10dd\u10dc\u10d0\u10ea\u10d4\u10db\u10d4\u10d1\u10d8<\/h4>\n<table border=\"1\">\n<tbody>\n<tr>\n<td>\u10e1\u10d0\u10ee\u10d4\u10da\u10d8<\/td>\n<td>\u25a0\u25a0\u25a0\u25a0\u25a0<\/td>\n<\/tr>\n<tr>\n<td>\u10d2\u10d5\u10d0\u10e0\u10d8<\/td>\n<td>\u25a0\u25a0\u25a0\u25a0\u25a0\u25a0\u25a0\u25a0\u25a0\u25a0<\/td>\n<\/tr>\n<tr>\n<td>\u10e1\u10e5\u10d4\u10e1\u10d8<\/td>\n<td>\u25a0\u25a0\u25a0\u25a0\u25a0\u25a0\u25a0\u25a0\u25a0\u25a0<\/td>\n<\/tr>\n<tr>\n<td>\u10de\u10d8\u10e0\u10d0\u10d3\u10d8 \u10dc\u10dd\u10db\u10d4\u10e0\u10d8<\/td>\n<td>\u25a0\u25a0\u25a0\u25a0\u25a0\u25a0\u25a0\u25a0\u25a0\u25a0<\/td>\n<\/tr>\n<tr>\n<td>\u10db\u10dd\u10e5\u10d0\u10da\u10d0\u10e5\u10d4\u10dd\u10d1\u10d0<\/td>\n<td>\u10e1\u10d0\u10e5\u10d0\u10e0\u10d7\u10d5\u10d4\u10da\u10dd<\/td>\n<\/tr>\n<tr>\n<td>\u10d3\u10d0\u10d1\u10d0\u10d3\u10d4\u10d1\u10d8\u10e1 \u10d7\u10d0\u10e0\u10d8\u10e6\u10d8<\/td>\n<td>22 \u10d3\u10d4\u10d9\u10d4\u10db\u10d1\u10d4\u10e0\u10d8 1974 \u10ec\u10d4\u10da\u10d8<\/td>\n<\/tr>\n<tr>\n<td>\u10d3\u10d0\u10d1\u10d0\u10d3\u10d4\u10d1\u10d8\u10e1 \u10d0\u10d3\u10d2\u10d8\u10da\u10d8<\/td>\n<td>\u10e1\u10d0\u10e5\u10d0\u10e0\u10d7\u10d5\u10d4\u10da\u10dd, \u10d7\u10d1\u10d8\u10da\u10d8\u10e1\u10d8<\/td>\n<\/tr>\n<tr>\n<td>\u10d2\u10d0\u10e0\u10d3\u10d0\u10ea\u10d5\u10d0\u10da\u10d4\u10d1\u10d8\u10e1 \u10d7\u10d0\u10e0\u10d8\u10e6\u10d8<\/td>\n<td>1 \u10d8\u10d5\u10dc\u10d8\u10e1\u10d8 2023 \u10ec\u10d4\u10da\u10d8<\/td>\n<\/tr>\n<tr>\n<td>\u10d2\u10d0\u10e0\u10d3\u10d0\u10ea\u10d5\u10d0\u10da\u10d4\u10d1\u10d8\u10e1 \u10d0\u10d3\u10d2\u10d8\u10da\u10d8<\/td>\n<td>\u10e1\u10d0\u10e5\u10d0\u10e0\u10d7\u10d5\u10d4\u10da\u10dd, \u10d7\u10d1\u10d8\u10da\u10d8\u10e1\u10d8<\/td>\n<\/tr>\n<\/tbody>\n<\/table>\n<\/section>\n<section>\n<h4>\u10d3\u10dd\u10d9\u10e3\u10db\u10d4\u10dc\u10e2\u10d8\u10e1 \u10d8\u10dc\u10e4\u10dd\u10e0\u10db\u10d0\u10ea\u10d8\u10d0<\/h4>\n<table border=\"1\">\n<tbody>\n<tr>\n<td>\u10d2\u10d0\u10e0\u10d3\u10d0\u10ea\u10d5\u10d0\u10da\u10d4\u10d1\u10d8\u10e1 \u10e0\u10d4\u10d2\u10d8\u10e1\u10e2\u10e0\u10d0\u10ea\u10d8\u10d8\u10e1 \u10d7\u10d0\u10e0\u10d8\u10e6\u10d8<\/td>\n<td>1 \u10d8\u10d5\u10dc\u10d8\u10e1\u10d8 2023 \u10ec\u10d4\u10da\u10d8<\/td>\n<\/tr>\n<tr>\n<td>\u10d0\u10e5\u10e2\u10d8\u10e1 \u10e9\u10d0\u10dc\u10d0\u10ec\u10d4\u10e0\u10d8<\/td>\n<td>\u25a0\u25a0\u25a0\u25a0\u25a0\u25a0\u25a0\u25a0\u25a0\u25a0<\/td>\n<\/tr>\n<tr>\n<td>\u10db\u10dd\u10ec\u10db\u10dd\u10d1\u10d8\u10e1 \u10d2\u10d0\u10ea\u10d4\u10db\u10d8\u10e1 \u10d7\u10d0\u10e0\u10d8\u10e6\u10d8<\/td>\n<td>1 \u10d8\u10d5\u10dc\u10d8\u10e1\u10d8 2023 \u10ec\u10d4\u10da\u10d8<\/td>\n<\/tr>\n<tr>\n<td>\u10db\u10dd\u10ec\u10db\u10dd\u10d1\u10d8\u10e1 \u10d2\u10d0\u10db\u10ea\u10d4\u10db\u10d8 \u10dd\u10e0\u10d2\u10d0\u10dc\u10dd<\/td>\n<td>\u10e1\u10e1\u10d2\u10e1 \u10d7\u10d1\u10d8\u10da\u10d8\u10e1\u10d8\u10e1 \u10e1\u10d0\u10db\u10dd\u10e5\u10d0\u10da\u10d0\u10e5\u10dd \u10e0\u10d4\u10d4\u10e1\u10e2\u10e0\u10d8\u10e1 \u10e1\u10d0\u10db\u10e1\u10d0\u10ee\u10e3\u10e0\u10d8<\/td>\n<\/tr>\n<tr>\n<td>\u10e3\u10e4\u10da\u10d4\u10d1\u10d0\u10db\u10dd\u10e1\u10d8\u10da\u10d8 \u10de\u10d8\u10e0\u10d8<\/td>\n<td>\u10ef\u10d0\u10d1\u10d0 \u10e8\u10d0\u10e0\u10d5\u10d0\u10eb\u10d4<\/td>\n<\/tr>\n<\/tbody>\n<\/table>\n<\/section>\n<section>\n<h3>G\u00fcrcistan&#8217;dan Rus\u00e7a \u00f6l\u00fcm belgesi metni<\/h3>\n<table border=\"1\">\n<tbody>\n<tr>\n<td>Ad<\/td>\n<td>\u25a0\u25a0\u25a0\u25a0\u25a0<\/td>\n<\/tr>\n<tr>\n<td>Soyad<\/td>\n<td>\u25a0\u25a0\u25a0\u25a0\u25a0\u25a0\u25a0\u25a0\u25a0\u25a0<\/td>\n<\/tr>\n<tr>\n<td>Cinsiyet<\/td>\n<td>\u25a0\u25a0\u25a0\u25a0\u25a0\u25a0\u25a0\u25a0\u25a0\u25a0<\/td>\n<\/tr>\n<tr>\n<td>Ki\u015fisel numara<\/td>\n<td>\u25a0\u25a0\u25a0\u25a0\u25a0\u25a0\u25a0\u25a0\u25a0\u25a0<\/td>\n<\/tr>\n<tr>\n<td>Vatanda\u015fl\u0131k<\/td>\n<td>G\u00fcrcistan<\/td>\n<\/tr>\n<tr>\n<td>Do\u011fum tarihi<\/td>\n<td>22 Aral\u0131k 1974<\/td>\n<\/tr>\n<tr>\n<td>Do\u011fum yeri<\/td>\n<td>G\u00fcrcistan, Tiflis<\/td>\n<\/tr>\n<tr>\n<td>\u00d6l\u00fcm tarihi<\/td>\n<td>1 Haziran 2023<\/td>\n<\/tr>\n<tr>\n<td>\u00d6l\u00fcm yeri<\/td>\n<td>G\u00fcrcistan, Tiflis<\/td>\n<\/tr>\n<\/tbody>\n<\/table>\n<\/section>\n<section>\n<h4>Belge bilgileri<\/h4>\n<table border=\"1\">\n<tbody>\n<tr>\n<td>\u00d6l\u00fcm kay\u0131t tarihi<\/td>\n<td>1 Haziran 2023<\/td>\n<\/tr>\n<tr>\n<td>Kay\u0131t numaras\u0131<\/td>\n<td>\u25a0\u25a0\u25a0\u25a0\u25a0\u25a0\u25a0\u25a0\u25a0\u25a0<\/td>\n<\/tr>\n<tr>\n<td>Belge d\u00fczenleme tarihi<\/td>\n<td>1 Haziran 2023<\/td>\n<\/tr>\n<tr>\n<td>Belgeyi d\u00fczenleyen kurum<\/td>\n<td>Tiflis Sivil Kay\u0131t Dairesi<\/td>\n<\/tr>\n<tr>\n<td>Yetkili ki\u015fi<\/td>\n<td>Caba \u015earvadze<\/td>\n<\/tr>\n<\/tbody>\n<\/table>\n<\/section>\n<\/article>\n<div class=\"gb-container gb-container-4c45c733\">\n<h3 class=\"wp-block-heading\">G\u00fcrcistan&#8217;dan \u00f6l\u00fcm belgesi nas\u0131l g\u00f6r\u00fcn\u00fcr<\/h3>\n<figure class=\"wp-block-image size-full\"><img alt=\"G\u00fcrcistan'dan \u00e7evrimi\u00e7i \u00f6l\u00fcm belgesi al\u0131n\" class=\"wp-image-544 lazyload\" data-sizes=\"(max-width: 900px) 100vw, 900px\" data-src=\"https:\/\/documents.ge\/wp-content\/uploads\/2024\/08\/\u0421\u0432\u0438\u0434\u0435\u0442\u0435\u043b\u044c\u0441\u0442\u0432\u043e-\u043e-\u0441\u043c\u0435\u0440\u0442\u0438-\u0413\u0440\u0443\u0437\u0438\u044f-\u0417\u0410\u0413\u0421-\u0414\u043e\u043c-\u042e\u0441\u0442\u0438\u0446\u0438\u0438.png\" data-srcset=\"https:\/\/documents.ge\/wp-content\/uploads\/2024\/08\/\u0421\u0432\u0438\u0434\u0435\u0442\u0435\u043b\u044c\u0441\u0442\u0432\u043e-\u043e-\u0441\u043c\u0435\u0440\u0442\u0438-\u0413\u0440\u0443\u0437\u0438\u044f-\u0417\u0410\u0413\u0421-\u0414\u043e\u043c-\u042e\u0441\u0442\u0438\u0446\u0438\u0438.png 900w, https:\/\/documents.ge\/wp-content\/uploads\/2024\/08\/\u0421\u0432\u0438\u0434\u0435\u0442\u0435\u043b\u044c\u0441\u0442\u0432\u043e-\u043e-\u0441\u043c\u0435\u0440\u0442\u0438-\u0413\u0440\u0443\u0437\u0438\u044f-\u0417\u0410\u0413\u0421-\u0414\u043e\u043c-\u042e\u0441\u0442\u0438\u0446\u0438\u0438-212x300.png 212w, https:\/\/documents.ge\/wp-content\/uploads\/2024\/08\/\u0421\u0432\u0438\u0434\u0435\u0442\u0435\u043b\u044c\u0441\u0442\u0432\u043e-\u043e-\u0441\u043c\u0435\u0440\u0442\u0438-\u0413\u0440\u0443\u0437\u0438\u044f-\u0417\u0410\u0413\u0421-\u0414\u043e\u043c-\u042e\u0441\u0442\u0438\u0446\u0438\u0438-725x1024.png 725w, https:\/\/documents.ge\/wp-content\/uploads\/2024\/08\/\u0421\u0432\u0438\u0434\u0435\u0442\u0435\u043b\u044c\u0441\u0442\u0432\u043e-\u043e-\u0441\u043c\u0435\u0440\u0442\u0438-\u0413\u0440\u0443\u0437\u0438\u044f-\u0417\u0410\u0413\u0421-\u0414\u043e\u043c-\u042e\u0441\u0442\u0438\u0446\u0438\u0438-768x1085.png 768w\" decoding=\"async\" height=\"1272\" src=\"data:image\/gif;base64,R0lGODlhAQABAAAAACH5BAEKAAEALAAAAAABAAEAAAICTAEAOw==\" style=\"--smush-placeholder-width: 900px; --smush-placeholder-aspect-ratio: 900\/1272;\" title=\"\u00d6l\u00fcm belgesi. Yeni \u00f6rnek - G\u00fcrcistan\" width=\"900\"\/><figcaption class=\"wp-element-caption\">\u00d6l\u00fcm belgesi ka\u011f\u0131t \u00fczerinde, \u0131slak m\u00fch\u00fcr ve imza olmadan verilir. QR kodu ile \u00e7evrimi\u00e7i olarak do\u011frulanabilir. Ajans\u0131m\u0131z, tarih ve yetkili imzas\u0131 ile \u0131slak m\u00fch\u00fcrl\u00fc ka\u011f\u0131t belgeyi sizin i\u00e7in temin edebilir<\/figcaption><\/figure>\n<\/div>\n","protected":false},"excerpt":{"rendered":"<p>\u00d6l\u00fcm Belgesi, G\u00fcrcistan&#8217;da bir ki\u015finin \u00f6l\u00fcm\u00fcn\u00fc resmi olarak do\u011frulayan, devlet sivil kay\u0131t kurumlar\u0131 taraf\u0131ndan verilen bir belgedir. Belgede, vefat eden ki\u015fiye ait temel bilgiler, \u00f6l\u00fcm tarihi ve yeri ile \u00f6l\u00fcm kay\u0131t numaras\u0131 yer al\u0131r. G\u00fcrc\u00fcce \u00f6l\u00fcm belgesi metni \u10eb\u10d8\u10e0\u10d8\u10d7\u10d0\u10d3\u10d8 \u10db\u10dd\u10dc\u10d0\u10ea\u10d4\u10db\u10d4\u10d1\u10d8 \u10e1\u10d0\u10ee\u10d4\u10da\u10d8 \u25a0\u25a0\u25a0\u25a0\u25a0 \u10d2\u10d5\u10d0\u10e0\u10d8 \u25a0\u25a0\u25a0\u25a0\u25a0\u25a0\u25a0\u25a0\u25a0\u25a0 \u10e1\u10e5\u10d4\u10e1\u10d8 \u25a0\u25a0\u25a0\u25a0\u25a0\u25a0\u25a0\u25a0\u25a0\u25a0 \u10de\u10d8\u10e0\u10d0\u10d3\u10d8 \u10dc\u10dd\u10db\u10d4\u10e0\u10d8 \u25a0\u25a0\u25a0\u25a0\u25a0\u25a0\u25a0\u25a0\u25a0\u25a0 \u10db\u10dd\u10e5\u10d0\u10da\u10d0\u10e5\u10d4\u10dd\u10d1\u10d0 \u10e1\u10d0\u10e5\u10d0\u10e0\u10d7\u10d5\u10d4\u10da\u10dd \u10d3\u10d0\u10d1\u10d0\u10d3\u10d4\u10d1\u10d8\u10e1 \u10d7\u10d0\u10e0\u10d8\u10e6\u10d8 22 \u10d3\u10d4\u10d9\u10d4\u10db\u10d1\u10d4\u10e0\u10d8 &#8230; <a title=\"G\u00fcrcistan \u00d6l\u00fcm Belgesi\" class=\"read-more\" href=\"https:\/\/documents.ge\/tr\/gurcistan-olum-belgesi\/\" aria-label=\"Read more about G\u00fcrcistan \u00d6l\u00fcm Belgesi\">\u0427\u0438\u0442\u0430\u0442\u044c \u0434\u0430\u043b\u0435\u0435<\/a><\/p>\n","protected":false},"author":1,"featured_media":0,"parent":0,"menu_order":0,"comment_status":"closed","ping_status":"closed","template":"","meta":{"_acf_changed":false,"_monsterinsights_skip_tracking":false,"_monsterinsights_sitenote_active":false,"_monsterinsights_sitenote_note":"","_monsterinsights_sitenote_category":0,"footnotes":""},"yst_prominent_words":[],"class_list":["post-34","page","type-page","status-publish"],"acf":[],"_links":{"self":[{"href":"https:\/\/documents.ge\/tr\/wp-json\/wp\/v2\/pages\/34","targetHints":{"allow":["GET"]}}],"collection":[{"href":"https:\/\/documents.ge\/tr\/wp-json\/wp\/v2\/pages"}],"about":[{"href":"https:\/\/documents.ge\/tr\/wp-json\/wp\/v2\/types\/page"}],"author":[{"embeddable":true,"href":"https:\/\/documents.ge\/tr\/wp-json\/wp\/v2\/users\/1"}],"replies":[{"embeddable":true,"href":"https:\/\/documents.ge\/tr\/wp-json\/wp\/v2\/comments?post=34"}],"version-history":[{"count":0,"href":"https:\/\/documents.ge\/tr\/wp-json\/wp\/v2\/pages\/34\/revisions"}],"wp:attachment":[{"href":"https:\/\/documents.ge\/tr\/wp-json\/wp\/v2\/media?parent=34"}],"wp:term":[{"taxonomy":"yst_prominent_words","embeddable":true,"href":"https:\/\/documents.ge\/tr\/wp-json\/wp\/v2\/yst_prominent_words?post=34"}],"curies":[{"name":"wp","href":"https:\/\/api.w.org\/{rel}","templated":true}]}}