{"id":8,"date":"2025-04-06T13:08:16","date_gmt":"2025-04-06T13:08:16","guid":{"rendered":"https:\/\/documents.ge\/tr\/yasal-hale-getirme\/"},"modified":"2025-04-06T13:08:16","modified_gmt":"2025-04-06T13:08:16","slug":"yasal-hale-getirme","status":"publish","type":"page","link":"https:\/\/documents.ge\/tr\/yasal-hale-getirme\/","title":{"rendered":"Yasal hale getirme"},"content":{"rendered":"<p>G\u00fcrcistan&#8217;da belgelerin yasalla\u015ft\u0131r\u0131lmas\u0131 a\u015famal\u0131 bir s\u00fcre\u00e7tir:<br \/>1. Belgenin G\u00fcrcistan bakanl\u0131klar\u0131nda onaylanmas\u0131.<br \/>2. Belgenin sunulaca\u011f\u0131 \u00fclkenin ilgili konsoloslu\u011funda onaylanmas\u0131.<\/p>\n<p>Hangi \u00fclkeler i\u00e7in G\u00fcrcistan belgelerinin yasalla\u015ft\u0131r\u0131lmas\u0131 gereklidir.<\/p>\n<p>Apostil sistemine dahil olmayan ve belgelerin basitle\u015ftirilmi\u015f dola\u015f\u0131m\u0131 veya belgeler konusunda kar\u015f\u0131l\u0131kl\u0131 hukuki yard\u0131m anla\u015fmalar\u0131 bulunmayan bir dizi \u00fclke oldu\u011fu i\u00e7in, bu \u00fclkeler i\u00e7in yasalla\u015ft\u0131rma s\u00fcreci \u00f6ng\u00f6r\u00fclm\u00fc\u015ft\u00fcr.<\/p>\n<p>G\u00fcrcistan belgelerinin yasalla\u015ft\u0131r\u0131lmas\u0131n\u0131n en s\u0131k talep edildi\u011fi \u00fclkeler:<\/p>\n<ul class=\"wp-block-list\">\n<li>Birle\u015fik Arap Emirlikleri<\/li>\n<li>Kuveyt<\/li>\n<li>M\u0131s\u0131r<\/li>\n<li>Sri Lanka<\/li>\n<li>Kosta Rika<\/li>\n<li>Irak<\/li>\n<li>Uruguay<\/li>\n<li>\u015eili<\/li>\n<li>Filistin<\/li>\n<\/ul>\n<p>Hangi belgeler yasalla\u015ft\u0131r\u0131labilir:<\/p>\n<ul class=\"wp-block-list\">\n<li>Do\u011fum belgesi<\/li>\n<li>\u00d6l\u00fcm belgesi<\/li>\n<li>Evlilik belgesi<\/li>\n<li>Bo\u015fanma belgesi<\/li>\n<li>Sab\u0131ka kayd\u0131<\/li>\n<li>Evli olmad\u0131\u011f\u0131na dair belge<\/li>\n<li>\u015eirket kay\u0131t sertifikas\u0131<\/li>\n<li>Ticari sicilden \u015firketle ilgili bilgiler (kurucular, m\u00fcd\u00fcr vb.)<\/li>\n<li>\u015eirket ana s\u00f6zle\u015fmesinin kopyas\u0131<\/li>\n<li>Y\u00fcksek \u00f6\u011frenim diplomas\u0131<\/li>\n<li>Lise diplomas\u0131<\/li>\n<li>Di\u011fer belgeler<\/li>\n<\/ul>\n<p><strong>Yasalla\u015ft\u0131rma s\u00fcrecinin zorluklar\u0131.<\/strong><\/p>\n<p>Belge \u00e7evirileri de yasalla\u015ft\u0131r\u0131labilir. Ancak bu konuda \u00e7ok dikkatli olmak ve t\u00fcm \u00fclkelerin yasalla\u015ft\u0131r\u0131lm\u0131\u015f \u00e7evirileri kabul etmedi\u011fini bilmek gerekir. Ayr\u0131ca bir\u00e7ok \u00fclkede \u00e7evirilerin yasalla\u015ft\u0131r\u0131lmas\u0131 farkl\u0131l\u0131k g\u00f6sterir.<\/p>\n<p>Yasalla\u015ft\u0131rma s\u00fcreci olduk\u00e7a b\u00fcrokratik bir s\u00fcre\u00e7 oldu\u011fu i\u00e7in \u00e7e\u015fitli engeller ve hatalarla kar\u015f\u0131la\u015f\u0131labilir. Bu nedenle, i\u015f i\u015ften ge\u00e7meden profesyonel avukatlara ba\u015fvurmak daha iyi olacakt\u0131r. Bir di\u011fer zorluk da, s\u0131radan bir vatanda\u015f\u0131n veya m\u00fc\u015fterinin, hangi belgelerin tam olarak gerekli oldu\u011funu ve do\u011fru \u015fekilde d\u00fczenlenip d\u00fczenlenmedi\u011fini her zaman anlayamamas\u0131d\u0131r.<\/p>\n<p>\u00d6nemli! Belgelerin sunulaca\u011f\u0131 \u00fclke Apostil (Lahey Apostil S\u00f6zle\u015fmesi) \u00fclkeleri listesinde yer al\u0131yorsa, yasalla\u015ft\u0131rma gerekmez.<\/p>\n","protected":false},"excerpt":{"rendered":"<p>G\u00fcrcistan&#8217;da belgelerin yasalla\u015ft\u0131r\u0131lmas\u0131 a\u015famal\u0131 bir s\u00fcre\u00e7tir:1. Belgenin G\u00fcrcistan bakanl\u0131klar\u0131nda onaylanmas\u0131.2. Belgenin sunulaca\u011f\u0131 \u00fclkenin ilgili konsoloslu\u011funda onaylanmas\u0131. Hangi \u00fclkeler i\u00e7in G\u00fcrcistan belgelerinin yasalla\u015ft\u0131r\u0131lmas\u0131 gereklidir. Apostil sistemine dahil olmayan ve belgelerin basitle\u015ftirilmi\u015f dola\u015f\u0131m\u0131 veya belgeler konusunda kar\u015f\u0131l\u0131kl\u0131 hukuki yard\u0131m anla\u015fmalar\u0131 bulunmayan bir dizi \u00fclke oldu\u011fu i\u00e7in, bu \u00fclkeler i\u00e7in yasalla\u015ft\u0131rma s\u00fcreci \u00f6ng\u00f6r\u00fclm\u00fc\u015ft\u00fcr. G\u00fcrcistan belgelerinin yasalla\u015ft\u0131r\u0131lmas\u0131n\u0131n en s\u0131k &#8230; <a title=\"Yasal hale getirme\" class=\"read-more\" href=\"https:\/\/documents.ge\/tr\/yasal-hale-getirme\/\" aria-label=\"Read more about Yasal hale getirme\">\u0427\u0438\u0442\u0430\u0442\u044c \u0434\u0430\u043b\u0435\u0435<\/a><\/p>\n","protected":false},"author":1,"featured_media":0,"parent":0,"menu_order":0,"comment_status":"closed","ping_status":"closed","template":"","meta":{"_acf_changed":false,"_monsterinsights_skip_tracking":false,"_monsterinsights_sitenote_active":false,"_monsterinsights_sitenote_note":"","_monsterinsights_sitenote_category":0,"footnotes":""},"yst_prominent_words":[],"class_list":["post-8","page","type-page","status-publish"],"acf":[],"_links":{"self":[{"href":"https:\/\/documents.ge\/tr\/wp-json\/wp\/v2\/pages\/8","targetHints":{"allow":["GET"]}}],"collection":[{"href":"https:\/\/documents.ge\/tr\/wp-json\/wp\/v2\/pages"}],"about":[{"href":"https:\/\/documents.ge\/tr\/wp-json\/wp\/v2\/types\/page"}],"author":[{"embeddable":true,"href":"https:\/\/documents.ge\/tr\/wp-json\/wp\/v2\/users\/1"}],"replies":[{"embeddable":true,"href":"https:\/\/documents.ge\/tr\/wp-json\/wp\/v2\/comments?post=8"}],"version-history":[{"count":0,"href":"https:\/\/documents.ge\/tr\/wp-json\/wp\/v2\/pages\/8\/revisions"}],"wp:attachment":[{"href":"https:\/\/documents.ge\/tr\/wp-json\/wp\/v2\/media?parent=8"}],"wp:term":[{"taxonomy":"yst_prominent_words","embeddable":true,"href":"https:\/\/documents.ge\/tr\/wp-json\/wp\/v2\/yst_prominent_words?post=8"}],"curies":[{"name":"wp","href":"https:\/\/api.w.org\/{rel}","templated":true}]}}