{"id":9,"date":"2025-04-06T13:09:54","date_gmt":"2025-04-06T13:09:54","guid":{"rendered":"https:\/\/documents.ge\/tr\/gurcistanda-belge-talep-etme-uygulama\/"},"modified":"2025-04-06T13:09:54","modified_gmt":"2025-04-06T13:09:54","slug":"gurcistanda-belge-talep-etme-uygulama","status":"publish","type":"page","link":"https:\/\/documents.ge\/tr\/gurcistanda-belge-talep-etme-uygulama\/","title":{"rendered":"G\u00fcrcistan&#8217;da belge talep etme. Uygulama"},"content":{"rendered":"<p><strong>Vaka 1.<\/strong><\/p>\n<p><strong>Hata: do\u011fum belgesinde \u0130nga yerine \u0130na yaz\u0131lm\u0131\u015f.<\/strong><\/p>\n<p>1966 y\u0131l\u0131nda G\u00fcrcistan&#8217;\u0131n Poti \u015fehrinde hatal\u0131 bir do\u011fum belgesi verildi.<\/p>\n<p>1968 y\u0131l\u0131nda hatan\u0131n d\u00fczeltilmesi i\u00e7in tekrar N\u00fcfus M\u00fcd\u00fcrl\u00fc\u011f\u00fc&#8217;ne ba\u015fvuruldu.<\/p>\n<p>Hata d\u00fczeltilmi\u015f yeni bir do\u011fum belgesi al\u0131nd\u0131.<\/p>\n<p>Daha sonra bu yeni do\u011fum belgesi kayboldu (d\u00fczeltmelerin yap\u0131ld\u0131\u011f\u0131 kopya).<\/p>\n<p>2021 y\u0131l\u0131nda, Rusya&#8217;da ya\u015fayan Donbasl\u0131 bir kad\u0131n bize yeni bir do\u011fum belgesi alma talebiyle ba\u015fvurdu.<\/p>\n<p>N\u00fcfus kay\u0131tlar\u0131nda d\u00fczeltmelerin yap\u0131lmad\u0131\u011f\u0131 tespit edildi.<\/p>\n<p>Yanl\u0131\u015f isimle bir belge al\u0131nd\u0131.<\/p>\n<p>M\u00fc\u015fteri, belgenin d\u00fczeltilmi\u015f olaca\u011f\u0131n\u0131 bekliyordu. Ancak biz i\u015fimizi d\u00fcr\u00fcst\u00e7e yapt\u0131k. Do\u011fru isimle do\u011fum belgesi almak i\u00e7in \u00e7e\u015fitli yollar denedik ve zaman harcad\u0131k.<\/p>\n<p>Bir \u00e7at\u0131\u015fma durumu ortaya \u00e7\u0131kt\u0131. M\u00fc\u015fteriyi ismin n\u00fcfus kayd\u0131ndaki gibi olaca\u011f\u0131 konusunda uyarm\u0131\u015f olsak da.<\/p>\n<p>Sonu\u00e7ta m\u00fc\u015fteri, y\u00fck\u00fcml\u00fcl\u00fcklerimizi yerine getirdi\u011fimiz i\u00e7in hizmet bedelini \u00f6demeyi kabul etti.<\/p>\n<p>Sorunun \u00e7\u00f6z\u00fcm\u00fc \u015fu \u015fekildedir:<\/p>\n<ul class=\"wp-block-list\">\n<li>Poti N\u00fcfus M\u00fcd\u00fcrl\u00fc\u011f\u00fc&#8217;ne d\u00fczeltme kayd\u0131n\u0131 bulmalar\u0131 i\u00e7in ba\u015fvurmak<br \/>veya<\/li>\n<li>Mahkemeye ba\u015fvurarak n\u00fcfus kayd\u0131 ve ar\u015fivdeki ismin d\u00fczeltilmesini sa\u011flamak ve de\u011fi\u015fikliklerin yap\u0131ld\u0131\u011f\u0131 yeni bir do\u011fum belgesi almak<\/li>\n<\/ul>\n<p>Karar m\u00fc\u015fteriye kalm\u0131\u015ft\u0131r. Bunun ek maliyetler getirece\u011fini anl\u0131yoruz. Ancak biz profesyonel avukatlar\u0131z ve \u00fccretsiz \u00e7al\u0131\u015famay\u0131z.<br \/>G\u00fcrcistan&#8217;daki avukatlar\u0131m\u0131z\u0131n seviyesine uygun makul bir fiyat sunulmu\u015ftur.<\/p>\n<p><strong>Vaka 2.<\/strong><\/p>\n<p><strong>M\u00fc\u015fterinin n\u00fcfus kayd\u0131nda cinsiyet yanl\u0131\u015f yaz\u0131lm\u0131\u015f.<\/strong> &#8220;Kad\u0131n&#8221; yerine &#8220;erkek&#8221; yaz\u0131lm\u0131\u015f.<\/p>\n<p>Do\u011fum belgesindeki cinsiyetin d\u00fczeltilmesi i\u00e7in ek belgeler (t\u0131bbi ve okul belgeleri) gerekti.<\/p>\n<p><strong>Vaka 3.<\/strong><\/p>\n<p>M\u00fc\u015fterinin <strong>Tiflis ve G\u00fcrcistan&#8217;\u0131n di\u011fer \u015fehirlerinden i\u015f deneyimi kay\u0131tlar\u0131na<\/strong> ihtiyac\u0131 vard\u0131. Adalet Bakanl\u0131\u011f\u0131 ar\u015fivinde kay\u0131tlar bulunamad\u0131.<br \/><strong>\u00c7\u00f6z\u00fcm:<\/strong> M\u00fc\u015fterinin belirtti\u011fi t\u00fcm i\u015f yerleri ziyaret edildi. Birka\u00e7 sayfadan olu\u015fan belgenin birle\u015ftirilmesi reddedildi. G\u00fcrcistan&#8217;da bu normal bir uygulamad\u0131r. ANCAK yurtd\u0131\u015f\u0131nda bu \u015fekilde kabul edilmez.<br \/><strong>\u00c7\u00f6z\u00fcm:<\/strong> Apostil i\u00e7in ba\u015fvuru s\u0131ras\u0131nda sayfalar bir belge halinde birle\u015ftirildi (apostil al\u0131nd\u0131ktan sonra birle\u015ftirme yap\u0131ld\u0131).<\/p>\n<h2 class=\"wp-block-heading\">G\u00fcrcistan Telefon Numaras\u0131<\/h2>\n<p><strong>\u0130leti\u015fim Telefonu<\/strong><br \/>+373 67 666 333<\/p>\n<p><strong>\u00c7al\u0131\u015fma Saatleri<\/strong><br \/>Pazartesi\u2014Cuma: 9:00\u201317:00<\/p>\n","protected":false},"excerpt":{"rendered":"<p>Vaka 1. Hata: do\u011fum belgesinde \u0130nga yerine \u0130na yaz\u0131lm\u0131\u015f. 1966 y\u0131l\u0131nda G\u00fcrcistan&#8217;\u0131n Poti \u015fehrinde hatal\u0131 bir do\u011fum belgesi verildi. 1968 y\u0131l\u0131nda hatan\u0131n d\u00fczeltilmesi i\u00e7in tekrar N\u00fcfus M\u00fcd\u00fcrl\u00fc\u011f\u00fc&#8217;ne ba\u015fvuruldu. Hata d\u00fczeltilmi\u015f yeni bir do\u011fum belgesi al\u0131nd\u0131. Daha sonra bu yeni do\u011fum belgesi kayboldu (d\u00fczeltmelerin yap\u0131ld\u0131\u011f\u0131 kopya). 2021 y\u0131l\u0131nda, Rusya&#8217;da ya\u015fayan Donbasl\u0131 bir kad\u0131n bize yeni bir &#8230; <a title=\"G\u00fcrcistan&#8217;da belge talep etme. Uygulama\" class=\"read-more\" href=\"https:\/\/documents.ge\/tr\/gurcistanda-belge-talep-etme-uygulama\/\" aria-label=\"Read more about G\u00fcrcistan&#8217;da belge talep etme. Uygulama\">\u0427\u0438\u0442\u0430\u0442\u044c \u0434\u0430\u043b\u0435\u0435<\/a><\/p>\n","protected":false},"author":1,"featured_media":0,"parent":0,"menu_order":0,"comment_status":"closed","ping_status":"closed","template":"","meta":{"_acf_changed":false,"_monsterinsights_skip_tracking":false,"_monsterinsights_sitenote_active":false,"_monsterinsights_sitenote_note":"","_monsterinsights_sitenote_category":0,"footnotes":""},"yst_prominent_words":[],"class_list":["post-9","page","type-page","status-publish"],"acf":[],"_links":{"self":[{"href":"https:\/\/documents.ge\/tr\/wp-json\/wp\/v2\/pages\/9","targetHints":{"allow":["GET"]}}],"collection":[{"href":"https:\/\/documents.ge\/tr\/wp-json\/wp\/v2\/pages"}],"about":[{"href":"https:\/\/documents.ge\/tr\/wp-json\/wp\/v2\/types\/page"}],"author":[{"embeddable":true,"href":"https:\/\/documents.ge\/tr\/wp-json\/wp\/v2\/users\/1"}],"replies":[{"embeddable":true,"href":"https:\/\/documents.ge\/tr\/wp-json\/wp\/v2\/comments?post=9"}],"version-history":[{"count":0,"href":"https:\/\/documents.ge\/tr\/wp-json\/wp\/v2\/pages\/9\/revisions"}],"wp:attachment":[{"href":"https:\/\/documents.ge\/tr\/wp-json\/wp\/v2\/media?parent=9"}],"wp:term":[{"taxonomy":"yst_prominent_words","embeddable":true,"href":"https:\/\/documents.ge\/tr\/wp-json\/wp\/v2\/yst_prominent_words?post=9"}],"curies":[{"name":"wp","href":"https:\/\/api.w.org\/{rel}","templated":true}]}}